{"id":46438,"date":"2026-03-03T13:19:12","date_gmt":"2026-03-03T11:19:12","guid":{"rendered":"https:\/\/purama.lt\/produktas\/medica-group-pherostrong-naktiniai-feromonai-vyrams\/"},"modified":"2026-04-27T13:37:40","modified_gmt":"2026-04-27T11:37:40","slug":"pherostrong-nakts-feromoni-viriesiem","status":"publish","type":"product","link":"https:\/\/purama.lt\/lv\/produktas\/pherostrong-naktiniai-feromonai-vyrams\/","title":{"rendered":"PheroStrong nakts feromoni v\u012brie\u0161iem"},"content":{"rendered":"<p><strong>Izmanto\u0161ana<\/strong><br>Nelielu daudzumu izsmidziniet uz pulsa punktiem (plaukstas, kakls).<br>Izvair\u012bties no saskares ar ac\u012bm.<br>Tikai \u0101r\u0113jai lieto\u0161anai.<\/p>\n\n\n\n<p><strong>Sast\u0101vda\u013cas<\/strong><br>denat. alkohols, parfums, \u016bdens, kumar\u012bns, limon\u0113ns, alfa-izometiljonons, hidroksicitronel\u0101ls, linalols, ro\u017eu ketoni, kan\u0113lis, eugenols, citrals, dabiskais safrols.<\/p>","protected":false},"excerpt":{"rendered":"<p data-start=\"0\" data-end=\"534\"><span data-sheets-root=\"1\">Medica-group PheroStrong nakts feromoni v\u012brie\u0161iem -<\/span>\u00a0feromonu smar\u017eas v\u012brie\u0161iem ar intens\u012bv\u0101ku raksturu, kas rad\u012btas, lai rad\u012btu vakara atmosf\u0113ru un at\u0161\u0137ir\u012bgu iespaidu. Kompoz\u012bcij\u0101 apvienotas svaigas citrusaug\u013cu un arom\u0101tisk\u0101s notis ar silt\u0101ku, bag\u0101t\u012bg\u0101ku b\u0101zi, kas \u013cauj arom\u0101tam izv\u0113rsties sl\u0101\u0146os un ilg\u0101k saglab\u0101ties. K\u0101 papildu akcents, lai vairotu person\u012bgo p\u0101rliec\u012bbu un \u0161armu, formul\u0101 ir iestr\u0101d\u0101ts feromonu komplekss. Piem\u0113rots vakara tik\u0161an\u0101s reiz\u0113m, \u012bpa\u0161iem gad\u012bjumiem vai kad v\u0113laties izcelties.<\/p>\n<p data-start=\"536\" data-end=\"778\"><strong data-start=\"536\" data-end=\"559\">K\u0101p\u0113c izv\u0113l\u0113ties<\/strong><br data-start=\"559\" data-end=\"562\" \/><strong data-start=\"562\" data-end=\"568\">\u2714\ufe0f<\/strong> Intens\u012bvs arom\u0101ts vakara noska\u0146ojumam<br data-start=\"614\" data-end=\"617\" \/><strong data-start=\"617\" data-end=\"623\">\u2714\ufe0f<\/strong> Svaigu un siltu notu l\u012bdzsvars<br data-start=\"653\" data-end=\"656\" \/><strong data-start=\"656\" data-end=\"662\">\u2714\ufe0f<\/strong> Feromonu komplekss sast\u0101v\u0101<br data-start=\"696\" data-end=\"699\" \/><strong data-start=\"699\" data-end=\"705\">\u2714\ufe0f<\/strong> Ilg\u0101k notur\u012bgs arom\u0101ts<br data-start=\"731\" data-end=\"734\" \/><strong data-start=\"734\" data-end=\"740\">\u2714\ufe0f<\/strong> Piem\u0113rots \u012bpa\u0161iem gad\u012bjumiem un vakaram<\/p>","protected":false},"featured_media":46429,"comment_status":"open","ping_status":"closed","template":"","meta":{"_acf_changed":true},"product_brand":[],"product_cat":[276,277],"product_tag":[],"class_list":{"0":"post-46438","1":"product","2":"type-product","3":"status-publish","4":"has-post-thumbnail","6":"product_cat-seksualinei-sveikatai","7":"product_cat-vyrams","9":"first","10":"instock","11":"shipping-taxable","12":"purchasable","13":"product-type-simple"},"acf":[],"tiered_pricing_type":"fixed","tiered_pricing_fixed_rules":[],"tiered_pricing_product_settings":{"layout":"default","base_unit_name":{"singular":null,"plural":null},"default_variation":null},"tiered_pricing_minimum_quantity":null,"tiered_pricing_roles_data":[],"tiered_pricing_percentage_rules":[],"_links":{"self":[{"href":"https:\/\/purama.lt\/lv\/wp-json\/wp\/v2\/product\/46438","targetHints":{"allow":["GET"]}}],"collection":[{"href":"https:\/\/purama.lt\/lv\/wp-json\/wp\/v2\/product"}],"about":[{"href":"https:\/\/purama.lt\/lv\/wp-json\/wp\/v2\/types\/product"}],"replies":[{"embeddable":true,"href":"https:\/\/purama.lt\/lv\/wp-json\/wp\/v2\/comments?post=46438"}],"wp:featuredmedia":[{"embeddable":true,"href":"https:\/\/purama.lt\/lv\/wp-json\/wp\/v2\/media\/46429"}],"wp:attachment":[{"href":"https:\/\/purama.lt\/lv\/wp-json\/wp\/v2\/media?parent=46438"}],"wp:term":[{"taxonomy":"product_brand","embeddable":true,"href":"https:\/\/purama.lt\/lv\/wp-json\/wp\/v2\/product_brand?post=46438"},{"taxonomy":"product_cat","embeddable":true,"href":"https:\/\/purama.lt\/lv\/wp-json\/wp\/v2\/product_cat?post=46438"},{"taxonomy":"product_tag","embeddable":true,"href":"https:\/\/purama.lt\/lv\/wp-json\/wp\/v2\/product_tag?post=46438"}],"curies":[{"name":"wp","href":"https:\/\/api.w.org\/{rel}","templated":true}]}}