{"id":46437,"date":"2026-03-03T13:19:12","date_gmt":"2026-03-03T11:19:12","guid":{"rendered":"https:\/\/purama.lt\/produktas\/medica-group-pherostrong-naktiniai-feromonai-moterims\/"},"modified":"2026-04-02T13:13:57","modified_gmt":"2026-04-02T11:13:57","slug":"pherostrong-nakts-feromoni-sievietem","status":"publish","type":"product","link":"https:\/\/purama.lt\/lv\/produktas\/pherostrong-naktiniai-feromonai-moterims\/","title":{"rendered":"PheroStrong nakts feromoni sieviet\u0113m"},"content":{"rendered":"<p><strong>Izmanto\u0161ana<\/strong><br>Nelielu daudzumu izsmidziniet uz pulsa punktiem (plaukstas, kakls).<br>Izvair\u012bties no saskares ar ac\u012bm.<br>Tikai \u0101r\u0113jai lieto\u0161anai.<\/p>\n\n\n\n<p><strong>Sast\u0101vda\u013cas<\/strong><br>spirta denat.., parfum, aqua, benzil benzo\u0101ts, benzil salicil\u0101ts, kan\u0113\u013cspirts, citronelols, kumar\u012bns, dimetilfenilacet\u0101ts, geraniols, geranil acet\u0101ts, heksametilindanopir\u0101ns, heksilcinamols, hidroksicitronel\u0101ls, jasm\u012bnu e\u013c\u013ca\/ekstrakts, juniperus virginiana e\u013c\u013ca, limon\u0113ns, linalools, linalilacet\u0101ts, pin\u0113ns, ro\u017eu ketoni, ro\u017eu ziedu e\u013c\u013ca\/ekstrakts, tetrametil acetil acetiloctahidronaftal\u012bns, vanil\u012bns<\/p>\n\n\n\n<p><\/p>","protected":false},"excerpt":{"rendered":"<p data-start=\"0\" data-end=\"525\"><span data-sheets-root=\"1\">Medica-group PheroStrong nakts feromoni sieviet\u0113m -t<\/span>Intens\u012bv\u0101ks feromonu arom\u0101ts vakaram, kas paredz\u0113ts jutekliskuma un p\u0101rliec\u012bbas izcel\u0161anai. Arom\u0101ts atkl\u0101jas ar aug\u013cu un viegli pikant\u0101m not\u012bm, kas p\u0101riet bag\u0101t\u012bg\u0101 ziedu sird\u012b, bet pamatnot\u012bs saglab\u0101jas silti, saldi un kokaini akordi. L\u012bdzsvarota formula ar feromonu kompleksu, kas rad\u012bts k\u0101 papildu akcents person\u012bg\u0101 valdzin\u0101juma pastiprin\u0101\u0161anai. Arom\u0101ts ir izteiksm\u012bg\u0101ks un vair\u0101k piem\u0113rots vakaram vai \u012bpa\u0161iem gad\u012bjumiem.<\/p>\n<p data-start=\"527\" data-end=\"776\"><strong data-start=\"527\" data-end=\"550\">K\u0101p\u0113c izv\u0113l\u0113ties<\/strong><br data-start=\"550\" data-end=\"553\" \/><strong data-start=\"553\" data-end=\"559\">\u2714\ufe0f<\/strong> Intens\u012bv\u0101ks arom\u0101ts vakara noska\u0146ai<br data-start=\"608\" data-end=\"611\" \/><strong data-start=\"611\" data-end=\"617\">\u2714\ufe0f<\/strong> Aug\u013cu, ziedu un siltu notu kombin\u0101cija<br data-start=\"653\" data-end=\"656\" \/><strong data-start=\"656\" data-end=\"662\">\u2714\ufe0f<\/strong> Feromonu komplekss sast\u0101v\u0101<br data-start=\"696\" data-end=\"699\" \/><strong data-start=\"699\" data-end=\"705\">\u2714\ufe0f<\/strong> Ilgsto\u0161\u0101ka smar\u017eu b\u0101ze<br data-start=\"740\" data-end=\"743\" \/><strong data-start=\"743\" data-end=\"749\">\u2714\ufe0f<\/strong> Piem\u0113rots \u012bpa\u0161iem gad\u012bjumiem<\/p>","protected":false},"featured_media":46424,"comment_status":"open","ping_status":"closed","template":"","meta":{"_acf_changed":false},"product_brand":[],"product_cat":[276,278],"product_tag":[],"class_list":{"0":"post-46437","1":"product","2":"type-product","3":"status-publish","4":"has-post-thumbnail","6":"product_cat-seksualinei-sveikatai","7":"product_cat-moterims","9":"first","10":"instock","11":"shipping-taxable","12":"purchasable","13":"product-type-simple"},"acf":[],"tiered_pricing_type":"fixed","tiered_pricing_fixed_rules":[],"tiered_pricing_product_settings":{"layout":"default","base_unit_name":{"singular":null,"plural":null},"default_variation":null},"tiered_pricing_minimum_quantity":null,"tiered_pricing_roles_data":[],"tiered_pricing_percentage_rules":[],"_links":{"self":[{"href":"https:\/\/purama.lt\/lv\/wp-json\/wp\/v2\/product\/46437","targetHints":{"allow":["GET"]}}],"collection":[{"href":"https:\/\/purama.lt\/lv\/wp-json\/wp\/v2\/product"}],"about":[{"href":"https:\/\/purama.lt\/lv\/wp-json\/wp\/v2\/types\/product"}],"replies":[{"embeddable":true,"href":"https:\/\/purama.lt\/lv\/wp-json\/wp\/v2\/comments?post=46437"}],"wp:featuredmedia":[{"embeddable":true,"href":"https:\/\/purama.lt\/lv\/wp-json\/wp\/v2\/media\/46424"}],"wp:attachment":[{"href":"https:\/\/purama.lt\/lv\/wp-json\/wp\/v2\/media?parent=46437"}],"wp:term":[{"taxonomy":"product_brand","embeddable":true,"href":"https:\/\/purama.lt\/lv\/wp-json\/wp\/v2\/product_brand?post=46437"},{"taxonomy":"product_cat","embeddable":true,"href":"https:\/\/purama.lt\/lv\/wp-json\/wp\/v2\/product_cat?post=46437"},{"taxonomy":"product_tag","embeddable":true,"href":"https:\/\/purama.lt\/lv\/wp-json\/wp\/v2\/product_tag?post=46437"}],"curies":[{"name":"wp","href":"https:\/\/api.w.org\/{rel}","templated":true}]}}