{"id":46436,"date":"2026-03-03T13:19:11","date_gmt":"2026-03-03T11:19:11","guid":{"rendered":"https:\/\/purama.lt\/produktas\/medica-group-pherostrong-feromonai-moterims\/"},"modified":"2026-04-02T13:14:56","modified_gmt":"2026-04-02T11:14:56","slug":"pherostrong-feromoni-sievietem","status":"publish","type":"product","link":"https:\/\/purama.lt\/lv\/produktas\/pherostrong-feromonai-moterims\/","title":{"rendered":"PheroStrong feromoni sieviet\u0113m"},"content":{"rendered":"<p><strong>Izmanto\u0161ana<\/strong><br>Nelielu daudzumu izsmidziniet uz pulsa punktiem (plaukstas, kakla, aiz aus\u012bm).<br>Izvair\u012bties no saskares ar ac\u012bm.<br>Tikai \u0101r\u0113jai lieto\u0161anai.<\/p>\n\n\n\n<p><strong>Sast\u0101vda\u013cas<\/strong><br>denat. alkohols, parfum, aqua, cinnamal, citral, geraniol, limonene, linalool<\/p>","protected":false},"excerpt":{"rendered":"<p><span data-sheets-root=\"1\">Medica-group PheroStrong feromoni sieviet\u0113m<\/span>\u2013 ir sie smar\u017eiem bag\u0101tin\u0101tas sievie\u0161u smar\u017eas, kas rad\u012btas, lai izceltu dabisko \u0161armu un pa\u0161p\u0101rliecin\u0101t\u012bbu. Kompoz\u012bcija atveras ar atsvaidzino\u0161\u0101m citrusu not\u012bm, ko papildina maigi ziedu akordi un smalks silts pamats. Arom\u0101ts ir viegls, bet izteiksm\u012bgs \u2013 piem\u0113rots gan ikdienas lieto\u0161anai, gan \u012bpa\u0161iem gad\u012bjumiem. Feromonu komplekss ir integr\u0113ts smar\u017eu formul\u0101 k\u0101 papildu akcents, kas pal\u012bdz palielin\u0101t person\u012bgo pievilc\u012bbu. <\/p>\n<p>K\u0101p\u0113c izv\u0113l\u0113ties:<br \/>\u013boti smalks un sievi\u0161\u0137\u012bgs arom\u0101ts<br \/>\u2714\ufe0f Atsvaidzino\u0161as citrusu un ziedu arom\u0101ts<br \/>Feromonu komplekss sast\u0101v\u0101<br \/>\u2714\ufe0f Piem\u0113rots gan dienai, gan vakaram<br \/>\u2714\ufe0f \u0112rts izsmidzin\u0101ms form\u0101ts<\/p>","protected":false},"featured_media":46426,"comment_status":"open","ping_status":"closed","template":"","meta":{"_acf_changed":false},"product_brand":[],"product_cat":[276,278],"product_tag":[],"class_list":{"0":"post-46436","1":"product","2":"type-product","3":"status-publish","4":"has-post-thumbnail","6":"product_cat-seksualinei-sveikatai","7":"product_cat-moterims","9":"first","10":"instock","11":"shipping-taxable","12":"purchasable","13":"product-type-simple"},"acf":[],"tiered_pricing_type":"fixed","tiered_pricing_fixed_rules":[],"tiered_pricing_product_settings":{"layout":"default","base_unit_name":{"singular":null,"plural":null},"default_variation":null},"tiered_pricing_minimum_quantity":null,"tiered_pricing_roles_data":[],"tiered_pricing_percentage_rules":[],"_links":{"self":[{"href":"https:\/\/purama.lt\/lv\/wp-json\/wp\/v2\/product\/46436","targetHints":{"allow":["GET"]}}],"collection":[{"href":"https:\/\/purama.lt\/lv\/wp-json\/wp\/v2\/product"}],"about":[{"href":"https:\/\/purama.lt\/lv\/wp-json\/wp\/v2\/types\/product"}],"replies":[{"embeddable":true,"href":"https:\/\/purama.lt\/lv\/wp-json\/wp\/v2\/comments?post=46436"}],"wp:featuredmedia":[{"embeddable":true,"href":"https:\/\/purama.lt\/lv\/wp-json\/wp\/v2\/media\/46426"}],"wp:attachment":[{"href":"https:\/\/purama.lt\/lv\/wp-json\/wp\/v2\/media?parent=46436"}],"wp:term":[{"taxonomy":"product_brand","embeddable":true,"href":"https:\/\/purama.lt\/lv\/wp-json\/wp\/v2\/product_brand?post=46436"},{"taxonomy":"product_cat","embeddable":true,"href":"https:\/\/purama.lt\/lv\/wp-json\/wp\/v2\/product_cat?post=46436"},{"taxonomy":"product_tag","embeddable":true,"href":"https:\/\/purama.lt\/lv\/wp-json\/wp\/v2\/product_tag?post=46436"}],"curies":[{"name":"wp","href":"https:\/\/api.w.org\/{rel}","templated":true}]}}