{"id":46435,"date":"2026-03-03T13:19:09","date_gmt":"2026-03-03T11:19:09","guid":{"rendered":"https:\/\/purama.lt\/produktas\/medica-group-pherostrong-feromonai-vyrams\/"},"modified":"2026-04-02T13:15:36","modified_gmt":"2026-04-02T11:15:36","slug":"pherostrong-feromoni-viriesiem","status":"publish","type":"product","link":"https:\/\/purama.lt\/lv\/produktas\/pherostrong-feromonai-vyrams\/","title":{"rendered":"PheroStrong feromoni v\u012brie\u0161iem"},"content":{"rendered":"<p><strong>Izmanto\u0161ana<\/strong><br>Nelielu daudzumu izsmidziniet uz plaukstu loc\u012btav\u0101m, kakla vai aiz aus\u012bm.<br>Izvair\u012bties no saskares ar ac\u012bm.<br>Tikai \u0101r\u0113jai lieto\u0161anai.<\/p>\n\n\n\n<p><strong>Sast\u0101vda\u013cas<\/strong><br>spirta denat.., parfum, aqua, tetrametilacetilacetiltahidronaftal\u012bns, benzilsalicil\u0101ts, heksametilindanopir\u0101ns, limon\u0113ns, linalols, kumar\u012bns, linalilacet\u0101ts, citronelols, geraniols, alfa-izometiljonons, izoeugenilacet\u0101ts, pogostemona kabl\u012bna e\u013c\u013ca, vanil\u012bns, ro\u017eu ketoni, eugenols, metilsalicil\u0101ts, cinnamomum zeylanicum mizas e\u013c\u013ca, eugenia caryophyllus e\u013c\u013ca, pin\u0113ns, kan\u0113\u013ckoks, beta-kariofil\u0113ns, benzilspirts, eugenilacet\u0101ts, benzilbenzo\u0101ts, CI 42051, CI 47005, CI 14720.<\/p>\n\n\n\n<p><\/p>","protected":false},"excerpt":{"rendered":"<p data-start=\"0\" data-end=\"535\"><span data-sheets-root=\"1\">Medica-group PheroStrong feromoni v\u012brie\u0161iem<\/span>- ar feromoniem pies\u0101tin\u0101ts v\u012brie\u0161u arom\u0101ts, kas rad\u012bts, lai vairotu pa\u0161p\u0101rliecin\u0101t\u012bbu un atst\u0101tu neaizmirstamu iespaidu. Svaigas citrusaug\u013cu un arom\u0101tisk\u0101s notis apvienojas ar silt\u0101kiem koka arom\u0101tiem, radot smar\u017eu, kas piem\u0113rota gan ikdienai, gan \u012bpa\u0161iem gad\u012bjumiem. L\u012bdzsvarot\u0101 kompoz\u012bcija nodro\u0161ina svaigumu s\u0101kum\u0101 un dzi\u013c\u0101ku, ilg\u0101k notur\u012bgu b\u0101zi. Arom\u0101ta formul\u0101 ir iestr\u0101d\u0101ts feromonu komplekss k\u0101 smalks papildu akcents, kas pastiprina person\u012bgo \u0161armu.<\/p>\n<p data-start=\"537\" data-end=\"807\"><strong data-start=\"537\" data-end=\"560\">K\u0101p\u0113c izv\u0113l\u0113ties<\/strong><br data-start=\"560\" data-end=\"563\" \/><strong data-start=\"563\" data-end=\"569\">\u2714\ufe0f<\/strong> Svaigs, bet rakstur\u012bgs v\u012bri\u0161\u0137\u012bgs arom\u0101ts<br data-start=\"614\" data-end=\"617\" \/><strong data-start=\"617\" data-end=\"623\">\u2714\ufe0f<\/strong> Smalks feromonu komplekss sast\u0101v\u0101<br data-start=\"666\" data-end=\"669\" \/><strong data-start=\"669\" data-end=\"675\">\u2714\ufe0f<\/strong> Piem\u0113rots gan dien\u0101, gan vakar\u0101<br data-start=\"707\" data-end=\"710\" \/><strong data-start=\"710\" data-end=\"716\">\u2714\ufe0f<\/strong> Ilgsto\u0161\u0101ka smar\u017eu b\u0101ze<br data-start=\"751\" data-end=\"754\" \/><strong data-start=\"754\" data-end=\"760\">\u2714\ufe0f<\/strong> \u0112rta lieto\u0161ana, uzsmidzinot uz pulsa punktiem<\/p>","protected":false},"featured_media":46427,"comment_status":"open","ping_status":"closed","template":"","meta":{"_acf_changed":false},"product_brand":[],"product_cat":[276,277],"product_tag":[],"class_list":{"0":"post-46435","1":"product","2":"type-product","3":"status-publish","4":"has-post-thumbnail","6":"product_cat-seksualinei-sveikatai","7":"product_cat-vyrams","9":"first","10":"instock","11":"shipping-taxable","12":"purchasable","13":"product-type-simple"},"acf":[],"tiered_pricing_type":"fixed","tiered_pricing_fixed_rules":[],"tiered_pricing_product_settings":{"layout":"default","base_unit_name":{"singular":null,"plural":null},"default_variation":null},"tiered_pricing_minimum_quantity":null,"tiered_pricing_roles_data":[],"tiered_pricing_percentage_rules":[],"_links":{"self":[{"href":"https:\/\/purama.lt\/lv\/wp-json\/wp\/v2\/product\/46435","targetHints":{"allow":["GET"]}}],"collection":[{"href":"https:\/\/purama.lt\/lv\/wp-json\/wp\/v2\/product"}],"about":[{"href":"https:\/\/purama.lt\/lv\/wp-json\/wp\/v2\/types\/product"}],"replies":[{"embeddable":true,"href":"https:\/\/purama.lt\/lv\/wp-json\/wp\/v2\/comments?post=46435"}],"wp:featuredmedia":[{"embeddable":true,"href":"https:\/\/purama.lt\/lv\/wp-json\/wp\/v2\/media\/46427"}],"wp:attachment":[{"href":"https:\/\/purama.lt\/lv\/wp-json\/wp\/v2\/media?parent=46435"}],"wp:term":[{"taxonomy":"product_brand","embeddable":true,"href":"https:\/\/purama.lt\/lv\/wp-json\/wp\/v2\/product_brand?post=46435"},{"taxonomy":"product_cat","embeddable":true,"href":"https:\/\/purama.lt\/lv\/wp-json\/wp\/v2\/product_cat?post=46435"},{"taxonomy":"product_tag","embeddable":true,"href":"https:\/\/purama.lt\/lv\/wp-json\/wp\/v2\/product_tag?post=46435"}],"curies":[{"name":"wp","href":"https:\/\/api.w.org\/{rel}","templated":true}]}}