{"id":46121,"date":"2026-02-18T09:09:31","date_gmt":"2026-02-18T07:09:31","guid":{"rendered":"https:\/\/purama.lt\/produktas\/qed-smegenu-veiklai\/"},"modified":"2026-04-14T16:03:57","modified_gmt":"2026-04-14T14:03:57","slug":"qed-smadzenu-darbibai","status":"publish","type":"product","link":"https:\/\/purama.lt\/lv\/produktas\/qed-smegenu-veiklai\/","title":{"rendered":"QED smegen\u0173 stiprin\u0101t\u0101js"},"content":{"rendered":"<p><strong>Pat\u0113ri\u0146\u0161<\/strong><br>Lietojiet 2 kapsulas no r\u012bta vai dienas laik\u0101, uzdzerot \u016bdeni.<br>Lai rezult\u0101ti b\u016btu notur\u012bgi, ieteicams lietot regul\u0101ri.<br>Nep\u0101rsniegt ieteicamo dienas devu; uztura bag\u0101tin\u0101t\u0101ju nedr\u012bkst lietot k\u0101 p\u0101rtikas aizst\u0101j\u0113ju; nav paredz\u0113ts b\u0113rniem.<\/p>\n\n\n\n<p><strong>Sast\u0101vda\u013cas<\/strong><br>lauvas grivas (hericium erinaceus) s\u0113nes aug\u013c\u0137erme\u0146a ekstrakts, hol\u012bna bitartr\u0101ts, rodiola rosea ekstrakts (standartiz\u0113ts uz 3 % rozav\u012bnu un 1 % salidroz\u012bda), \u017ee\u0146\u0161e\u0146a (panax ginseng) ekstrakts (standartiz\u0113ts uz 5 % \u017ee\u0146ezenoz\u012bdu), fosfatidilser\u012bns (no saulespu\u0137u lecit\u012bna), hidroksipropilmetilceluloze (kapsulas apvalks), mikrokrist\u0101lisk\u0101 celuloze, B1 vitam\u012bns (tiam\u012bns), magnija stear\u0101ts, B6 vitam\u012bns (piridoksal-5-fosf\u0101ts), B9 vitam\u012bns (l-metilfol\u0101ts), B12 vitam\u012bns (metilkobalam\u012bns).<\/p>","protected":false},"excerpt":{"rendered":"<p data-start=\"0\" data-end=\"735\"><strong data-start=\"16\" data-end=\"43\">QED Brain Booster<\/strong> uztura bag\u0101tin\u0101t\u0101js, ko izstr\u0101d\u0101jis <strong data-start=\"70\" data-end=\"156\">konsekventa gar\u012bg\u0101 veiktsp\u0113ja, koncentr\u0113\u0161an\u0101s un ikdienas psiholo\u0123iskais l\u012bdzsvars.<\/strong> atbalsts. Formulas pamat\u0101 ir <strong data-start=\"193\" data-end=\"224\">B1, B6, B9 un B12 vitam\u012bni.<\/strong>, kas veicina <strong data-start=\"247\" data-end=\"283\">norm\u0101la nervu sist\u0113mas darb\u012bba<\/strong> un <strong data-start=\"287\" data-end=\"324\">norm\u0101las psiholo\u0123isk\u0101s funkcijas.<\/strong>. Kompleksu papildina <strong data-start=\"344\" data-end=\"356\">Hol\u012bns<\/strong> (lip\u012bdu un homociste\u012bna metabolisms un aknu darb\u012bba), <strong data-start=\"414\" data-end=\"435\">fosfatidilser\u012bns<\/strong> un augu izcelsmes sast\u0101vda\u013cas - <strong data-start=\"464\" data-end=\"487\">roz\u0101 rodiola<\/strong> un <strong data-start=\"492\" data-end=\"512\">\u017ee\u0146\u0161e\u0146s<\/strong> Tradicion\u0101li v\u0113rt\u0113ti izvilkumi kognit\u012bvo funkciju un atmi\u0146as atbalstam intens\u012bv\u0101 dz\u012bves ritm\u0101. Papildus iek\u013cauts <strong data-start=\"644\" data-end=\"680\">Lauvas kr\u0113pes s\u0113ne<\/strong> aug\u013c\u0137erme\u0146u ekstrakts - labi zin\u0101ms austrumu trad\u012bcij\u0101.<\/p>\n<p data-start=\"737\" data-end=\"1012\"><strong data-start=\"737\" data-end=\"760\">K\u0101p\u0113c izv\u0113l\u0113ties<\/strong><br data-start=\"760\" data-end=\"763\" \/><strong data-start=\"763\" data-end=\"769\">\u2714\ufe0f<\/strong> b vitam\u012bni nervu sist\u0113mai un psiholo\u0123iskaj\u0101m funkcij\u0101m.<br data-start=\"830\" data-end=\"833\" \/><strong data-start=\"833\" data-end=\"839\">\u2714\ufe0f<\/strong> hol\u012bns un fosfatidilser\u012bns ikdienas gar\u012bgajai aktivit\u0101tei.<br data-start=\"893\" data-end=\"896\" \/><strong data-start=\"896\" data-end=\"902\">\u2714\ufe0f<\/strong> Rhodiola un \u017ee\u0146\u0161e\u0146a ekstrakti intens\u012bvu periodu atbalstam<br data-start=\"964\" data-end=\"967\" \/><strong data-start=\"967\" data-end=\"973\">\u2714\ufe0f<\/strong> caursp\u012bd\u012bga formula bez liek\u0101m piedev\u0101m<\/p>","protected":false},"featured_media":46124,"comment_status":"open","ping_status":"closed","template":"","meta":{"_acf_changed":false},"product_brand":[495],"product_cat":[256,257,500,123,258],"product_tag":[],"class_list":{"0":"post-46121","1":"product","2":"type-product","3":"status-publish","4":"has-post-thumbnail","6":"product_brand-qed","7":"product_cat-smegenims-ir-atminciai","8":"product_cat-atmintis-ir-demesys","9":"product_cat-outlet","10":"product_cat-papildai-ilgaamziskumui","11":"product_cat-smegenu-apsauga","13":"first","14":"instock","15":"sale","16":"shipping-taxable","17":"purchasable","18":"product-type-simple"},"acf":[],"tiered_pricing_type":"fixed","tiered_pricing_fixed_rules":[],"tiered_pricing_product_settings":{"layout":"default","base_unit_name":{"singular":null,"plural":null},"default_variation":null},"tiered_pricing_minimum_quantity":null,"tiered_pricing_roles_data":[],"tiered_pricing_percentage_rules":[],"_links":{"self":[{"href":"https:\/\/purama.lt\/lv\/wp-json\/wp\/v2\/product\/46121","targetHints":{"allow":["GET"]}}],"collection":[{"href":"https:\/\/purama.lt\/lv\/wp-json\/wp\/v2\/product"}],"about":[{"href":"https:\/\/purama.lt\/lv\/wp-json\/wp\/v2\/types\/product"}],"replies":[{"embeddable":true,"href":"https:\/\/purama.lt\/lv\/wp-json\/wp\/v2\/comments?post=46121"}],"wp:featuredmedia":[{"embeddable":true,"href":"https:\/\/purama.lt\/lv\/wp-json\/wp\/v2\/media\/46124"}],"wp:attachment":[{"href":"https:\/\/purama.lt\/lv\/wp-json\/wp\/v2\/media?parent=46121"}],"wp:term":[{"taxonomy":"product_brand","embeddable":true,"href":"https:\/\/purama.lt\/lv\/wp-json\/wp\/v2\/product_brand?post=46121"},{"taxonomy":"product_cat","embeddable":true,"href":"https:\/\/purama.lt\/lv\/wp-json\/wp\/v2\/product_cat?post=46121"},{"taxonomy":"product_tag","embeddable":true,"href":"https:\/\/purama.lt\/lv\/wp-json\/wp\/v2\/product_tag?post=46121"}],"curies":[{"name":"wp","href":"https:\/\/api.w.org\/{rel}","templated":true}]}}