{"id":46120,"date":"2026-02-18T09:09:30","date_gmt":"2026-02-18T07:09:30","guid":{"rendered":"https:\/\/purama.lt\/produktas\/qed-nad-palaikymui\/"},"modified":"2026-03-30T18:49:16","modified_gmt":"2026-03-30T16:49:16","slug":"qed-par-atbalstu","status":"publish","type":"product","link":"https:\/\/purama.lt\/lv\/produktas\/qed-nad-palaikymui\/","title":{"rendered":"QED NAD+ atbalstam"},"content":{"rendered":"<p><strong>Pat\u0113ri\u0146\u0161<\/strong><br>Lietojiet 2 kapsulas no r\u012bta ar \u016bdeni<br>Nep\u0101rsniegt ieteicamo dienas devu; nav paredz\u0113ts b\u0113rniem.<br>Uztura bag\u0101tin\u0101t\u0101ju nedr\u012bkst lietot k\u0101 p\u0101rtikas aizst\u0101j\u0113ju; svar\u012bgs ir daudzveid\u012bgs un sabalans\u0113ts uzturs un vesel\u012bgs dz\u012bvesveids.<\/p>\n\n\n\n<p><strong>Sast\u0101vda\u013cas<\/strong><br>beta-nikot\u012bnam\u012bda aden\u012bna dinukleot\u012bds (nad+), nikot\u012bnam\u012bda ribos\u012bda hlor\u012bds, hidroksipropilmetilceluloze (kapsulas apvalks), mikrokrist\u0101lisk\u0101 celuloze, magnija stear\u0101ts.<\/p>","protected":false},"excerpt":{"rendered":"<p data-start=\"0\" data-end=\"755\"><strong data-start=\"16\" data-end=\"41\">QED NAD pastiprin\u0101t\u0101js<\/strong> uztura bag\u0101tin\u0101t\u0101js tiem, kuri v\u0113las m\u0113r\u0137tiec\u012bgi papildin\u0101t savu ikdienas re\u017e\u012bmu ar viel\u0101m, kas saist\u012btas ar <strong data-start=\"151\" data-end=\"173\">ener\u0123ijas vielmai\u0146a<\/strong>. Formula apvieno <strong data-start=\"194\" data-end=\"225\">nikot\u012bnam\u012bda ribos\u012bds (NR)<\/strong> un <strong data-start=\"229\" data-end=\"279\">beta-nikot\u012bnam\u012bda aden\u012bna dinukleot\u012bds (NAD\u207a)<\/strong>; t\u0101 k\u0101 NR ir <strong data-start=\"296\" data-end=\"327\">B3 vitam\u012bna (niac\u012bna) forma.<\/strong>, pamatojoties uz ofici\u0101li apstiprin\u0101t\u0101m niac\u012bna \u012bpa\u0161\u012bb\u0101m: pal\u012bdz uztur\u0113t <strong data-start=\"404\" data-end=\"435\">norm\u0101la ener\u0123ijas vielmai\u0146a<\/strong>, kas veicina <strong data-start=\"452\" data-end=\"488\">norm\u0101la nervu sist\u0113mas darb\u012bba<\/strong>, pal\u012bdzot uztur\u0113t <strong data-start=\"507\" data-end=\"541\">norm\u0101la psiholo\u0123isk\u0101 funkcija<\/strong> un pal\u012bdz <strong data-start=\"552\" data-end=\"593\">mazina noguruma un noguruma saj\u016btu.<\/strong>. Caursp\u012bd\u012bgs sast\u0101vs bez cukura un kr\u0101sviel\u0101m, \u0113rti lietojams no r\u012bta; 2 kapsulas vien\u0101 porcij\u0101 satur. <strong data-start=\"684\" data-end=\"699\">NAD\u207a 200 mg<\/strong> un <strong data-start=\"703\" data-end=\"716\">NR 150 mg<\/strong>.<\/p>\n<p data-start=\"757\" data-end=\"1075\"><strong data-start=\"757\" data-end=\"780\">K\u0101p\u0113c izv\u0113l\u0113ties<\/strong><br data-start=\"780\" data-end=\"783\" \/><strong data-start=\"783\" data-end=\"789\">\u2714\ufe0f<\/strong> nr (b3 vitam\u012bna forma) - ener\u0123ijas metabolismam, nervu sist\u0113mas un psiholo\u0123iskaj\u0101m funkcij\u0101m.<br data-start=\"877\" data-end=\"880\" \/><strong data-start=\"880\" data-end=\"886\">\u2714\ufe0f<\/strong> nad\u207a un nr kombin\u0101cija m\u0113r\u0137tiec\u012bgai ikdienas papildin\u0101\u0161anai<br data-start=\"938\" data-end=\"941\" \/><strong data-start=\"941\" data-end=\"947\">\u2714\ufe0f<\/strong> skaidri nor\u0101d\u012btas akt\u012bv\u0101s sast\u0101vda\u013cas porcij\u0101<br data-start=\"998\" data-end=\"1001\" \/><strong data-start=\"1001\" data-end=\"1007\">\u2714\ufe0f<\/strong> Caursp\u012bd\u012bgs sast\u0101vs bez cukura un kr\u0101sviel\u0101m<br data-start=\"1046\" data-end=\"1049\" \/><strong data-start=\"1049\" data-end=\"1055\">\u2714\ufe0f<\/strong> \u0112rts lieto\u0161anai no r\u012bta<\/p>","protected":false},"featured_media":46123,"comment_status":"open","ping_status":"closed","template":"","meta":{"_acf_changed":true},"product_brand":[495],"product_cat":[123,251,122,248,500,250],"product_tag":[],"class_list":{"0":"post-46120","1":"product","2":"type-product","3":"status-publish","4":"has-post-thumbnail","6":"product_brand-qed","7":"product_cat-papildai-ilgaamziskumui","8":"product_cat-antioksidantai","9":"product_cat-lasteliu-jaunystei","10":"product_cat-nad-ir-mitochondrijos","11":"product_cat-outlet","12":"product_cat-telomeru-ir-dnr-apsauga","14":"first","15":"instock","16":"sale","17":"featured","18":"shipping-taxable","19":"purchasable","20":"product-type-simple"},"acf":[],"tiered_pricing_type":"fixed","tiered_pricing_fixed_rules":[],"tiered_pricing_product_settings":{"layout":"default","base_unit_name":{"singular":null,"plural":null},"default_variation":null},"tiered_pricing_minimum_quantity":null,"tiered_pricing_roles_data":[],"tiered_pricing_percentage_rules":[],"_links":{"self":[{"href":"https:\/\/purama.lt\/lv\/wp-json\/wp\/v2\/product\/46120","targetHints":{"allow":["GET"]}}],"collection":[{"href":"https:\/\/purama.lt\/lv\/wp-json\/wp\/v2\/product"}],"about":[{"href":"https:\/\/purama.lt\/lv\/wp-json\/wp\/v2\/types\/product"}],"replies":[{"embeddable":true,"href":"https:\/\/purama.lt\/lv\/wp-json\/wp\/v2\/comments?post=46120"}],"wp:featuredmedia":[{"embeddable":true,"href":"https:\/\/purama.lt\/lv\/wp-json\/wp\/v2\/media\/46123"}],"wp:attachment":[{"href":"https:\/\/purama.lt\/lv\/wp-json\/wp\/v2\/media?parent=46120"}],"wp:term":[{"taxonomy":"product_brand","embeddable":true,"href":"https:\/\/purama.lt\/lv\/wp-json\/wp\/v2\/product_brand?post=46120"},{"taxonomy":"product_cat","embeddable":true,"href":"https:\/\/purama.lt\/lv\/wp-json\/wp\/v2\/product_cat?post=46120"},{"taxonomy":"product_tag","embeddable":true,"href":"https:\/\/purama.lt\/lv\/wp-json\/wp\/v2\/product_tag?post=46120"}],"curies":[{"name":"wp","href":"https:\/\/api.w.org\/{rel}","templated":true}]}}