{"id":46119,"date":"2026-02-18T09:09:29","date_gmt":"2026-02-18T07:09:29","guid":{"rendered":"https:\/\/purama.lt\/produktas\/qed-miego-kokybei\/"},"modified":"2026-04-14T16:07:28","modified_gmt":"2026-04-14T14:07:28","slug":"qed-miega-kvalitatei","status":"publish","type":"product","link":"https:\/\/purama.lt\/lv\/produktas\/qed-miego-kokybei\/","title":{"rendered":"QED Sleep miega kvalit\u0101tei"},"content":{"rendered":"<p><strong>Pat\u0113ri\u0146\u0161<\/strong><br>Lietojiet 2 kapsulas vakar\u0101 ar \u016bdeni<br>Ieteicams regul\u0101rai lieto\u0161anai<br>Nep\u0101rsniegt ieteicamo dienas devu; nav paredz\u0113ts b\u0113rniem.<\/p>\n\n\n\n<p><strong>Sast\u0101vda\u013cas<\/strong><br>magnija bisglicin\u0101ts, gaba (gamma-aminosviestsk\u0101be), hidroksipropilmetilceluloze (kapsulas apvalks), mikrokrist\u0101lisk\u0101 celuloze, apigen\u012bns (98 % standartiz\u0113ts kumel\u012b\u0161u ekstrakts), magnija stear\u0101ts.<\/p>","protected":false},"excerpt":{"rendered":"<p data-start=\"0\" data-end=\"716\"><strong data-start=\"16\" data-end=\"35\">QED miegs<\/strong> uztura bag\u0101tin\u0101t\u0101js, kas paredz\u0113ts vakara re\u017e\u012bma uzlabo\u0161anai. <strong data-start=\"84\" data-end=\"132\">vienm\u0113r\u012bgi \u201ep\u0101rsl\u0113gt\u201c \u0137ermeni atp\u016btas re\u017e\u012bm\u0101.<\/strong> bez m\u0101ksl\u012bgas stimul\u0101cijas. Formula apvieno <strong data-start=\"180\" data-end=\"213\">Magnijs (magnija bisglicin\u0101ts)<\/strong>, <strong data-start=\"215\" data-end=\"223\">gaba<\/strong> un <strong data-start=\"227\" data-end=\"264\">apigen\u012bns no kumel\u012b\u0161u ekstrakta<\/strong> - T\u0101 ir ide\u0101la kombin\u0101cija, kad p\u0113c saspringtas dienas v\u0113laties nomierin\u0101ties, bet pr\u0101ts v\u0113l aizvien mutu\u013co. Magnijs veicina <strong data-start=\"373\" data-end=\"409\">norm\u0101la nervu sist\u0113mas darb\u012bba<\/strong> un <strong data-start=\"413\" data-end=\"450\">norm\u0101las psiholo\u0123isk\u0101s funkcijas.<\/strong>, k\u0101 ar\u012b pal\u012bdz <strong data-start=\"468\" data-end=\"508\">mazina noguruma un noguruma saj\u016btu.<\/strong>. Papildin\u0101jums ir <strong data-start=\"523\" data-end=\"540\">bez melaton\u012bna<\/strong>, t\u0101p\u0113c tas ir \u0113rts tiem, kas mekl\u0113 maig\u0101ku vakara ritu\u0101lu. \u012ass neitr\u0101ls ieskats: <strong data-start=\"627\" data-end=\"651\">magnija bisglicin\u0101ts<\/strong> bie\u017ei vien tiek augstu v\u0113rt\u0113ta t\u0101s lab\u0101s panesam\u012bbas un biopieejam\u012bbas d\u0113\u013c.<\/p>\n<p data-start=\"718\" data-end=\"1025\"><strong data-start=\"718\" data-end=\"741\">K\u0101p\u0113c izv\u0113l\u0113ties<\/strong><br data-start=\"741\" data-end=\"744\" \/><strong data-start=\"744\" data-end=\"750\">\u2714\ufe0f<\/strong> bez melaton\u012bna - maigs vakara ritu\u0101ls<br data-start=\"790\" data-end=\"793\" \/><strong data-start=\"793\" data-end=\"799\">\u2714\ufe0f<\/strong> magnijs atbalsta nervu sist\u0113mas darb\u012bbu un psiholo\u0123isk\u0101s funkcijas.<br data-start=\"861\" data-end=\"864\" \/><strong data-start=\"864\" data-end=\"870\">\u2714\ufe0f<\/strong> pal\u012bdz mazin\u0101t noguruma un noguruma saj\u016btu.<br data-start=\"914\" data-end=\"917\" \/><strong data-start=\"917\" data-end=\"923\">\u2714\ufe0f<\/strong> gaba un apigen\u012bns - vakara miega re\u017e\u012bma uzlabo\u0161anai.<br data-start=\"972\" data-end=\"975\" \/><strong data-start=\"975\" data-end=\"981\">\u2714\ufe0f<\/strong> bez cukura, kr\u0101sviel\u0101m un nevajadz\u012bg\u0101m piedev\u0101m.<\/p>","protected":false},"featured_media":46128,"comment_status":"open","ping_status":"closed","template":"","meta":{"_acf_changed":false},"product_brand":[495],"product_cat":[271,500,123,269],"product_tag":[],"class_list":{"0":"post-46119","1":"product","2":"type-product","3":"status-publish","4":"has-post-thumbnail","6":"product_brand-qed","7":"product_cat-miego-kokybe","8":"product_cat-outlet","9":"product_cat-papildai-ilgaamziskumui","10":"product_cat-stresui-ir-miegui","12":"first","13":"instock","14":"sale","15":"shipping-taxable","16":"purchasable","17":"product-type-simple"},"acf":[],"tiered_pricing_type":"fixed","tiered_pricing_fixed_rules":[],"tiered_pricing_product_settings":{"layout":"default","base_unit_name":{"singular":null,"plural":null},"default_variation":null},"tiered_pricing_minimum_quantity":null,"tiered_pricing_roles_data":[],"tiered_pricing_percentage_rules":[],"_links":{"self":[{"href":"https:\/\/purama.lt\/lv\/wp-json\/wp\/v2\/product\/46119","targetHints":{"allow":["GET"]}}],"collection":[{"href":"https:\/\/purama.lt\/lv\/wp-json\/wp\/v2\/product"}],"about":[{"href":"https:\/\/purama.lt\/lv\/wp-json\/wp\/v2\/types\/product"}],"replies":[{"embeddable":true,"href":"https:\/\/purama.lt\/lv\/wp-json\/wp\/v2\/comments?post=46119"}],"wp:featuredmedia":[{"embeddable":true,"href":"https:\/\/purama.lt\/lv\/wp-json\/wp\/v2\/media\/46128"}],"wp:attachment":[{"href":"https:\/\/purama.lt\/lv\/wp-json\/wp\/v2\/media?parent=46119"}],"wp:term":[{"taxonomy":"product_brand","embeddable":true,"href":"https:\/\/purama.lt\/lv\/wp-json\/wp\/v2\/product_brand?post=46119"},{"taxonomy":"product_cat","embeddable":true,"href":"https:\/\/purama.lt\/lv\/wp-json\/wp\/v2\/product_cat?post=46119"},{"taxonomy":"product_tag","embeddable":true,"href":"https:\/\/purama.lt\/lv\/wp-json\/wp\/v2\/product_tag?post=46119"}],"curies":[{"name":"wp","href":"https:\/\/api.w.org\/{rel}","templated":true}]}}