{"id":46118,"date":"2026-02-18T09:09:28","date_gmt":"2026-02-18T07:09:28","guid":{"rendered":"https:\/\/purama.lt\/produktas\/qed-energijos-palaikymui\/"},"modified":"2026-03-30T18:49:16","modified_gmt":"2026-03-30T16:49:16","slug":"qed-energijas-atbalstam","status":"publish","type":"product","link":"https:\/\/purama.lt\/lv\/produktas\/qed-energijos-palaikymui\/","title":{"rendered":"QED Ener\u0123ijas atbalstam"},"content":{"rendered":"<p><strong>Pat\u0113ri\u0146\u0161<\/strong><br>Lietojiet 2 kapsulas no r\u012bta vai pirms aktivit\u0101tes, uzdzerot \u016bdeni.<br>Nep\u0101rsniegt ieteicamo dienas devu; uztura bag\u0101tin\u0101t\u0101ju nedr\u012bkst lietot k\u0101 p\u0101rtikas aizst\u0101j\u0113ju; glab\u0101t b\u0113rniem nepieejam\u0101 viet\u0101.<br>Ja esat gr\u016btniece, barojat b\u0113rnu ar kr\u016bti vai lietojat z\u0101les - pirms lieto\u0161anas konsult\u0113jieties ar \u0101rstu vai farmaceitu.<\/p>\n\n\n\n<p><strong>Sast\u0101vda\u013cas<\/strong><br>Cordyceps sinensis s\u0113nes aug\u013c\u0137erme\u0146a ekstrakts (standartiz\u0113ts l\u012bdz 30 % polisahar\u012bdu), camellia sinensis ekstrakts (standartiz\u0113ts l\u012bdz 98 % l-thean\u012bna), hidroksipropilmetilceluloze, mikrokrist\u0101lisk\u0101 celuloze, niacinam\u012bds (vitam\u012bns b3), piridoks\u012bna hidrohlor\u012bds (vitam\u012bns b6), magnija stear\u0101ts, cianokobalam\u012bns (vitam\u012bns b12).<\/p>","protected":false},"excerpt":{"rendered":"<p data-start=\"0\" data-end=\"613\"><strong data-start=\"16\" data-end=\"36\">QED Energy<\/strong> uztura bag\u0101tin\u0101t\u0101js ikdienas tempam, ja v\u0113laties, lai <strong data-start=\"83\" data-end=\"120\">vienm\u0113r\u012bga ener\u0123ija un koncentr\u0113\u0161an\u0101s.<\/strong> bez \u201ep\u0113k\u0161\u0146iem l\u0113cieniem\u201c. Formula apvieno <strong data-start=\"159\" data-end=\"181\">Cordyceps sinensis<\/strong> izraksts, <strong data-start=\"193\" data-end=\"227\">L-tean\u012bns no za\u013c\u0101s t\u0113jas<\/strong> un vitam\u012bni <strong data-start=\"241\" data-end=\"256\">B3, B6, B12<\/strong>, kas veicina <strong data-start=\"279\" data-end=\"312\">norm\u0101la ener\u0123ijas vielmai\u0146a<\/strong>, <strong data-start=\"314\" data-end=\"340\">nervu sist\u0113mas darb\u012bba<\/strong> un <strong data-start=\"344\" data-end=\"371\">psiholo\u0123isk\u0101s funkcijas<\/strong> uztur\u0113\u0161anu, un B12 pal\u012bdz samazin\u0101t <strong data-start=\"404\" data-end=\"436\">noguruma un noguruma saj\u016bta.<\/strong>. Bez cukura un m\u0101ksl\u012bg\u0101m kr\u0101sviel\u0101m - tikai m\u0113r\u0137tiec\u012bgas akt\u012bv\u0101s sast\u0101vda\u013cas, kas piem\u0113rotas pieaugu\u0161ajiem ar akt\u012bvu dz\u012bvesveidu.<\/p>\n<p data-start=\"615\" data-end=\"870\"><strong data-start=\"615\" data-end=\"638\">K\u0101p\u0113c izv\u0113l\u0113ties<\/strong><br data-start=\"638\" data-end=\"641\" \/><strong data-start=\"641\" data-end=\"647\">\u2714\ufe0f<\/strong> Kordicepss un l-thean\u012bna kombin\u0101cija vienm\u0113r\u012bg\u0101kam ikdienas ritmam.<br data-start=\"704\" data-end=\"707\" \/><strong data-start=\"707\" data-end=\"713\">\u2714\ufe0f<\/strong> b vitam\u012bni ener\u0123ijas vielmai\u0146ai un nervu sist\u0113mai.<br data-start=\"770\" data-end=\"773\" \/><strong data-start=\"773\" data-end=\"779\">\u2714\ufe0f<\/strong> b12 pal\u012bdz mazin\u0101t nogurumu un nesp\u0113ku<br data-start=\"827\" data-end=\"830\" \/><strong data-start=\"830\" data-end=\"836\">\u2714\ufe0f<\/strong> bez cukura, bez m\u0101ksl\u012bg\u0101m kr\u0101sviel\u0101m<\/p>","protected":false},"featured_media":46129,"comment_status":"open","ping_status":"closed","template":"","meta":{"_acf_changed":true},"product_brand":[495],"product_cat":[263,260,262,500,123],"product_tag":[],"class_list":{"0":"post-46118","1":"product","2":"type-product","3":"status-publish","4":"has-post-thumbnail","6":"product_brand-qed","7":"product_cat-fizine-istverme","8":"product_cat-energijai-ir-apykaitai","9":"product_cat-medziagu-apykaita","10":"product_cat-outlet","11":"product_cat-papildai-ilgaamziskumui","13":"first","14":"instock","15":"sale","16":"shipping-taxable","17":"purchasable","18":"product-type-simple"},"acf":[],"tiered_pricing_type":"fixed","tiered_pricing_fixed_rules":[],"tiered_pricing_product_settings":{"layout":"default","base_unit_name":{"singular":null,"plural":null},"default_variation":null},"tiered_pricing_minimum_quantity":null,"tiered_pricing_roles_data":[],"tiered_pricing_percentage_rules":[],"_links":{"self":[{"href":"https:\/\/purama.lt\/lv\/wp-json\/wp\/v2\/product\/46118","targetHints":{"allow":["GET"]}}],"collection":[{"href":"https:\/\/purama.lt\/lv\/wp-json\/wp\/v2\/product"}],"about":[{"href":"https:\/\/purama.lt\/lv\/wp-json\/wp\/v2\/types\/product"}],"replies":[{"embeddable":true,"href":"https:\/\/purama.lt\/lv\/wp-json\/wp\/v2\/comments?post=46118"}],"wp:featuredmedia":[{"embeddable":true,"href":"https:\/\/purama.lt\/lv\/wp-json\/wp\/v2\/media\/46129"}],"wp:attachment":[{"href":"https:\/\/purama.lt\/lv\/wp-json\/wp\/v2\/media?parent=46118"}],"wp:term":[{"taxonomy":"product_brand","embeddable":true,"href":"https:\/\/purama.lt\/lv\/wp-json\/wp\/v2\/product_brand?post=46118"},{"taxonomy":"product_cat","embeddable":true,"href":"https:\/\/purama.lt\/lv\/wp-json\/wp\/v2\/product_cat?post=46118"},{"taxonomy":"product_tag","embeddable":true,"href":"https:\/\/purama.lt\/lv\/wp-json\/wp\/v2\/product_tag?post=46118"}],"curies":[{"name":"wp","href":"https:\/\/api.w.org\/{rel}","templated":true}]}}