{"id":46094,"date":"2026-02-17T13:45:25","date_gmt":"2026-02-17T11:45:25","guid":{"rendered":"https:\/\/purama.lt\/?post_type=product&#038;p=46094"},"modified":"2026-04-05T12:57:06","modified_gmt":"2026-04-05T10:57:06","slug":"purama-vara-korpusa-blivejums","status":"publish","type":"product","link":"https:\/\/purama.lt\/lv\/produktas\/purama-varinis-kuno-sepetys\/","title":{"rendered":"Purama Copper \u0137erme\u0146a birste"},"content":{"rendered":"<p><strong>Izmanto\u0161ana<\/strong><br>S\u0101ciet ar sausu \u0101du (parasti pirms du\u0161as vai vakar\u0101 pirms vannas).<br>Skrub\u0113jiet ar gariem, vienm\u0113r\u012bgiem triepieniem virzien\u0101 uz sirdi, s\u0101kot no p\u0113d\u0101m; skrub\u0113jiet \u013coti maigi vai apejiet jut\u012bg\u0101s vietas.<br>P\u0113c apstr\u0101des nomazg\u0101jiet un uzkl\u0101jiet \u0137erme\u0146a e\u013c\u013cu\/kr\u0113mu; periodiski not\u012briet sari\u0146us un nemitriniet koka pamatni.<\/p>","protected":false},"excerpt":{"rendered":"<p data-start=\"0\" data-end=\"565\"><strong data-start=\"16\" data-end=\"48\">Vara \u0137erme\u0146a birste -<\/strong> Joniz\u0113ta vara \u0137erme\u0146a birste sausai p\u012blinga proced\u016brai, lai ikdienas ritu\u0101l\u0101 izl\u012bdzin\u0101tu un atjaunotu \u0101du. Regul\u0101ra lieto\u0161ana pal\u012bdz no\u0146emt atmiru\u0161\u0101s \u0101das \u0161\u016bnas, <strong data-start=\"215\" data-end=\"248\">uzlabo \u0101das maigumu<\/strong>, var veicin\u0101t <strong data-start=\"270\" data-end=\"297\">glud\u0101ka \u0101das tekst\u016bra<\/strong> un <strong data-start=\"301\" data-end=\"340\">samazina celul\u012bta paz\u012bmju redzam\u012bbu.<\/strong>, un kust\u012bbas sirds virzien\u0101 tradicion\u0101li tiek saist\u012btas ar limfas pl\u016bsmas un asinsrites stimul\u0113\u0161anu. Tiek uzskat\u012bts, ka berze starp vara sari\u0146iem un \u0101du rada negat\u012bvos jonus, kas ir unik\u0101ls \u0161\u012b sukas ritu\u0101la elements.<\/p>\n<p data-start=\"567\" data-end=\"904\"><strong data-start=\"567\" data-end=\"590\">K\u0101p\u0113c izv\u0113l\u0113ties<\/strong><br data-start=\"590\" data-end=\"593\" \/><strong data-start=\"593\" data-end=\"599\">\u2714\ufe0f<\/strong> Joniz\u0113ti vara sari\u0146i - j\u016bsu saus\u0101 skrubja rut\u012bnas izcil\u012bba<br data-start=\"674\" data-end=\"677\" \/><strong data-start=\"677\" data-end=\"683\">\u2714\ufe0f<\/strong> Piem\u0113rots sausai skrub\u0113\u0161anai pirms du\u0161as vai peldes.<br data-start=\"726\" data-end=\"729\" \/><strong data-start=\"729\" data-end=\"735\">\u2714\ufe0f<\/strong> pal\u012bdz p\u012blingot \u0101du un padara to gludu.<br data-start=\"784\" data-end=\"787\" \/><strong data-start=\"787\" data-end=\"793\">\u2714\ufe0f<\/strong> kust\u012bbas sirds virzien\u0101 - noder limfodren\u0101\u017eas tipa pa\u0161mas\u0101\u017eai.<br data-start=\"858\" data-end=\"861\" \/><strong data-start=\"861\" data-end=\"867\">\u2714\ufe0f<\/strong> viegli iek\u013caut ikdienas ritu\u0101l\u0101.<\/p>","protected":false},"featured_media":46095,"comment_status":"open","ping_status":"closed","template":"","meta":{"_acf_changed":false},"product_brand":[405],"product_cat":[92,57,382,300],"product_tag":[],"class_list":{"0":"post-46094","1":"product","2":"type-product","3":"status-publish","4":"has-post-thumbnail","6":"product_brand-purama","7":"product_cat-groziui","8":"product_cat-akcijos","9":"product_cat-kuno-sveitikliai","10":"product_cat-kunui","12":"first","13":"instock","14":"shipping-taxable","15":"purchasable","16":"product-type-simple"},"acf":[],"tiered_pricing_type":"fixed","tiered_pricing_fixed_rules":[],"tiered_pricing_product_settings":{"layout":"default","base_unit_name":{"singular":null,"plural":null},"default_variation":null},"tiered_pricing_minimum_quantity":null,"tiered_pricing_roles_data":[],"tiered_pricing_percentage_rules":[],"_links":{"self":[{"href":"https:\/\/purama.lt\/lv\/wp-json\/wp\/v2\/product\/46094","targetHints":{"allow":["GET"]}}],"collection":[{"href":"https:\/\/purama.lt\/lv\/wp-json\/wp\/v2\/product"}],"about":[{"href":"https:\/\/purama.lt\/lv\/wp-json\/wp\/v2\/types\/product"}],"replies":[{"embeddable":true,"href":"https:\/\/purama.lt\/lv\/wp-json\/wp\/v2\/comments?post=46094"}],"wp:featuredmedia":[{"embeddable":true,"href":"https:\/\/purama.lt\/lv\/wp-json\/wp\/v2\/media\/46095"}],"wp:attachment":[{"href":"https:\/\/purama.lt\/lv\/wp-json\/wp\/v2\/media?parent=46094"}],"wp:term":[{"taxonomy":"product_brand","embeddable":true,"href":"https:\/\/purama.lt\/lv\/wp-json\/wp\/v2\/product_brand?post=46094"},{"taxonomy":"product_cat","embeddable":true,"href":"https:\/\/purama.lt\/lv\/wp-json\/wp\/v2\/product_cat?post=46094"},{"taxonomy":"product_tag","embeddable":true,"href":"https:\/\/purama.lt\/lv\/wp-json\/wp\/v2\/product_tag?post=46094"}],"curies":[{"name":"wp","href":"https:\/\/api.w.org\/{rel}","templated":true}]}}