{"id":46090,"date":"2026-02-17T12:55:24","date_gmt":"2026-02-17T10:55:24","guid":{"rendered":"https:\/\/purama.lt\/?post_type=product&#038;p=46090"},"modified":"2026-03-10T11:20:52","modified_gmt":"2026-03-10T09:20:52","slug":"yesforlov-klitora-stimulejoss-gels","status":"publish","type":"product","link":"https:\/\/purama.lt\/lv\/produktas\/yesforlov-stimuliuojantis-gelis-klitoriui\/","title":{"rendered":"YESforLOV klitora stimul\u0113jo\u0161s gels"},"content":{"rendered":"<p><strong>Izmanto\u0161ana<\/strong><br>Uzkl\u0101jiet nelielu pilienu uz klitora zonas un maigi mas\u0113jiet (varat main\u012bt kust\u012bbas, spiedienu un ritmu).<br>Lietojiet p\u0113c vajadz\u012bbas pirms intimit\u0101tes vai t\u0101s laik\u0101<br>Izvairieties no saskares ar ac\u012bm; ja rodas kairin\u0101jums vai aler\u0123iska reakcija, p\u0101rtrauciet lieto\u0161anu.<\/p>\n\n\n\n<p><strong>Sast\u0101vda\u013cas<\/strong><br>\u016bdens (\u016bdens), diglicer\u012bns, piparm\u0113tras (mentha piperita) lapu \u016bdens, pentil\u0113nglikols, sklerotisk\u0101 sve\u0137u sve\u0137i, argin\u012bns, hidroksiacetofenons, stevia rebaudiana ekstrakts, butil\u0113nglikols, karbom\u0113rs, 1,2-heks\u0101ndiols, kaprilglikols, glicer\u012bns, Mentha piperita (piparm\u0113tru) e\u013c\u013ca, propil\u0113nglikols, citronsk\u0101be, rosa gallica ziedu ekstrakts, kigelia africana aug\u013cu ekstrakts, n\u0101trija benzo\u0101ts, k\u0101lija sorb\u0101ts, limon\u0113ns, panax ginseng saknes ekstrakts, n\u0101trija hidroks\u012bds, sorb\u012bnsk\u0101be, rosa damascena ziedu e\u013c\u013ca.<\/p>","protected":false},"excerpt":{"rendered":"<p data-start=\"0\" data-end=\"706\"><strong data-start=\"16\" data-end=\"63\">YESforLOV - uzbudino\u0161s gels klitoram<\/strong> maiga, koncentr\u0113ta stimul\u0113jo\u0161a int\u012bm\u0101 \u017eeleja, kas izstr\u0101d\u0101ta, lai <strong data-start=\"127\" data-end=\"147\">klitora zonai<\/strong> - lai piesk\u0101riens b\u016btu intens\u012bv\u0101ks un \u0101tr\u0101k \u201eiesl\u0113gtu\u201c uzbudin\u0101jumu. Formula nodro\u0161ina pat\u012bkamu <strong data-start=\"253\" data-end=\"270\">Siltums-dzes\u0113\u0161ana<\/strong> Tam ir svaigs piparm\u0113tru arom\u0101ts, tas viegli kl\u0101jas un nav lip\u012bgs. Piem\u0113rots gan vienatn\u0113, gan kop\u0101 ar partneri. <strong data-start=\"382\" data-end=\"433\">sader\u012bgs ar prezervat\u012bviem un seksa rota\u013cliet\u0101m<\/strong>, un t\u0101 pamat\u0101 ir liels dabiskas izcelsmes sast\u0101vda\u013cu \u012bpatsvars. \u012ass zin\u0101tniski neitr\u0101ls atbalsts: <strong data-start=\"533\" data-end=\"548\">l-argin\u012bns<\/strong> Kosm\u0113tik\u0101 tas bie\u017ei tiek saist\u012bts ar asins pl\u016bsmas saj\u016btu aktiviz\u0113\u0161anu (izmantojot sl\u0101pek\u013ca oks\u012bda sint\u0113zes ce\u013cu), t\u0101p\u0113c stimul\u0101cijas rezult\u0101t\u0101 var veicin\u0101t izteikt\u0101kas saj\u016btas.<\/p>\n<p data-start=\"708\" data-end=\"987\"><strong data-start=\"708\" data-end=\"731\">K\u0101p\u0113c izv\u0113l\u0113ties<\/strong><br data-start=\"731\" data-end=\"734\" \/><strong data-start=\"734\" data-end=\"740\">\u2714\ufe0f<\/strong> karstuma un v\u0113suma efekts intens\u012bv\u0101k\u0101m saj\u016bt\u0101m.<br data-start=\"788\" data-end=\"791\" \/><strong data-start=\"791\" data-end=\"797\">\u2714\ufe0f<\/strong> koncentr\u0113ta formula - pietiek ar nelielu pilienu<br data-start=\"841\" data-end=\"844\" \/><strong data-start=\"844\" data-end=\"850\">\u2714\ufe0f<\/strong> sader\u012bgs ar prezervat\u012bviem un seksa rota\u013cliet\u0101m<br data-start=\"898\" data-end=\"901\" \/><strong data-start=\"901\" data-end=\"907\">\u2714\ufe0f<\/strong> svaigs piparm\u0113tru arom\u0101ts un saj\u016bta<br data-start=\"945\" data-end=\"948\" \/><strong data-start=\"948\" data-end=\"954\">\u2714\ufe0f<\/strong> dermatolo\u0123iski p\u0101rbaud\u012bta formula<\/p>","protected":false},"featured_media":46091,"comment_status":"open","ping_status":"closed","template":"","meta":{"_acf_changed":true},"product_brand":[],"product_cat":[276,278],"product_tag":[],"class_list":{"0":"post-46090","1":"product","2":"type-product","3":"status-publish","4":"has-post-thumbnail","6":"product_cat-seksualinei-sveikatai","7":"product_cat-moterims","9":"first","10":"instock","11":"shipping-taxable","12":"purchasable","13":"product-type-simple"},"acf":[],"tiered_pricing_type":"fixed","tiered_pricing_fixed_rules":[],"tiered_pricing_product_settings":{"layout":"default","base_unit_name":{"singular":null,"plural":null},"default_variation":null},"tiered_pricing_minimum_quantity":null,"tiered_pricing_roles_data":[],"tiered_pricing_percentage_rules":[],"_links":{"self":[{"href":"https:\/\/purama.lt\/lv\/wp-json\/wp\/v2\/product\/46090","targetHints":{"allow":["GET"]}}],"collection":[{"href":"https:\/\/purama.lt\/lv\/wp-json\/wp\/v2\/product"}],"about":[{"href":"https:\/\/purama.lt\/lv\/wp-json\/wp\/v2\/types\/product"}],"replies":[{"embeddable":true,"href":"https:\/\/purama.lt\/lv\/wp-json\/wp\/v2\/comments?post=46090"}],"wp:featuredmedia":[{"embeddable":true,"href":"https:\/\/purama.lt\/lv\/wp-json\/wp\/v2\/media\/46091"}],"wp:attachment":[{"href":"https:\/\/purama.lt\/lv\/wp-json\/wp\/v2\/media?parent=46090"}],"wp:term":[{"taxonomy":"product_brand","embeddable":true,"href":"https:\/\/purama.lt\/lv\/wp-json\/wp\/v2\/product_brand?post=46090"},{"taxonomy":"product_cat","embeddable":true,"href":"https:\/\/purama.lt\/lv\/wp-json\/wp\/v2\/product_cat?post=46090"},{"taxonomy":"product_tag","embeddable":true,"href":"https:\/\/purama.lt\/lv\/wp-json\/wp\/v2\/product_tag?post=46090"}],"curies":[{"name":"wp","href":"https:\/\/api.w.org\/{rel}","templated":true}]}}