{"id":45726,"date":"2026-02-05T14:01:09","date_gmt":"2026-02-05T12:01:09","guid":{"rendered":"https:\/\/purama.lt\/?post_type=product&#038;p=45726"},"modified":"2026-04-23T07:24:34","modified_gmt":"2026-04-23T05:24:34","slug":"kera-queens-matu-izkrisanas-samazinasanas-un-augsanas-veicinasanas-aerosols","status":"publish","type":"product","link":"https:\/\/purama.lt\/lv\/produktas\/kera-queens-plauku-slinkimo-mazinimo-ir-augimo-skatinimo-purskiklis\/","title":{"rendered":"Kera Queen's Booster Capillaire pret matu izkri\u0161anu sprejs"},"content":{"rendered":"<p><strong>Izmanto\u0161ana<\/strong><br>Reizi dien\u0101 uz t\u012briem matiem (sausiem vai mitriem) 10 reizes izsmidziniet tie\u0161i uz galvas \u0101das pie sakn\u0113m.<br>Mas\u0113jiet ar ap\u013cveida kust\u012bb\u0101m apm\u0113ram 1 min\u016bti, neizskalojot.<br>Sadaliet lieko daudzumu pa visu matu garumu un veidojiet k\u0101 parasti.<\/p>\n\n\n\n<p><strong>Sast\u0101vda\u013cas<\/strong><br>\u016bdens, zingiber officinale saknes ekstrakts, cinnamomum cassia mizas ekstrakts, cedrus atlantica mizas e\u013c\u013ca, allium sativum s\u012bpolu ekstrakts, mentha piperita e\u013c\u013ca, benzilspirts, benzosk\u0101be, dehidroeti\u0137sk\u0101be, tokoferols, limon\u0113ns, linalols.<\/p>","protected":false},"excerpt":{"rendered":"<p data-start=\"0\" data-end=\"554\"><strong>Kera Queen's Intens\u012bvs Matu Sugu Pret Izslie\u0161anos<\/strong> \u2013 galvas \u0101das izsmidzin\u0101mais l\u012bdzeklis, paredz\u0113ts <strong data-start=\"119\" data-end=\"146\">samazina matu izkri\u0161anu<\/strong> un <strong data-start=\"150\" data-end=\"176\">veicina matu aug\u0161anu<\/strong>. Uzkl\u0101ts tie\u0161i pie sakn\u0113m, tas atsvaidzina galvas \u0101du, nepadarot matus smagus, un pal\u012bdz nostiprin\u0101t matu masas saj\u016btu. Dabisko ekstraktu un \u0113terisko e\u013c\u013cu (ingvera, piparm\u0113tras, \u0137iploku ekstrakta, ciedra e\u013c\u013cas) kombin\u0101cija toniz\u0113, att\u012bra un atsvaidzina, savuk\u0101rt E vitam\u012bns (tokoferols) darbojas k\u0101 antioksidants - bie\u017ei izmantots matu kop\u0161anas l\u012bdzek\u013cos.<\/p>\n<p data-start=\"556\" data-end=\"796\"><strong data-start=\"556\" data-end=\"579\">K\u0101p\u0113c izv\u0113l\u0113ties<\/strong><br data-start=\"579\" data-end=\"582\" \/><strong data-start=\"582\" data-end=\"588\">\u2714\ufe0f<\/strong> pal\u012bdz samazin\u0101t matu izkri\u0161anu<br data-start=\"619\" data-end=\"622\" \/><strong data-start=\"622\" data-end=\"628\">\u2714\ufe0f<\/strong> pal\u012bdz stimul\u0113t matu aug\u0161anu, regul\u0101ri lietojot<br data-start=\"681\" data-end=\"684\" \/><strong data-start=\"684\" data-end=\"690\">\u2714\ufe0f<\/strong> Izsmidziniet pie sakn\u0113m - \u0113rti retin\u0101tiem apgabaliem<br data-start=\"741\" data-end=\"744\" \/><strong data-start=\"744\" data-end=\"750\">\u2714\ufe0f<\/strong> viegla, nemazg\u0101jama tekst\u016bra, nepadarot matus smagus.<\/p>","protected":false},"featured_media":45727,"comment_status":"open","ping_status":"closed","template":"","meta":{"_acf_changed":false},"product_brand":[],"product_cat":[304,57,393,92,305],"product_tag":[],"class_list":{"0":"post-45726","1":"product","2":"type-product","3":"status-publish","4":"has-post-thumbnail","6":"product_cat-plaukams","7":"product_cat-akcijos","8":"product_cat-dovanu-idejos","9":"product_cat-groziui","10":"product_cat-plauku-serumai","12":"first","13":"instock","14":"sale","15":"shipping-taxable","16":"purchasable","17":"product-type-simple"},"acf":[],"tiered_pricing_type":"fixed","tiered_pricing_fixed_rules":[],"tiered_pricing_product_settings":{"layout":"default","base_unit_name":{"singular":null,"plural":null},"default_variation":null},"tiered_pricing_minimum_quantity":null,"tiered_pricing_roles_data":[],"tiered_pricing_percentage_rules":[],"_links":{"self":[{"href":"https:\/\/purama.lt\/lv\/wp-json\/wp\/v2\/product\/45726","targetHints":{"allow":["GET"]}}],"collection":[{"href":"https:\/\/purama.lt\/lv\/wp-json\/wp\/v2\/product"}],"about":[{"href":"https:\/\/purama.lt\/lv\/wp-json\/wp\/v2\/types\/product"}],"replies":[{"embeddable":true,"href":"https:\/\/purama.lt\/lv\/wp-json\/wp\/v2\/comments?post=45726"}],"wp:featuredmedia":[{"embeddable":true,"href":"https:\/\/purama.lt\/lv\/wp-json\/wp\/v2\/media\/45727"}],"wp:attachment":[{"href":"https:\/\/purama.lt\/lv\/wp-json\/wp\/v2\/media?parent=45726"}],"wp:term":[{"taxonomy":"product_brand","embeddable":true,"href":"https:\/\/purama.lt\/lv\/wp-json\/wp\/v2\/product_brand?post=45726"},{"taxonomy":"product_cat","embeddable":true,"href":"https:\/\/purama.lt\/lv\/wp-json\/wp\/v2\/product_cat?post=45726"},{"taxonomy":"product_tag","embeddable":true,"href":"https:\/\/purama.lt\/lv\/wp-json\/wp\/v2\/product_tag?post=45726"}],"curies":[{"name":"wp","href":"https:\/\/api.w.org\/{rel}","templated":true}]}}