{"id":45714,"date":"2026-02-05T13:12:01","date_gmt":"2026-02-05T11:12:01","guid":{"rendered":"https:\/\/purama.lt\/produktas\/mimi-ogliarola-dop-ypac-tyras-alyvuogiu-aliejus\/"},"modified":"2026-02-05T14:01:34","modified_gmt":"2026-02-05T12:01:34","slug":"mimi-ogliarola-dop-ipasi-tira-olivella","status":"publish","type":"product","link":"https:\/\/purama.lt\/lv\/produktas\/mimi-ogliarola-dop-ypac-tyras-alyvuogiu-aliejus\/","title":{"rendered":"Mimi Ogliarola DOP Extra virgin ol\u012bve\u013c\u013ca"},"content":{"rendered":"<p><strong>Izmanto\u0161ana<\/strong><br>Piem\u0113rots maigiem \u0113dieniem: sal\u0101tiem, ziv\u012bm (ar\u012b neapstr\u0101d\u0101t\u0101m vai tvaic\u0113t\u0101m), j\u016bras velt\u0113m, v\u0101r\u012btiem vai ceptiem d\u0101rze\u0146iem.<br>Izmantojiet k\u0101 nobeiguma piedevu jau pagatavotam \u0113dienam, lai izceltu gar\u0161u.<br>Glab\u0101t cie\u0161i nosl\u0113gtu tum\u0161\u0101 un v\u0113s\u0101 viet\u0101.<\/p>\n\n\n\n<p><strong>Sast\u0101vda\u013cas<\/strong><br>augst\u0101k\u0101 labuma neapstr\u0101d\u0101ta ol\u012bve\u013c\u013ca (Ogliarola barese ol\u012bvas)<\/p>","protected":false},"excerpt":{"rendered":"<p data-start=\"0\" data-end=\"635\"><strong data-start=\"16\" data-end=\"68\">Olio Mim\u00ec - Ogliarola DOP Extra Virgin Ol\u012bve\u013c\u013ca<\/strong> DOP sertific\u0113ta neapstr\u0101d\u0101ta augst\u0101k\u0101 labuma ol\u012bve\u013c\u013ca no <strong data-start=\"119\" data-end=\"139\">Ogliarola Barese<\/strong> ol\u012bvu \u0161\u0137irne, ko raksturo <strong data-start=\"172\" data-end=\"198\">gai\u0161i za\u013c\u0161 aug\u013cu<\/strong> profils un eleganta gar\u0161a. Arom\u0101ts atkl\u0101j <strong data-start=\"253\" data-end=\"268\">sal\u0101tu lapas<\/strong> un <strong data-start=\"273\" data-end=\"299\">svaigi nop\u013cauta z\u0101le<\/strong> notis, un gar\u0161\u0101 domin\u0113 <strong data-start=\"329\" data-end=\"348\">svaigas mandeles<\/strong> m\u0101jienu; r\u016bgtums un asums ir j\u016btams, bet <strong data-start=\"393\" data-end=\"409\">bilance<\/strong>. T\u0101 ir lieliska izv\u0113le, ja v\u0113laties maig\u0101ku, bet kvalitat\u012bvu e\u013c\u013cu ikdienas gar\u0161vielu pagatavo\u0161anai. <strong data-start=\"519\" data-end=\"541\">bag\u0101ti ar polifenoliem<\/strong> (613 mg\/kg), un to raksturo <strong data-start=\"566\" data-end=\"586\">zems sk\u0101buma l\u012bmenis<\/strong> (0,2 %).<\/p>\n<p data-start=\"637\" data-end=\"1159\"><strong data-start=\"637\" data-end=\"660\">K\u0101p\u0113c izv\u0113l\u0113ties<\/strong><br data-start=\"660\" data-end=\"663\" \/><strong data-start=\"663\" data-end=\"669\">\u2714\ufe0f<\/strong> DOP sertific\u0113ta izcelsme (Terra di Bari) <br data-start=\"746\" data-end=\"749\" \/><strong data-start=\"749\" data-end=\"755\">\u2714\ufe0f<\/strong> gai\u0161i za\u013c\u0161 aug\u013cu arom\u0101ts ar sal\u0101tu un nop\u013cautas z\u0101les not\u012bm. <br data-start=\"862\" data-end=\"865\" \/><strong data-start=\"865\" data-end=\"871\">\u2714\ufe0f<\/strong> gar\u0161a ir ar svaigu mande\u013cu piegar\u0161u. <br data-start=\"952\" data-end=\"955\" \/><strong data-start=\"955\" data-end=\"961\">\u2714\ufe0f<\/strong> l\u012bdzsvarots r\u016bgtums un maigs pikantums <br data-start=\"1040\" data-end=\"1043\" \/><strong data-start=\"1043\" data-end=\"1049\">\u2714\ufe0f<\/strong> bag\u0101ts ar polifenoliem, zema sk\u0101buma pak\u0101pe; pres\u0113ts neilgi p\u0113c ra\u017eas nov\u0101k\u0161anas<\/p>","protected":false},"featured_media":45717,"comment_status":"open","ping_status":"closed","template":"","meta":{"_acf_changed":true},"product_brand":[],"product_cat":[60,298],"product_tag":[],"class_list":{"0":"post-45714","1":"product","2":"type-product","3":"status-publish","4":"has-post-thumbnail","6":"product_cat-mitybai","7":"product_cat-sveikas-maistas","9":"first","10":"instock","11":"shipping-taxable","12":"purchasable","13":"product-type-simple"},"acf":[],"tiered_pricing_type":"fixed","tiered_pricing_fixed_rules":[],"tiered_pricing_product_settings":{"layout":"default","base_unit_name":{"singular":null,"plural":null},"default_variation":null},"tiered_pricing_minimum_quantity":null,"tiered_pricing_roles_data":[],"tiered_pricing_percentage_rules":[],"_links":{"self":[{"href":"https:\/\/purama.lt\/lv\/wp-json\/wp\/v2\/product\/45714","targetHints":{"allow":["GET"]}}],"collection":[{"href":"https:\/\/purama.lt\/lv\/wp-json\/wp\/v2\/product"}],"about":[{"href":"https:\/\/purama.lt\/lv\/wp-json\/wp\/v2\/types\/product"}],"replies":[{"embeddable":true,"href":"https:\/\/purama.lt\/lv\/wp-json\/wp\/v2\/comments?post=45714"}],"wp:featuredmedia":[{"embeddable":true,"href":"https:\/\/purama.lt\/lv\/wp-json\/wp\/v2\/media\/45717"}],"wp:attachment":[{"href":"https:\/\/purama.lt\/lv\/wp-json\/wp\/v2\/media?parent=45714"}],"wp:term":[{"taxonomy":"product_brand","embeddable":true,"href":"https:\/\/purama.lt\/lv\/wp-json\/wp\/v2\/product_brand?post=45714"},{"taxonomy":"product_cat","embeddable":true,"href":"https:\/\/purama.lt\/lv\/wp-json\/wp\/v2\/product_cat?post=45714"},{"taxonomy":"product_tag","embeddable":true,"href":"https:\/\/purama.lt\/lv\/wp-json\/wp\/v2\/product_tag?post=45714"}],"curies":[{"name":"wp","href":"https:\/\/api.w.org\/{rel}","templated":true}]}}