{"id":45713,"date":"2026-02-05T13:11:58","date_gmt":"2026-02-05T11:11:58","guid":{"rendered":"https:\/\/purama.lt\/produktas\/mimi-premium-peranzana-ypac-tyras-alyvuogiu-aliejus\/"},"modified":"2026-04-01T08:48:48","modified_gmt":"2026-04-01T06:48:48","slug":"mimi-premium-peranzana-neapstradata-augstaka-labuma-olivella","status":"publish","type":"product","link":"https:\/\/purama.lt\/lv\/produktas\/mimi-premium-peranzana-ypac-tyras-alyvuogiu-aliejus\/","title":{"rendered":"Mimi Premium PERANZANA Extra virgin ol\u012bve\u013c\u013ca"},"content":{"rendered":"<p><strong>Izmanto\u0161ana<\/strong><br>Tinka <strong>sal\u0101tiem<\/strong>, d\u0101rze\u0146u uzkodas (crudit\u00e8\/pinzimonio) un citi aukstie \u0113dieni<br>Lieliski sader ar <strong>zupas<\/strong>, <strong>gril\u0113ta zivs<\/strong> izmantojot <strong>balt\u0101 ga\u013ca<\/strong><br>Izmantojiet k\u0101 nobeiguma piedevu jau pagatavotam \u0113dienam.<\/p>\n\n\n\n<p><strong>Sast\u0101vda\u013cas<\/strong><br>neapstr\u0101d\u0101ta augst\u0101k\u0101 labuma ol\u012bve\u013c\u013ca (peranzana ol\u012bvas)<\/p>\n\n\n\n<p><\/p>","protected":false},"excerpt":{"rendered":"<p data-start=\"0\" data-end=\"593\"><strong data-start=\"16\" data-end=\"67\">Mimi \u2014 Extra Vird\u017e\u012bnas ol\u012bve\u013c\u013ca \"Peranzana\"<\/strong> tiek vienas veisl\u0117s ypa\u010d tyras alyvuogi\u0173 aliejus, vertinamas d\u0117l <strong data-start=\"132\" data-end=\"167\">sabalis\u0113ta, harmoniskas gar\u0161as<\/strong> ir \u0161varaus, augalinio aromato. Jis pasi\u017eymi <strong data-start=\"212\" data-end=\"236\">vidutinis vaisingumas<\/strong>, kop\u0101 <strong data-start=\"249\" data-end=\"291\">za\u013c\u0101 \u0101bola un tom\u0101tu lapu not\u012bm<\/strong>, r\u016bgtums un pikantiskums paliekas viegls, t\u0101p\u0113c e\u013c\u013cu ir \u0113rti lietot gan ikdien\u0101, gan \u0113dienu nobeig\u0161anai. \u0160\u012b e\u013c\u013ca tiek ra\u017eota no <strong data-start=\"431\" data-end=\"450\">100 % Peranzana<\/strong> ol\u012bvu, un nor\u0101d\u012bts <strong data-start=\"474\" data-end=\"499\">sk\u0101bums \u2013 0,24 %<\/strong>, kas rakstur\u012bgs kvalitat\u012bvai extra virgin ol\u012bve\u013c\u013cai.<\/p>\n<p data-start=\"595\" data-end=\"898\"><strong data-start=\"595\" data-end=\"618\">K\u0101p\u0113c izv\u0113l\u0113ties<\/strong><br data-start=\"618\" data-end=\"621\" \/><strong data-start=\"621\" data-end=\"627\">\u2714\ufe0f<\/strong> 100 % Peranzanas ol\u012bvas<br data-start=\"653\" data-end=\"656\" \/><strong data-start=\"656\" data-end=\"662\">\u2714\ufe0f<\/strong> Sabals\u0113ta un harmoniska gar\u0161a<br data-start=\"698\" data-end=\"701\" \/><strong data-start=\"701\" data-end=\"707\">\u2714\ufe0f<\/strong> Viegls r\u016bgtums un maiga pikantuma.<br data-start=\"749\" data-end=\"752\" \/><strong data-start=\"752\" data-end=\"758\">\u2714\ufe0f<\/strong> Piem\u0113rots sal\u0101tiem, d\u0101rze\u0146iem, ziv\u012bm un ga\u013cas \u0113dieniem<br data-start=\"813\" data-end=\"816\" \/><strong data-start=\"816\" data-end=\"822\">\u2714\ufe0f<\/strong>\u00a0 Zems sk\u0101bums \u2013 0,24 %<\/p>","protected":false},"featured_media":45721,"comment_status":"open","ping_status":"closed","template":"","meta":{"_acf_changed":true},"product_brand":[],"product_cat":[60,298],"product_tag":[],"class_list":{"0":"post-45713","1":"product","2":"type-product","3":"status-publish","4":"has-post-thumbnail","6":"product_cat-mitybai","7":"product_cat-sveikas-maistas","9":"first","10":"instock","11":"shipping-taxable","12":"purchasable","13":"product-type-simple"},"acf":[],"tiered_pricing_type":"fixed","tiered_pricing_fixed_rules":[],"tiered_pricing_product_settings":{"layout":"default","base_unit_name":{"singular":null,"plural":null},"default_variation":null},"tiered_pricing_minimum_quantity":null,"tiered_pricing_roles_data":[],"tiered_pricing_percentage_rules":[],"_links":{"self":[{"href":"https:\/\/purama.lt\/lv\/wp-json\/wp\/v2\/product\/45713","targetHints":{"allow":["GET"]}}],"collection":[{"href":"https:\/\/purama.lt\/lv\/wp-json\/wp\/v2\/product"}],"about":[{"href":"https:\/\/purama.lt\/lv\/wp-json\/wp\/v2\/types\/product"}],"replies":[{"embeddable":true,"href":"https:\/\/purama.lt\/lv\/wp-json\/wp\/v2\/comments?post=45713"}],"wp:featuredmedia":[{"embeddable":true,"href":"https:\/\/purama.lt\/lv\/wp-json\/wp\/v2\/media\/45721"}],"wp:attachment":[{"href":"https:\/\/purama.lt\/lv\/wp-json\/wp\/v2\/media?parent=45713"}],"wp:term":[{"taxonomy":"product_brand","embeddable":true,"href":"https:\/\/purama.lt\/lv\/wp-json\/wp\/v2\/product_brand?post=45713"},{"taxonomy":"product_cat","embeddable":true,"href":"https:\/\/purama.lt\/lv\/wp-json\/wp\/v2\/product_cat?post=45713"},{"taxonomy":"product_tag","embeddable":true,"href":"https:\/\/purama.lt\/lv\/wp-json\/wp\/v2\/product_tag?post=45713"}],"curies":[{"name":"wp","href":"https:\/\/api.w.org\/{rel}","templated":true}]}}