{"id":45631,"date":"2026-02-03T15:21:25","date_gmt":"2026-02-03T13:21:25","guid":{"rendered":"https:\/\/purama.lt\/produktas\/sapiens-3-menesiu-barzdos-augimo-kursas\/"},"modified":"2026-04-14T09:42:01","modified_gmt":"2026-04-14T07:42:01","slug":"sapiens-3-menesu-bardas-augsanas-kurss","status":"publish","type":"product","link":"https:\/\/purama.lt\/lv\/produktas\/sapiens-3-menesiu-barzdos-augimo-kursas\/","title":{"rendered":"SAPIENS 3 m\u0113ne\u0161u b\u0101rdas aug\u0161anas kurss"},"content":{"rendered":"<p><strong>Izmanto\u0161ana<\/strong><br>pirms un p\u0113c katras lieto\u0161anas reizes dezinfic\u0113jiet dermarolleri.<br>uz t\u012bras \u0101das, maigi p\u0101rkl\u0101t m\u0113r\u0137zonas, p\u0113c tam uzkl\u0101t da\u017eus pilienus seruma un mas\u0113t, l\u012bdz tas ies\u016bcas.<br>dermarolleri lietot ik p\u0113c ~5 dien\u0101m (1-2 reizes dien\u0101), serumu - katru dienu; person\u012bgs l\u012bdzeklis, nelietot uz kairin\u0101tas, boj\u0101tas vai infic\u0113tas \u0101das.<\/p>\n\n\n\n<p><strong>Sast\u0101vda\u013cas<\/strong><br>aqua (\u016bdens), glicer\u012bns, izomalts, kurkuma (kurkuma) saknes ekstrakts, biot\u012bns, alvejas (aloe barbadensis) lapu sulas pulveris, bioflavono\u012bdi, n\u0101trija benzo\u0101ts, levul\u012bnsk\u0101be, ksant\u0101na sve\u0137i, spirts, pentil\u0113nglikols, n\u0101trija hialuron\u0101ts, n\u0101trija levulin\u0101ts, citronsk\u0101be, pisum sativum (zir\u0146u) d\u012bgstu ekstrakts, f\u012bt\u012bnsk\u0101be.<\/p>","protected":false},"excerpt":{"rendered":"<p data-start=\"0\" data-end=\"854\"><strong data-start=\"16\" data-end=\"57\">Sapiens - B\u0101rdas aug\u0161anas komplekts - 3 m\u0113ne\u0161i<\/strong> tas ir b\u0101rdas sabiez\u0113\u0161anas komplekts ar dermarolleri un m\u0113r\u0137tiec\u012bgu serumu, lai \u0101rst\u0113tu izretin\u0101tas zonas un vizu\u0101li izl\u012bdzin\u0101tu b\u0101rdas l\u012bniju. Dermarolleris ar <strong data-start=\"222\" data-end=\"252\">0,5 mm tit\u0101na mikrokniedes<\/strong> maigi stimul\u0113 \u0101du un var <strong data-start=\"286\" data-end=\"330\">uzlabo seruma izplat\u012b\u0161anos\/absorbciju<\/strong>, un serumu ar izv\u0113l\u0113t\u0101m akt\u012bvaj\u0101m sast\u0101vda\u013c\u0101m (piem, <strong data-start=\"390\" data-end=\"475\">Biot\u012bns, kurkuma saknes ekstrakts, zir\u0146u s\u0113klu ekstrakts, hialuronsk\u0101be<\/strong>) pal\u012bdz kopt matus no sakn\u0113m l\u012bdz galiem. Komplekts ir \u0113rts, lai nodro\u0161in\u0101tu p\u0101rskat\u0101mu matu kop\u0161anas rut\u012bnu: <strong data-start=\"561\" data-end=\"598\">dezinfekcijas aerosols higi\u0113nai<\/strong>, dermarolleris m\u0113r\u0137a zon\u0101m, serums ikdienas lieto\u0161anai. Mikrokan\u0101li tiek pla\u0161i izmantoti \u0101das kop\u0161an\u0101 - mikrokan\u0101li var pal\u012bdz\u0113t aktu\u0101lajiem produktiem iedarboties efekt\u012bv\u0101k, ja tos izmanto maigi un higi\u0113niski.<\/p>\n<p data-start=\"856\" data-end=\"1161\"><strong data-start=\"856\" data-end=\"879\">K\u0101p\u0113c izv\u0113l\u0113ties<\/strong><br data-start=\"879\" data-end=\"882\" \/><strong data-start=\"882\" data-end=\"888\">\u2714\ufe0f<\/strong> dermarolleris ar 0,5 mm tit\u0101na mikro\u0161\u013cir\u0101m m\u0113r\u0137tiec\u012bgai stimul\u0101cijai.<br data-start=\"955\" data-end=\"958\" \/><strong data-start=\"958\" data-end=\"964\">\u2714\ufe0f<\/strong> serums ar atlas\u012bt\u0101m akt\u012bvaj\u0101m sast\u0101vda\u013c\u0101m ikdienas b\u0101rdas kop\u0161anai<br data-start=\"1038\" data-end=\"1041\" \/><strong data-start=\"1041\" data-end=\"1047\">\u2714\ufe0f<\/strong> dezinfekcijas aerosols higi\u0113nas lieto\u0161anai<br data-start=\"1095\" data-end=\"1098\" \/><strong data-start=\"1098\" data-end=\"1104\">\u2714\ufe0f<\/strong> \u0112rta proced\u016bra: dermarolleris 1-2 reizes dien\u0101.<\/p>","protected":false},"featured_media":45636,"comment_status":"open","ping_status":"closed","template":"","meta":{"_acf_changed":false},"product_brand":[],"product_cat":[92,304],"product_tag":[],"class_list":{"0":"post-45631","1":"product","2":"type-product","3":"status-publish","4":"has-post-thumbnail","6":"product_cat-groziui","7":"product_cat-plaukams","9":"first","10":"instock","11":"shipping-taxable","12":"purchasable","13":"product-type-simple"},"acf":[],"tiered_pricing_type":"fixed","tiered_pricing_fixed_rules":[],"tiered_pricing_product_settings":{"layout":"default","base_unit_name":{"singular":null,"plural":null},"default_variation":null},"tiered_pricing_minimum_quantity":null,"tiered_pricing_roles_data":[],"tiered_pricing_percentage_rules":[],"_links":{"self":[{"href":"https:\/\/purama.lt\/lv\/wp-json\/wp\/v2\/product\/45631","targetHints":{"allow":["GET"]}}],"collection":[{"href":"https:\/\/purama.lt\/lv\/wp-json\/wp\/v2\/product"}],"about":[{"href":"https:\/\/purama.lt\/lv\/wp-json\/wp\/v2\/types\/product"}],"replies":[{"embeddable":true,"href":"https:\/\/purama.lt\/lv\/wp-json\/wp\/v2\/comments?post=45631"}],"wp:featuredmedia":[{"embeddable":true,"href":"https:\/\/purama.lt\/lv\/wp-json\/wp\/v2\/media\/45636"}],"wp:attachment":[{"href":"https:\/\/purama.lt\/lv\/wp-json\/wp\/v2\/media?parent=45631"}],"wp:term":[{"taxonomy":"product_brand","embeddable":true,"href":"https:\/\/purama.lt\/lv\/wp-json\/wp\/v2\/product_brand?post=45631"},{"taxonomy":"product_cat","embeddable":true,"href":"https:\/\/purama.lt\/lv\/wp-json\/wp\/v2\/product_cat?post=45631"},{"taxonomy":"product_tag","embeddable":true,"href":"https:\/\/purama.lt\/lv\/wp-json\/wp\/v2\/product_tag?post=45631"}],"curies":[{"name":"wp","href":"https:\/\/api.w.org\/{rel}","templated":true}]}}