{"id":45630,"date":"2026-02-03T15:21:24","date_gmt":"2026-02-03T13:21:24","guid":{"rendered":"https:\/\/purama.lt\/produktas\/sapiens-3-menesiu-kursas-nuo-plauku-slinkimo\/"},"modified":"2026-04-14T18:42:49","modified_gmt":"2026-04-14T16:42:49","slug":"sapiens-3-menesu-kurss-pret-matu-izkrisanu","status":"publish","type":"product","link":"https:\/\/purama.lt\/lv\/produktas\/sapiens-3-menesiu-kursas-nuo-plauku-slinkimo\/","title":{"rendered":"SAPIENS 3 m\u0113ne\u0161u kurss pret matu izkri\u0161anu"},"content":{"rendered":"<p><strong>Izmanto\u0161ana<\/strong><br>sken\u0113jiet QR kodu uz iepakojuma, lai sa\u0146emtu video instrukcijas.<br>Uzkl\u0101jiet serumu uz t\u012bras galvas \u0101das un maigi iemas\u0113jiet; izmantojiet dermarolleri saska\u0146\u0101 ar ieteikto proced\u016bru (parasti 1-2 reizes dien\u0101).<br>Izvairieties no saskares ar ac\u012bm<\/p>\n\n\n\n<p><strong>Sast\u0101vda\u013cas<\/strong><br>aqua (\u016bdens), glicer\u012bns, izomalts, kurkuma (kurkuma) saknes ekstrakts, bioflavono\u012bdi, pisum sativum (zir\u0146u) asnu ekstrakts, pentil\u0113nglikols, biot\u012bns, alvejas (aloe barbadensis) lapu sulas pulveris, ksant\u0101na sve\u0137i, n\u0101trija benzo\u0101ts, levul\u012bnsk\u0101be, fit\u012bnsk\u0101be, spirts, n\u0101trija hialuron\u0101ts, n\u0101trija levulin\u0101ts, citronsk\u0101be.<\/p>\n\n\n\n<p><\/p>\n\n\n\n<p><\/p>\n\n\n\n<p><\/p>","protected":false},"excerpt":{"rendered":"<p data-start=\"0\" data-end=\"588\"><strong data-start=\"16\" data-end=\"65\">Sapiens - matu izkri\u0161anas profilakses komplekts - 3 m\u0113ne\u0161i<\/strong> ir galvas \u0101das un matu kop\u0161anas komplekts, kas apvieno dermarolleri un m\u0113r\u0137tiec\u012bgu serumu j\u016bsu ikdienas rut\u012bnai. Seruma pamat\u0101 ir mitrino\u0161as un \u0101du barojo\u0161as sast\u0101vda\u013cas, piem\u0113ram. <strong data-start=\"259\" data-end=\"280\">hialuronsk\u0101be<\/strong>, <strong data-start=\"282\" data-end=\"303\">alvejas pulveris<\/strong>, <strong data-start=\"305\" data-end=\"317\">biot\u012bns<\/strong>, <strong data-start=\"319\" data-end=\"352\">Kurkuma saknes ekstrakts<\/strong> un <strong data-start=\"356\" data-end=\"383\">Zir\u0146u asnu ekstrakts<\/strong>, Dermarolleris pal\u012bdz maigi stimul\u0113t galvas \u0101du un var uzlabot produktu izplat\u012b\u0161anos. Formula ir deklar\u0113ta k\u0101 <strong data-start=\"508\" data-end=\"536\">99,4 Dabiskas izcelsmes %<\/strong>, un \u0161is komplekts nodro\u0161ina skaidru un \u0113rtu ikdienas darbu m\u0101j\u0101s.<\/p>\n<p data-start=\"590\" data-end=\"888\"><strong data-start=\"590\" data-end=\"613\">K\u0101p\u0113c izv\u0113l\u0113ties<\/strong><br data-start=\"613\" data-end=\"616\" \/><strong data-start=\"616\" data-end=\"622\">\u2714\ufe0f<\/strong> dermarolleris + serums vien\u0101 vienk\u0101r\u0161\u0101 proced\u016br\u0101<br data-start=\"673\" data-end=\"676\" \/><strong data-start=\"676\" data-end=\"682\">\u2714\ufe0f<\/strong> 99,4 % dabiskas izcelsmes seruma formula<br data-start=\"722\" data-end=\"725\" \/><strong data-start=\"725\" data-end=\"731\">\u2714\ufe0f<\/strong> ar biot\u012bnu, alveju un hialuronsk\u0101bi ikdienas galvas \u0101das kop\u0161anai.<br data-start=\"806\" data-end=\"809\" \/><strong data-start=\"809\" data-end=\"815\">\u2714\ufe0f<\/strong> ar kurkuma saknes un zir\u0146u asnu ekstraktiem m\u0113r\u0137tiec\u012bgai kop\u0161anai.<\/p>","protected":false},"featured_media":45639,"comment_status":"open","ping_status":"closed","template":"","meta":{"_acf_changed":false},"product_brand":[],"product_cat":[92,304],"product_tag":[],"class_list":{"0":"post-45630","1":"product","2":"type-product","3":"status-publish","4":"has-post-thumbnail","6":"product_cat-groziui","7":"product_cat-plaukams","9":"first","10":"instock","11":"shipping-taxable","12":"purchasable","13":"product-type-simple"},"acf":[],"tiered_pricing_type":"fixed","tiered_pricing_fixed_rules":[],"tiered_pricing_product_settings":{"layout":"default","base_unit_name":{"singular":null,"plural":null},"default_variation":null},"tiered_pricing_minimum_quantity":null,"tiered_pricing_roles_data":[],"tiered_pricing_percentage_rules":[],"_links":{"self":[{"href":"https:\/\/purama.lt\/lv\/wp-json\/wp\/v2\/product\/45630","targetHints":{"allow":["GET"]}}],"collection":[{"href":"https:\/\/purama.lt\/lv\/wp-json\/wp\/v2\/product"}],"about":[{"href":"https:\/\/purama.lt\/lv\/wp-json\/wp\/v2\/types\/product"}],"replies":[{"embeddable":true,"href":"https:\/\/purama.lt\/lv\/wp-json\/wp\/v2\/comments?post=45630"}],"wp:featuredmedia":[{"embeddable":true,"href":"https:\/\/purama.lt\/lv\/wp-json\/wp\/v2\/media\/45639"}],"wp:attachment":[{"href":"https:\/\/purama.lt\/lv\/wp-json\/wp\/v2\/media?parent=45630"}],"wp:term":[{"taxonomy":"product_brand","embeddable":true,"href":"https:\/\/purama.lt\/lv\/wp-json\/wp\/v2\/product_brand?post=45630"},{"taxonomy":"product_cat","embeddable":true,"href":"https:\/\/purama.lt\/lv\/wp-json\/wp\/v2\/product_cat?post=45630"},{"taxonomy":"product_tag","embeddable":true,"href":"https:\/\/purama.lt\/lv\/wp-json\/wp\/v2\/product_tag?post=45630"}],"curies":[{"name":"wp","href":"https:\/\/api.w.org\/{rel}","templated":true}]}}