{"id":45596,"date":"2026-02-03T14:20:29","date_gmt":"2026-02-03T12:20:29","guid":{"rendered":"https:\/\/purama.lt\/produktas\/frank-fruities-maisto-papildas-odai-plaukams-nagams\/"},"modified":"2026-02-24T14:19:24","modified_gmt":"2026-02-24T12:19:24","slug":"frank-fruities-uztura-bagatinatajs-adai-matiem-nagiem","status":"publish","type":"product","link":"https:\/\/purama.lt\/lv\/produktas\/frank-fruities-maisto-papildas-odai-plaukams-nagams\/","title":{"rendered":"Frank Fruities Uztura bag\u0101tin\u0101t\u0101js \u0101dai, matiem un nagiem"},"content":{"rendered":"<p><strong>Pat\u0113ri\u0146\u0161<\/strong><br>3 gumijas dien\u0101<br>nep\u0101rsniegt ieteicamo dienas devu, glab\u0101t b\u0113rniem nepieejam\u0101 viet\u0101.<br>gr\u016btniec\u012bbas vai z\u012bd\u012b\u0161anas laik\u0101 - pirms lieto\u0161anas konsult\u0113jieties ar vesel\u012bbas apr\u016bpes speci\u0101listu.<\/p>\n\n\n\n<p><strong>Sast\u0101vda\u013cas<\/strong><br>\u0101bolu sulas koncentr\u0101ts (64,5 %), persiku bieze\u0146a koncentr\u0101ts (25 %), mango bieze\u0146a koncentr\u0101ts (3.5 %), citrusaug\u013cu \u0161\u0137iedrvielas, \u017eelatiniz\u0113jo\u0161a viela (pekt\u012bns), citronu sulas koncentr\u0101ts, pasifloru sulas koncentr\u0101ts, vitam\u012bnu un miner\u0101lvielu mais\u012bjums (beta-karot\u012bns, piridoks\u012bna hidrohlor\u012bds, dzelzs (ii) citr\u0101ts), dl-alfa-tokoferilacet\u0101ts, tiam\u012bna hidrohlor\u012bds, cianokobalam\u012bns, nikot\u012bnam\u012bds, k\u0101lija jod\u012bds, holekalciferols, d-biot\u012bns, kalcija D-pantoten\u0101ts, cinka sulf\u0101ts, vara (ii) sulf\u0101ts).<\/p>","protected":false},"excerpt":{"rendered":"<p data-start=\"0\" data-end=\"486\"><strong data-start=\"16\" data-end=\"55\">Frank Fruities - \u0100da, mati un nagi<\/strong> Aug\u013cu gumijas ikdienas \u0101das, matu un nagu kop\u0161anai. Satur <strong data-start=\"139\" data-end=\"174\">Biot\u012bns, cinks un A vitam\u012bns<\/strong> pal\u012bdz uztur\u0113t norm\u0101lu matu, \u0101das un nagu st\u0101vokli un <strong data-start=\"231\" data-end=\"246\">E vitam\u012bns<\/strong> veicina \u0161\u016bnu aizsardz\u012bbu pret oksidat\u012bvo stresu. Formula <strong data-start=\"312\" data-end=\"325\">veg\u0101ns<\/strong>, <strong data-start=\"327\" data-end=\"343\">bez \u017eelat\u012bna<\/strong>, <strong data-start=\"345\" data-end=\"363\">bez konservantiem<\/strong> un <strong data-start=\"367\" data-end=\"389\">bez pievienot\u0101 cukura<\/strong>, Turkl\u0101t aug\u013cu gar\u0161as (\u0101bolu, persiku, mango, pasifloras aug\u013cu) padara ikdienas darbu vienk\u0101r\u0161\u0101ku un pat\u012bkam\u0101ku.<\/p>\n<p data-start=\"488\" data-end=\"787\"><strong data-start=\"488\" data-end=\"511\">K\u0101p\u0113c izv\u0113l\u0113ties<\/strong><br data-start=\"511\" data-end=\"514\" \/><strong data-start=\"514\" data-end=\"520\">\u2714\ufe0f<\/strong> Biot\u012bns, cinks un A vitam\u012bns ikdienas matu, \u0101das un nagu kop\u0161anai.<br data-start=\"596\" data-end=\"599\" \/><strong data-start=\"599\" data-end=\"605\">\u2714\ufe0f<\/strong> E vitam\u012bns - lai aizsarg\u0101tu \u0161\u016bnas no oksidat\u012bv\u0101 stresa.<br data-start=\"660\" data-end=\"663\" \/><strong data-start=\"663\" data-end=\"669\">\u2714\ufe0f<\/strong> Veg\u0101nu sast\u0101vs bez \u017eelat\u012bna<br data-start=\"700\" data-end=\"703\" \/><strong data-start=\"703\" data-end=\"709\">\u2714\ufe0f<\/strong> bez pievienot\u0101 cukura un konservantiem<br data-start=\"746\" data-end=\"749\" \/><strong data-start=\"749\" data-end=\"755\">\u2714\ufe0f<\/strong> \u0112rta lieto\u0161ana - gumijas form\u0101<\/p>","protected":false},"featured_media":45606,"comment_status":"open","ping_status":"closed","template":"","meta":{"_acf_changed":true},"product_brand":[486],"product_cat":[123,273],"product_tag":[],"class_list":{"0":"post-45596","1":"product","2":"type-product","3":"status-publish","4":"has-post-thumbnail","6":"product_brand-frank-fruities","7":"product_cat-papildai-ilgaamziskumui","8":"product_cat-odai-plaukams-nagams","10":"first","11":"outofstock","12":"shipping-taxable","13":"purchasable","14":"product-type-simple"},"acf":[],"tiered_pricing_type":"fixed","tiered_pricing_fixed_rules":[],"tiered_pricing_product_settings":{"layout":"default","base_unit_name":{"singular":null,"plural":null},"default_variation":null},"tiered_pricing_minimum_quantity":null,"tiered_pricing_roles_data":[],"tiered_pricing_percentage_rules":[],"_links":{"self":[{"href":"https:\/\/purama.lt\/lv\/wp-json\/wp\/v2\/product\/45596","targetHints":{"allow":["GET"]}}],"collection":[{"href":"https:\/\/purama.lt\/lv\/wp-json\/wp\/v2\/product"}],"about":[{"href":"https:\/\/purama.lt\/lv\/wp-json\/wp\/v2\/types\/product"}],"replies":[{"embeddable":true,"href":"https:\/\/purama.lt\/lv\/wp-json\/wp\/v2\/comments?post=45596"}],"wp:featuredmedia":[{"embeddable":true,"href":"https:\/\/purama.lt\/lv\/wp-json\/wp\/v2\/media\/45606"}],"wp:attachment":[{"href":"https:\/\/purama.lt\/lv\/wp-json\/wp\/v2\/media?parent=45596"}],"wp:term":[{"taxonomy":"product_brand","embeddable":true,"href":"https:\/\/purama.lt\/lv\/wp-json\/wp\/v2\/product_brand?post=45596"},{"taxonomy":"product_cat","embeddable":true,"href":"https:\/\/purama.lt\/lv\/wp-json\/wp\/v2\/product_cat?post=45596"},{"taxonomy":"product_tag","embeddable":true,"href":"https:\/\/purama.lt\/lv\/wp-json\/wp\/v2\/product_tag?post=45596"}],"curies":[{"name":"wp","href":"https:\/\/api.w.org\/{rel}","templated":true}]}}