{"id":45404,"date":"2026-01-28T10:05:47","date_gmt":"2026-01-28T08:05:47","guid":{"rendered":"https:\/\/purama.lt\/?post_type=product&#038;p=45404"},"modified":"2026-03-31T10:46:58","modified_gmt":"2026-03-31T08:46:58","slug":"d-lab-matu-augsanas-un-sabiezesanas-programma","status":"publish","type":"product","link":"https:\/\/purama.lt\/lv\/produktas\/d-lab-plauku-augimo-ir-tankinimo-programa\/","title":{"rendered":"D-LAB matu aug\u0161anas un sabiez\u0113\u0161anas programma"},"content":{"rendered":"<p><strong>Pat\u0113ri\u0146\u0161<\/strong><br>Katru dienu: <strong>2 kapsulas no katras formulas<\/strong>, iz\u0146emot <strong>Keratin Absolute - 1 tablete dien\u0101<\/strong>; v\u0113lams lietot no r\u012bta, uzdzerot \u016bdeni (Balance Activator var lietot ar\u012b vakar\u0101).<br>Ieteicams turpin\u0101t programmu <strong>vismaz 3 m\u0113ne\u0161us p\u0113c k\u0101rtas<\/strong><br>Tikai pieaugu\u0161ajiem; nelietot gr\u016btniec\u012bbas un z\u012bd\u012b\u0161anas period\u0101, pacientiem, kas jaun\u0101ki par 18 gadiem; nelietot kop\u0101 ar antidepresantiem vai antikoagulantiem, aler\u0123ijas pret sulf\u012btiem gad\u012bjum\u0101 vai gad\u012bjumos, kas saist\u012bti ar p\u0101rm\u0113r\u012bgu dzelzs uzkr\u0101\u0161anos organism\u0101; nep\u0101rsniegt ieteicamo dienas devu.<\/p>\n\n\n\n<p><strong>Sast\u0101vda\u013cas<\/strong><br>l-triptof\u0101ns, augu kapsulas (apvalka viela: hidroksipropilmetilceluloze, \u017eelejo\u0161\u0101 viela: magnija oks\u012bds (ieskaitot magniju), c vitam\u012bns (askorb\u012bnsk\u0101be), mio-inositols, safr\u0101na st\u012bglas ekstrakts (crocus sativus) (titr\u0113ts safr\u0101n\u0101), trans-resveratrols, cavaq10\u00ae (gamma-ciklodekstr\u012bns, koenz\u012bms q10), vitam\u012bns b3 (nikot\u012bnam\u012bds), za\u013co ban\u0101nu milti, vitam\u012bns b2 (riboflav\u012bns), vitam\u012bns b6 (piridoks\u012bns), raugs, bag\u0101tin\u0101ts ar sel\u0113nu (saccharomyces cerevisiae) (ieskaitot sel\u0113nu), \u0137\u0113rpju ekstrakts (cladonia rangiferina) (ieskaitot d3 vitam\u012bnu, holekalciferolu), cynatine\u00ae hns1 (kerat\u012bna hidroliz\u0101ts) (sulf\u012bti), pretsalipes vielas: ak\u0101cijas sve\u0137i, tauksk\u0101bes, apvalkot\u0101jvielas: hidroksipropilmetilceluloze, mikrokrist\u0101lisk\u0101 celuloze, tauksk\u0101bes, d\u0101mu m\u0113tras (alchemilla vulgaris) virszemes da\u013cu ekstrakts, zirgkasta\u0146a (aesculus hippocastanum) s\u0113klu ekstrakts (titr\u0113ts ar aesc\u012bnu), augu kapsulas (apvalkojo\u0161\u0101 viela: hidroksipropilmetilceluloze, \u017eelejo\u0161\u0101 viela: \u017eelanogumija), piena dad\u017eu s\u0113klu ekstrakts (silybum marianum) (titr\u0113ts silimar\u012bns), sarkano v\u012bnogul\u0101ju lapu ekstrakts (vitis vinifera) (titr\u0113ts polifenoli), dzelzs glikon\u0101ts (ieskaitot dzelzi), hlorella (chlorella vulgaris) (sulf\u012bti)<\/p>","protected":false},"excerpt":{"rendered":"<p><strong data-start=\"16\" data-end=\"89\">D-LAB NUTRICOSMETICS - Matu masas programma (Programme Masse-Capillaire)<\/strong> ir visaptvero\u0161a matu izkri\u0161anas un matu bl\u012bvuma atbalsta programma, kas izstr\u0101d\u0101ta, lai darbotos no iek\u0161puses uz \u0101ru: t\u0101 nodro\u0161ina <strong data-start=\"189\" data-end=\"214\">hidroliz\u0113ts kerat\u012bns<\/strong>, atlas\u012bts <strong data-start=\"227\" data-end=\"255\">vitam\u012bni un miner\u0101lvielas<\/strong>, aminosk\u0101b\u0113m un augu ekstraktiem, lai mati izskat\u012btos sp\u0113c\u012bg\u0101ki un vizu\u0101li biez\u0101ki. Formula ir v\u0113rsta uz vair\u0101k\u0101m zon\u0101m vienlaic\u012bgi:<br data-start=\"401\" data-end=\"404\" \/>- <strong data-start=\"406\" data-end=\"437\">matu \u0161\u0137iedras stiprin\u0101\u0161ana<\/strong> (kerat\u012bna komplekss)<br data-start=\"459\" data-end=\"462\" \/>- <strong data-start=\"464\" data-end=\"508\">galvas \u0101das mikrocirkul\u0101cijas uztur\u0113\u0161ana<\/strong> (augu ekstrakti)<br data-start=\"532\" data-end=\"535\" \/>- <strong data-start=\"537\" data-end=\"563\">antioksidantu aizsardz\u012bba<\/strong> (piem\u0113ram, C vitam\u012bns, koenz\u012bms Q10).<br data-start=\"600\" data-end=\"603\" \/>- <strong data-start=\"605\" data-end=\"627\">uztura atbalsts<\/strong> matu vesel\u012bbai (piem\u0113ram, sel\u0113ns, D3 vitam\u012bns, B grupas vitam\u012bni).<br data-start=\"691\" data-end=\"694\" \/>- <strong data-start=\"696\" data-end=\"733\">emocion\u0101l\u0101s spriedzes\/ stresa konteksts.<\/strong> atbalsts ikdienas rut\u012bnas procesos (piem\u0113ram, safr\u0101na ekstrakts, L-triptof\u0101ns).<br data-start=\"806\" data-end=\"809\" \/>Programma sast\u0101v no vair\u0101k\u0101m da\u013c\u0101m, kas tiek lietotas k\u0101 vienota proced\u016bra, un t\u0101s pamat\u0101 ir labi izp\u0113t\u012btas uzturvielas, kas veicina norm\u0101las organisma funkcijas, kuras ir svar\u012bgas matu vesel\u012bbai. <strong data-start=\"999\" data-end=\"1022\">K\u0101p\u0113c izv\u0113l\u0113ties<\/strong><br data-start=\"1022\" data-end=\"1025\" \/><strong data-start=\"1025\" data-end=\"1031\">\u2714\ufe0f<\/strong> daudzvirzienu rut\u012bnas proced\u016bra matu bl\u012bvumam un matu \u0161\u0137iedru iztur\u012bbai<br data-start=\"1097\" data-end=\"1100\" \/><strong data-start=\"1100\" data-end=\"1106\">\u2714\ufe0f<\/strong> ar hidroliz\u0113tu kerat\u012bnu (Cynatine\u00ae) matu strukt\u016bras saglab\u0101\u0161anai.<br data-start=\"1172\" data-end=\"1175\" \/><strong data-start=\"1175\" data-end=\"1181\">\u2714\ufe0f<\/strong> mikrocirkul\u0101ciju atbalsto\u0161i augu ekstrakti ikdienas lieto\u0161anai<br data-start=\"1255\" data-end=\"1258\" \/><strong data-start=\"1258\" data-end=\"1264\">\u2714\ufe0f<\/strong> Vitam\u012bni, miner\u0101lvielas un antioksidanti matu st\u0101voklim no iek\u0161puses<br data-start=\"1327\" data-end=\"1330\" \/><strong data-start=\"1330\" data-end=\"1336\">\u2714\ufe0f<\/strong> \u0112rta iek\u013cau\u0161ana ikdienas rut\u012bn\u0101, ieteicama ilgtermi\u0146a programmai.<\/p>","protected":false},"featured_media":45409,"comment_status":"open","ping_status":"closed","template":"","meta":{"_acf_changed":false},"product_brand":[419],"product_cat":[275,273,123],"product_tag":[],"class_list":{"0":"post-45404","1":"product","2":"type-product","3":"status-publish","4":"has-post-thumbnail","6":"product_brand-d-lab","7":"product_cat-plauku-ir-nagu-prieziura","8":"product_cat-odai-plaukams-nagams","9":"product_cat-papildai-ilgaamziskumui","11":"first","12":"instock","13":"shipping-taxable","14":"purchasable","15":"product-type-simple"},"acf":[],"tiered_pricing_type":"fixed","tiered_pricing_fixed_rules":[],"tiered_pricing_product_settings":{"layout":"default","base_unit_name":{"singular":null,"plural":null},"default_variation":null},"tiered_pricing_minimum_quantity":null,"tiered_pricing_roles_data":[],"tiered_pricing_percentage_rules":[],"_links":{"self":[{"href":"https:\/\/purama.lt\/lv\/wp-json\/wp\/v2\/product\/45404","targetHints":{"allow":["GET"]}}],"collection":[{"href":"https:\/\/purama.lt\/lv\/wp-json\/wp\/v2\/product"}],"about":[{"href":"https:\/\/purama.lt\/lv\/wp-json\/wp\/v2\/types\/product"}],"replies":[{"embeddable":true,"href":"https:\/\/purama.lt\/lv\/wp-json\/wp\/v2\/comments?post=45404"}],"wp:featuredmedia":[{"embeddable":true,"href":"https:\/\/purama.lt\/lv\/wp-json\/wp\/v2\/media\/45409"}],"wp:attachment":[{"href":"https:\/\/purama.lt\/lv\/wp-json\/wp\/v2\/media?parent=45404"}],"wp:term":[{"taxonomy":"product_brand","embeddable":true,"href":"https:\/\/purama.lt\/lv\/wp-json\/wp\/v2\/product_brand?post=45404"},{"taxonomy":"product_cat","embeddable":true,"href":"https:\/\/purama.lt\/lv\/wp-json\/wp\/v2\/product_cat?post=45404"},{"taxonomy":"product_tag","embeddable":true,"href":"https:\/\/purama.lt\/lv\/wp-json\/wp\/v2\/product_tag?post=45404"}],"curies":[{"name":"wp","href":"https:\/\/api.w.org\/{rel}","templated":true}]}}