{"id":44962,"date":"2026-01-15T12:54:29","date_gmt":"2026-01-15T10:54:29","guid":{"rendered":"https:\/\/purama.lt\/?post_type=product&#038;p=44962"},"modified":"2026-03-16T12:30:24","modified_gmt":"2026-03-16T10:30:24","slug":"friday-bae-stimulejoss-intimitates-gels","status":"publish","type":"product","link":"https:\/\/purama.lt\/lv\/produktas\/friday-bae-stimuliuojantis-intymumo-gelis\/","title":{"rendered":"FRIDAY BAE Stimul\u0113jo\u0161a intimit\u0101tes \u017eeleja"},"content":{"rendered":"<p><strong>Izmanto\u0161ana<\/strong><br>Parasti pietiek ar vienu pilienu: uzkl\u0101jiet uz klitora un\/vai dzimumlocek\u013ca galvi\u0146as, maigi mas\u0113jiet apm\u0113ram 30 sekundes.<br>Atst\u0101jiet nedaudz \u017eelejas uz virsmas, lai ar\u012b j\u016bsu partneris var\u0113tu sajust efektu.<br>Br\u012bdin\u0101jumi: izvair\u012bties no saskares ar ac\u012bm, nelietot uz kairin\u0101tas vai boj\u0101tas \u0101das; nav ieteicams lietot gr\u016btniec\u012bbas un z\u012bd\u012b\u0161anas period\u0101; p\u0101rtraukt lieto\u0161anu kairin\u0101juma gad\u012bjum\u0101; lietot tikai \u0101r\u012bgi.<\/p>\n\n\n\n<p><strong>Sast\u0101vda\u013cas<\/strong><br>\u016bdens, glicer\u012bns, propil\u0113nglikols, etilheksilglicer\u012bns, n\u0101trija poliakril\u0101ts, dikaprilkarbon\u0101ts, karbom\u0113rs, aspart\u0101ms, stirola\/akril\u0101tu kopolim\u0113rs, etilment\u0101na karboksam\u012bds, poligliceril-3-kapr\u0101ts, kokoglikoz\u012bds, arom\u0101ts, parfum, vanililbutil\u0113teris, benzosk\u0101be, citronsk\u0101be.<\/p>","protected":false},"excerpt":{"rendered":"<p data-start=\"0\" data-end=\"480\"><strong data-start=\"16\" data-end=\"59\">Piektdiena Bae - Xcite - Excitation Gel A 2<\/strong> Stimul\u0113jo\u0161a int\u012bm\u0101 \u017eeleja p\u0101riem, izstr\u0101d\u0101ta <strong data-start=\"107\" data-end=\"131\">uzlabot saj\u016btas.<\/strong> un tuvum\u0101 ienest vair\u0101k rota\u013c\u012bguma. Pat\u012bkams gan klitoram, gan dzimumloceklim, radot baudu <strong data-start=\"218\" data-end=\"242\">siltuma-dzes\u0113\u0161anas efekts<\/strong>, kas pal\u012bdz pastiprin\u0101t piesk\u0101riena saj\u016btu un paildzina baudas mirk\u013cus. Formula ir veg\u0101niska, dermatolo\u0123iski\/ginekolo\u0123iski p\u0101rbaud\u012bta, sader\u012bga ar prezervat\u012bviem un seksa rota\u013cliet\u0101m, un liel\u0101k\u0101 da\u013ca sast\u0101vda\u013cu ir dabiskas izcelsmes.<\/p>\n<p data-start=\"482\" data-end=\"787\"><strong data-start=\"482\" data-end=\"505\">K\u0101p\u0113c izv\u0113l\u0113ties<\/strong><br data-start=\"505\" data-end=\"508\" \/><strong data-start=\"508\" data-end=\"514\">\u2714\ufe0f<\/strong> silta un v\u0113sa saj\u016bta intens\u012bv\u0101kai stimul\u0101cijai<br data-start=\"564\" data-end=\"567\" \/><strong data-start=\"567\" data-end=\"573\">\u2714\ufe0f<\/strong> piem\u0113rots gan klitoram, gan dzimumloceklim - unisex formula<br data-start=\"624\" data-end=\"627\" \/><strong data-start=\"627\" data-end=\"633\">\u2714\ufe0f<\/strong> sader\u012bgs ar prezervat\u012bviem un seksa rota\u013cliet\u0101m<br data-start=\"681\" data-end=\"684\" \/><strong data-start=\"684\" data-end=\"690\">\u2714\ufe0f<\/strong> Veg\u0101nu, r\u016bp\u012bgi p\u0101rbaud\u012bta formula<br data-start=\"729\" data-end=\"732\" \/><strong data-start=\"732\" data-end=\"738\">\u2714\ufe0f<\/strong> liel\u0101k\u0101 da\u013ca sast\u0101vda\u013cu ir dabiskas izcelsmes<\/p>","protected":false},"featured_media":44958,"comment_status":"open","ping_status":"closed","template":"","meta":{"_acf_changed":true},"product_brand":[482],"product_cat":[276,277],"product_tag":[],"class_list":{"0":"post-44962","1":"product","2":"type-product","3":"status-publish","4":"has-post-thumbnail","6":"product_brand-friday-bae","7":"product_cat-seksualinei-sveikatai","8":"product_cat-vyrams","10":"first","11":"instock","12":"shipping-taxable","13":"purchasable","14":"product-type-simple"},"acf":[],"tiered_pricing_type":"fixed","tiered_pricing_fixed_rules":[],"tiered_pricing_product_settings":{"layout":"default","base_unit_name":{"singular":null,"plural":null},"default_variation":null},"tiered_pricing_minimum_quantity":null,"tiered_pricing_roles_data":[],"tiered_pricing_percentage_rules":[],"_links":{"self":[{"href":"https:\/\/purama.lt\/lv\/wp-json\/wp\/v2\/product\/44962","targetHints":{"allow":["GET"]}}],"collection":[{"href":"https:\/\/purama.lt\/lv\/wp-json\/wp\/v2\/product"}],"about":[{"href":"https:\/\/purama.lt\/lv\/wp-json\/wp\/v2\/types\/product"}],"replies":[{"embeddable":true,"href":"https:\/\/purama.lt\/lv\/wp-json\/wp\/v2\/comments?post=44962"}],"wp:featuredmedia":[{"embeddable":true,"href":"https:\/\/purama.lt\/lv\/wp-json\/wp\/v2\/media\/44958"}],"wp:attachment":[{"href":"https:\/\/purama.lt\/lv\/wp-json\/wp\/v2\/media?parent=44962"}],"wp:term":[{"taxonomy":"product_brand","embeddable":true,"href":"https:\/\/purama.lt\/lv\/wp-json\/wp\/v2\/product_brand?post=44962"},{"taxonomy":"product_cat","embeddable":true,"href":"https:\/\/purama.lt\/lv\/wp-json\/wp\/v2\/product_cat?post=44962"},{"taxonomy":"product_tag","embeddable":true,"href":"https:\/\/purama.lt\/lv\/wp-json\/wp\/v2\/product_tag?post=44962"}],"curies":[{"name":"wp","href":"https:\/\/api.w.org\/{rel}","templated":true}]}}