{"id":44960,"date":"2026-01-15T12:49:44","date_gmt":"2026-01-15T10:49:44","guid":{"rendered":"https:\/\/purama.lt\/?post_type=product&#038;p=44960"},"modified":"2026-03-15T20:52:20","modified_gmt":"2026-03-15T18:52:20","slug":"friday-bae-ejakulacija-vilinoss-aerosols","status":"publish","type":"product","link":"https:\/\/purama.lt\/lv\/produktas\/friday-bae-ejakuliacija-letinantis-purskiklis\/","title":{"rendered":"FRIDAY BAE Ejakul\u0101ciju aizkav\u0113jo\u0161s aerosols"},"content":{"rendered":"<p><strong>Izmanto\u0161ana<\/strong><br>5-10 min\u016btes pirms dzimumakta 1-2 reizes izsmidziniet uz dzimumlocek\u013ca galvas un v\u0101rpstas no aptuveni 20 cm att\u0101luma, \u013caujiet ies\u016bkties.<br>Ja v\u0113laties iev\u0113rot diskr\u0113tumu, mazg\u0101jiet rokas un dzimumlocekli ar t\u012bru \u016bdeni.<br>Br\u012bdin\u0101jumi: nav kontracept\u012bvs l\u012bdzeklis; izvair\u012bties no saskares ar ac\u012bm; nelietot uz \u0101das boj\u0101jumiem; nav ieteicams lietot gr\u016btniec\u012bbas vai z\u012bd\u012b\u0161anas period\u0101; kairin\u0101juma gad\u012bjum\u0101 p\u0101rtraukt lieto\u0161anu un vajadz\u012bbas gad\u012bjum\u0101 v\u0113rsties p\u0113c medic\u012bniskas konsult\u0101cijas.<\/p>\n\n\n\n<p><strong>Sast\u0101vda\u013cas<\/strong><br>\u016bdens, propil\u0113nglikols, alkohols, acmella oleracea ekstrakts, mentols, parfum, etilment\u0101na karboksam\u012bds, eug\u0113nija caryophyllus pumpuru e\u013c\u013ca, eugenols.<\/p>","protected":false},"excerpt":{"rendered":"<p data-start=\"0\" data-end=\"493\"><strong data-start=\"16\" data-end=\"55\">Piektdiena Bae - gaid\u012bt - kav\u0113\u0161an\u0101s aerosols<\/strong> Intimit\u0101\u0161u aizkav\u0113\u0161anas aerosols v\u012brie\u0161iem, kas pal\u012bdz <strong data-start=\"116\" data-end=\"143\">aizkav\u0113t ejakul\u0101ciju<\/strong> un lab\u0101k kontrol\u0113t uzbudin\u0101juma tempu. Paredz\u0113ts rota\u013c\u0101m ar saj\u016bt\u0101m: siltuma un v\u0113suma vi\u013c\u0146u rad\u012b\u0161ana, jut\u012bguma receptoru stimul\u0113\u0161ana, piem\u0113rots izj\u016btu uzbudin\u0101\u0161anai (baudas pauzes un nep\u0101rtraukt\u012bba). Formula ir veg\u0101niska, dermatolo\u0123iski p\u0101rbaud\u012bta, sader\u012bga ar prezervat\u012bviem un seksa rota\u013cliet\u0101m, un liel\u0101k\u0101 da\u013ca sast\u0101vda\u013cu ir dabiskas izcelsmes.<\/p>\n<p data-start=\"495\" data-end=\"742\"><strong data-start=\"495\" data-end=\"518\">K\u0101p\u0113c izv\u0113l\u0113ties<\/strong><br data-start=\"518\" data-end=\"521\" \/><strong data-start=\"521\" data-end=\"527\">\u2714\ufe0f<\/strong> pal\u012bdz aizkav\u0113t ejakul\u0101ciju un kontrol\u0113t t\u0101s tempu<br data-start=\"575\" data-end=\"578\" \/><strong data-start=\"578\" data-end=\"584\">\u2714\ufe0f<\/strong> silta un v\u0113sa saj\u016bta bez \u201enejut\u012bga\u201c efekta.<br data-start=\"630\" data-end=\"633\" \/><strong data-start=\"633\" data-end=\"639\">\u2714\ufe0f<\/strong> sader\u012bgs ar prezervat\u012bviem un seksa rota\u013cliet\u0101m<br data-start=\"687\" data-end=\"690\" \/><strong data-start=\"690\" data-end=\"696\">\u2714\ufe0f<\/strong> veg\u0101niska, dermatolo\u0123iski p\u0101rbaud\u012bta formula<\/p>","protected":false},"featured_media":44955,"comment_status":"open","ping_status":"closed","template":"","meta":{"_acf_changed":true},"product_brand":[482],"product_cat":[276,277],"product_tag":[],"class_list":{"0":"post-44960","1":"product","2":"type-product","3":"status-publish","4":"has-post-thumbnail","6":"product_brand-friday-bae","7":"product_cat-seksualinei-sveikatai","8":"product_cat-vyrams","10":"first","11":"instock","12":"shipping-taxable","13":"purchasable","14":"product-type-simple"},"acf":[],"tiered_pricing_type":"fixed","tiered_pricing_fixed_rules":[],"tiered_pricing_product_settings":{"layout":"default","base_unit_name":{"singular":null,"plural":null},"default_variation":null},"tiered_pricing_minimum_quantity":null,"tiered_pricing_roles_data":[],"tiered_pricing_percentage_rules":[],"_links":{"self":[{"href":"https:\/\/purama.lt\/lv\/wp-json\/wp\/v2\/product\/44960","targetHints":{"allow":["GET"]}}],"collection":[{"href":"https:\/\/purama.lt\/lv\/wp-json\/wp\/v2\/product"}],"about":[{"href":"https:\/\/purama.lt\/lv\/wp-json\/wp\/v2\/types\/product"}],"replies":[{"embeddable":true,"href":"https:\/\/purama.lt\/lv\/wp-json\/wp\/v2\/comments?post=44960"}],"wp:featuredmedia":[{"embeddable":true,"href":"https:\/\/purama.lt\/lv\/wp-json\/wp\/v2\/media\/44955"}],"wp:attachment":[{"href":"https:\/\/purama.lt\/lv\/wp-json\/wp\/v2\/media?parent=44960"}],"wp:term":[{"taxonomy":"product_brand","embeddable":true,"href":"https:\/\/purama.lt\/lv\/wp-json\/wp\/v2\/product_brand?post=44960"},{"taxonomy":"product_cat","embeddable":true,"href":"https:\/\/purama.lt\/lv\/wp-json\/wp\/v2\/product_cat?post=44960"},{"taxonomy":"product_tag","embeddable":true,"href":"https:\/\/purama.lt\/lv\/wp-json\/wp\/v2\/product_tag?post=44960"}],"curies":[{"name":"wp","href":"https:\/\/api.w.org\/{rel}","templated":true}]}}