{"id":44939,"date":"2026-01-14T14:59:40","date_gmt":"2026-01-14T12:59:40","guid":{"rendered":"https:\/\/purama.lt\/?post_type=product&#038;p=44939"},"modified":"2026-04-14T09:24:03","modified_gmt":"2026-04-14T07:24:03","slug":"tradicao-dabigas-ar-rokam-darinatas-ziepes-kas-izgatavotas-no-portugales-olivellas","status":"publish","type":"product","link":"https:\/\/purama.lt\/lv\/produktas\/tradicao-natural-ranku-darbo-muilas-is-portugalisko-alyvuogiu-aliejaus\/","title":{"rendered":"Tradicao Dab\u012bgas ar rok\u0101m darin\u0101tas ziepes no Portug\u0101les ol\u012bve\u013c\u013cas"},"content":{"rendered":"<p><strong>Izmanto\u0161ana<\/strong><br>Uzkl\u0101jiet uz mitras \u0101das, viegli iemas\u0113jiet un labi noskalojiet.<br>Tikai \u0101r\u0113jai lieto\u0161anai<br>T\u0101 k\u0101 ziepes ir roku darbs, iesp\u0113jamas nelielas kr\u0101sas vai izskata at\u0161\u0137ir\u012bbas.<\/p>\n\n\n\n<p><strong>Sast\u0101vda\u013cas<\/strong><br>olea europaea aug\u013cu e\u013c\u013ca (organiska), \u016bdens, n\u0101trija hidroks\u012bds, tokoferilacet\u0101ts, j\u016bras s\u0101ls, cukurs.<\/p>","protected":false},"excerpt":{"rendered":"<p data-start=\"0\" data-end=\"650\"><strong data-start=\"16\" data-end=\"85\">Ar rok\u0101m darin\u0101tas ziepes 100% Portug\u0101les ol\u012bve\u013c\u013ca - Mini<\/strong> Ar rok\u0101m darin\u0101tas, aukst\u0101 procesa ziepes ar 100 % portug\u0101\u013cu ol\u012bve\u013c\u013cu maigai ikdienas att\u012br\u012b\u0161anai. Formul\u0101 nav pievienotas smar\u017evielas un kr\u0101svielas, t\u0101p\u0113c t\u0101 ir \u012bpa\u0161i piem\u0113rota <strong data-start=\"268\" data-end=\"302\">jut\u012bgs, viegli kairin\u0101ms<\/strong> \u0101dai un var izmantot pat <strong data-start=\"335\" data-end=\"351\">z\u012bdai\u0146u \u0101dai<\/strong> uztur\u0113\u0161ana. Ziepes pal\u012bdz saglab\u0101t \u0101das komfortu un nodro\u0161ina maigu, dabisku putu veido\u0161anos. <strong data-start=\"436\" data-end=\"446\">b\u016bt SLS<\/strong>, ir <strong data-start=\"452\" data-end=\"466\">veg\u0101ns<\/strong> un ir ra\u017eots bez palmu e\u013c\u013cas. T\u0101 sast\u0101v\u0101 eso\u0161ais E vitam\u012bns (tokoferilacet\u0101ts) ir labi izp\u0113t\u012bta sast\u0101vda\u013ca, kas tiek nov\u0113rt\u0113ta k\u0101 antioksidants \u0101das kop\u0161anas l\u012bdzek\u013cos.<\/p>\n<p data-start=\"652\" data-end=\"906\"><strong data-start=\"652\" data-end=\"675\">K\u0101p\u0113c izv\u0113l\u0113ties<\/strong><br data-start=\"675\" data-end=\"678\" \/><strong data-start=\"678\" data-end=\"684\">\u2714\ufe0f<\/strong> 100 % Portug\u0101les ol\u012bve\u013c\u013cas b\u0101ze<br data-start=\"732\" data-end=\"735\" \/><strong data-start=\"735\" data-end=\"741\">\u2714\ufe0f<\/strong> bez aromatiz\u0113t\u0101jiem un kr\u0101sviel\u0101m<br data-start=\"777\" data-end=\"780\" \/><strong data-start=\"780\" data-end=\"786\">\u2714\ufe0f<\/strong> maigs jut\u012bgai \u0101dai, piem\u0113rots visai \u0123imenei.<br data-start=\"828\" data-end=\"831\" \/><strong data-start=\"831\" data-end=\"837\">\u2714\ufe0f<\/strong> dabiskas, maigas putas bez SLS<br data-start=\"866\" data-end=\"869\" \/><strong data-start=\"869\" data-end=\"875\">\u2714\ufe0f<\/strong> veg\u0101ns, bez palmu e\u013c\u013cas<\/p>","protected":false},"featured_media":44940,"comment_status":"open","ping_status":"closed","template":"","meta":{"_acf_changed":true},"product_brand":[],"product_cat":[92,300],"product_tag":[],"class_list":{"0":"post-44939","1":"product","2":"type-product","3":"status-publish","4":"has-post-thumbnail","6":"product_cat-groziui","7":"product_cat-kunui","9":"first","10":"instock","11":"shipping-taxable","12":"purchasable","13":"product-type-simple"},"acf":[],"tiered_pricing_type":"fixed","tiered_pricing_fixed_rules":[],"tiered_pricing_product_settings":{"layout":"default","base_unit_name":{"singular":null,"plural":null},"default_variation":null},"tiered_pricing_minimum_quantity":null,"tiered_pricing_roles_data":[],"tiered_pricing_percentage_rules":[],"_links":{"self":[{"href":"https:\/\/purama.lt\/lv\/wp-json\/wp\/v2\/product\/44939","targetHints":{"allow":["GET"]}}],"collection":[{"href":"https:\/\/purama.lt\/lv\/wp-json\/wp\/v2\/product"}],"about":[{"href":"https:\/\/purama.lt\/lv\/wp-json\/wp\/v2\/types\/product"}],"replies":[{"embeddable":true,"href":"https:\/\/purama.lt\/lv\/wp-json\/wp\/v2\/comments?post=44939"}],"wp:featuredmedia":[{"embeddable":true,"href":"https:\/\/purama.lt\/lv\/wp-json\/wp\/v2\/media\/44940"}],"wp:attachment":[{"href":"https:\/\/purama.lt\/lv\/wp-json\/wp\/v2\/media?parent=44939"}],"wp:term":[{"taxonomy":"product_brand","embeddable":true,"href":"https:\/\/purama.lt\/lv\/wp-json\/wp\/v2\/product_brand?post=44939"},{"taxonomy":"product_cat","embeddable":true,"href":"https:\/\/purama.lt\/lv\/wp-json\/wp\/v2\/product_cat?post=44939"},{"taxonomy":"product_tag","embeddable":true,"href":"https:\/\/purama.lt\/lv\/wp-json\/wp\/v2\/product_tag?post=44939"}],"curies":[{"name":"wp","href":"https:\/\/api.w.org\/{rel}","templated":true}]}}