{"id":44760,"date":"2026-01-08T14:38:42","date_gmt":"2026-01-08T12:38:42","guid":{"rendered":"https:\/\/purama.lt\/?post_type=product&#038;p=44760"},"modified":"2026-04-14T07:43:33","modified_gmt":"2026-04-14T05:43:33","slug":"sox-bee-ready-sporta-zekes","status":"publish","type":"product","link":"https:\/\/purama.lt\/lv\/produktas\/sox-bee-ready-sportines-kojines\/","title":{"rendered":"SOX BEE READY Sporta ze\u0137es"},"content":{"rendered":"<p><strong>Izmanto\u0161ana<\/strong><br>Valk\u0101jiet skrie\u0161anai, sporta z\u0101l\u0113 vai citiem akt\u012bviem treni\u0146iem; izv\u0113lieties pareizo izm\u0113ru, lai cie\u0161i piegul\u0113tu.<br>Lai veiktu apkopi un mazg\u0101\u0161anu, iev\u0113rojiet uz iepakojuma nor\u0101d\u012bjumus.<\/p>\n\n\n\n<p><strong>Sast\u0101vda\u013cas<\/strong><br>coolmax\u00ae, neilons<\/p>","protected":false},"excerpt":{"rendered":"<p data-start=\"0\" data-end=\"704\"><strong data-start=\"16\" data-end=\"39\">SOX-BEE READY<\/strong> Sportiskas ze\u0137es skrie\u0161anai un akt\u012bvai apm\u0101c\u012bbai, ja v\u0113laties stabilit\u0101ti, sausumu un komfortu pat gar\u0101ku distan\u010du laik\u0101. Pastiprin\u0101tas atbalsta zonas pie pot\u012btes un p\u0113das velves pal\u012bdz notur\u0113t p\u0113du stingri sav\u0101 viet\u0101, bet <strong data-start=\"259\" data-end=\"282\">vid\u0113ja saspie\u0161ana<\/strong> cie\u0161i piegu\u013c bez ierobe\u017eojumiem. COOLMAX\u00ae frot\u0113 audums pap\u0113\u017ea un pirkstu zon\u0101 ir pat\u012bkami amortiz\u0113jo\u0161s, amortiz\u0113 triecienus un pal\u012bdz efekt\u012bv\u0101k novad\u012bt mitrumu, samazinot berzes saj\u016btu. Elpojo\u0161s t\u012bklveida ad\u012bjums pal\u012bdz regul\u0113t temperat\u016bru, lai pat intens\u012bvi kustoties k\u0101jas b\u016btu saus\u0101kas un v\u0113s\u0101kas. COOLMAX\u00ae \u0161\u0137iedras pamat\u0101 ir t\u0101s labi zin\u0101m\u0101s mitruma novad\u012b\u0161anas \u012bpa\u0161\u012bbas, t\u0101p\u0113c t\u0101 ir \u012bpa\u0161i piem\u0113rota sportam.<\/p>\n<p data-start=\"706\" data-end=\"1062\">K\u0101p\u0113c izv\u0113l\u0113ties<br data-start=\"729\" data-end=\"732\" \/><strong>\u2714\ufe0f Ra\u017eots Sp\u0101nij\u0101 - uzticama kvalit\u0101te<\/strong><br data-start=\"777\" data-end=\"780\" \/><strong>\u2714\ufe0f COOLMAX\u00ae un neilons - elpojo\u0161s, iztur\u012bgs audums.<\/strong><br data-start=\"840\" data-end=\"843\" \/><strong>\u2714\ufe0f Pastiprin\u0101ts pot\u012btes atbalsts un p\u0113das velve liel\u0101kai stabilit\u0101tei<\/strong><br data-start=\"917\" data-end=\"920\" \/><strong>\u2714\ufe0f Vid\u0113ja kompresija - cie\u0161i piegu\u013c skr\u0113jiena laik\u0101<\/strong><br data-start=\"975\" data-end=\"978\" \/><strong>\u2714\ufe0f Pap\u0113\u017ea un pirkstu polster\u0113jums lab\u0101kai triecienu absorbcijai un maz\u0101kai berzei.<\/strong><\/p>","protected":false},"featured_media":44741,"comment_status":"open","ping_status":"closed","template":"","meta":{"_acf_changed":false},"product_brand":[246,479],"product_cat":[102,98],"product_tag":[],"class_list":{"0":"post-44760","1":"product","2":"type-product","3":"status-publish","4":"has-post-thumbnail","6":"product_brand-sporcks","7":"product_brand-sox","8":"product_cat-kojines","9":"product_cat-sportui","11":"first","12":"instock","13":"shipping-taxable","14":"purchasable","15":"product-type-variable"},"acf":[],"tiered_pricing_type":"fixed","tiered_pricing_fixed_rules":[],"tiered_pricing_product_settings":{"layout":"default","base_unit_name":{"singular":null,"plural":null},"default_variation":null},"tiered_pricing_minimum_quantity":null,"tiered_pricing_roles_data":[],"tiered_pricing_percentage_rules":[],"_links":{"self":[{"href":"https:\/\/purama.lt\/lv\/wp-json\/wp\/v2\/product\/44760","targetHints":{"allow":["GET"]}}],"collection":[{"href":"https:\/\/purama.lt\/lv\/wp-json\/wp\/v2\/product"}],"about":[{"href":"https:\/\/purama.lt\/lv\/wp-json\/wp\/v2\/types\/product"}],"replies":[{"embeddable":true,"href":"https:\/\/purama.lt\/lv\/wp-json\/wp\/v2\/comments?post=44760"}],"wp:featuredmedia":[{"embeddable":true,"href":"https:\/\/purama.lt\/lv\/wp-json\/wp\/v2\/media\/44741"}],"wp:attachment":[{"href":"https:\/\/purama.lt\/lv\/wp-json\/wp\/v2\/media?parent=44760"}],"wp:term":[{"taxonomy":"product_brand","embeddable":true,"href":"https:\/\/purama.lt\/lv\/wp-json\/wp\/v2\/product_brand?post=44760"},{"taxonomy":"product_cat","embeddable":true,"href":"https:\/\/purama.lt\/lv\/wp-json\/wp\/v2\/product_cat?post=44760"},{"taxonomy":"product_tag","embeddable":true,"href":"https:\/\/purama.lt\/lv\/wp-json\/wp\/v2\/product_tag?post=44760"}],"curies":[{"name":"wp","href":"https:\/\/api.w.org\/{rel}","templated":true}]}}