{"id":44757,"date":"2026-01-08T14:35:16","date_gmt":"2026-01-08T12:35:16","guid":{"rendered":"https:\/\/purama.lt\/?post_type=product&#038;p=44757"},"modified":"2026-04-14T07:43:50","modified_gmt":"2026-04-14T05:43:50","slug":"sox-beast-sporta-zekes","status":"publish","type":"product","link":"https:\/\/purama.lt\/lv\/produktas\/sox-beast-sportines-kojines\/","title":{"rendered":"SOX BEAST Sporta ze\u0137es"},"content":{"rendered":"<p><strong>Izmanto\u0161ana<\/strong><br>Valk\u0101jiet skrie\u0161anai, sporta z\u0101l\u0113 vai citiem akt\u012bviem treni\u0146iem; izv\u0113lieties izm\u0113ru, kas ir \u0113rts.<br>Lai veiktu apkopi un mazg\u0101\u0161anu, iev\u0113rojiet uz iepakojuma nor\u0101d\u012bjumus.<\/p>\n\n\n\n<p><strong>Sast\u0101vda\u013cas<\/strong><br>coolmax\u00ae, neilons<\/p>","protected":false},"excerpt":{"rendered":"<p data-start=\"0\" data-end=\"789\"><strong data-start=\"16\" data-end=\"35\">SOX -BEAST<\/strong> Sportiskas ze\u0137es skrie\u0161anai un augstas intensit\u0101tes treni\u0146iem, kad ir svar\u012bga stabilit\u0101te, dro\u0161a piegu\u013cam\u012bba un svaiguma saj\u016bta treni\u0146a laik\u0101. Pastiprin\u0101tas atbalsta zonas pie pot\u012btes un p\u0113das pal\u012bdz nodro\u0161in\u0101t stingr\u0101ku pietuvo\u0161anos p\u0113dai, vienlaikus <strong data-start=\"268\" data-end=\"291\">vid\u0113ja saspie\u0161ana<\/strong> nodro\u0161ina \u0113rtu piegul\u0113\u0161anu un pal\u012bdz ze\u0137\u0113m notur\u0113ties sav\u0101 viet\u0101 pat pa\u0101trinoties. COOLMAX\u00ae frot\u0113 audums pap\u0113\u017ea un pirkstu zon\u0101 amortiz\u0113, absorb\u0113 triecienus un efekt\u012bvi novada mitrumu, samazinot berzi un diskomfortu gar\u0101ku distan\u010du laik\u0101. Elpojo\u0161s t\u012bklveida ad\u012bjums pal\u012bdz regul\u0113t temperat\u016bru, lai pat intens\u012bvas sporto\u0161anas laik\u0101 k\u0101jas b\u016btu saus\u0101kas un v\u0113s\u0101kas. COOLMAX\u00ae \u0161\u0137iedra tiek pla\u0161i izmantota sporta ap\u0123\u0113rb\u0101, pateicoties t\u0101s mitruma regul\u0113\u0161anas \u012bpa\u0161\u012bb\u0101m.<\/p>\n<p data-start=\"791\" data-end=\"1147\">K\u0101p\u0113c izv\u0113l\u0113ties<br data-start=\"814\" data-end=\"817\" \/><strong>\u2714\ufe0f Ra\u017eots Sp\u0101nij\u0101 - uzticama kvalit\u0101te<\/strong><br data-start=\"862\" data-end=\"865\" \/><strong>\u2714\ufe0f COOLMAX\u00ae un neilons - elpojo\u0161s, iztur\u012bgs audums.<\/strong><br data-start=\"925\" data-end=\"928\" \/><strong>\u2714\ufe0f Pastiprin\u0101ts pot\u012btes atbalsts un p\u0113das velve liel\u0101kai stabilit\u0101tei<\/strong><br data-start=\"1002\" data-end=\"1005\" \/><strong>\u2714\ufe0f Vid\u0113ja kompresija - cie\u0161i piegu\u013c skr\u0113jiena laik\u0101<\/strong><br data-start=\"1060\" data-end=\"1063\" \/><strong>\u2714\ufe0f Pap\u0113\u017ea un pirkstu polster\u0113jums lab\u0101kai triecienu absorbcijai un maz\u0101kai berzei.<\/strong><\/p>","protected":false},"featured_media":44742,"comment_status":"open","ping_status":"closed","template":"","meta":{"_acf_changed":false},"product_brand":[246,479],"product_cat":[98,102],"product_tag":[],"class_list":{"0":"post-44757","1":"product","2":"type-product","3":"status-publish","4":"has-post-thumbnail","6":"product_brand-sporcks","7":"product_brand-sox","8":"product_cat-sportui","9":"product_cat-kojines","11":"first","12":"instock","13":"shipping-taxable","14":"purchasable","15":"product-type-variable"},"acf":[],"tiered_pricing_type":"fixed","tiered_pricing_fixed_rules":[],"tiered_pricing_product_settings":{"layout":"default","base_unit_name":{"singular":null,"plural":null},"default_variation":null},"tiered_pricing_minimum_quantity":null,"tiered_pricing_roles_data":[],"tiered_pricing_percentage_rules":[],"_links":{"self":[{"href":"https:\/\/purama.lt\/lv\/wp-json\/wp\/v2\/product\/44757","targetHints":{"allow":["GET"]}}],"collection":[{"href":"https:\/\/purama.lt\/lv\/wp-json\/wp\/v2\/product"}],"about":[{"href":"https:\/\/purama.lt\/lv\/wp-json\/wp\/v2\/types\/product"}],"replies":[{"embeddable":true,"href":"https:\/\/purama.lt\/lv\/wp-json\/wp\/v2\/comments?post=44757"}],"wp:featuredmedia":[{"embeddable":true,"href":"https:\/\/purama.lt\/lv\/wp-json\/wp\/v2\/media\/44742"}],"wp:attachment":[{"href":"https:\/\/purama.lt\/lv\/wp-json\/wp\/v2\/media?parent=44757"}],"wp:term":[{"taxonomy":"product_brand","embeddable":true,"href":"https:\/\/purama.lt\/lv\/wp-json\/wp\/v2\/product_brand?post=44757"},{"taxonomy":"product_cat","embeddable":true,"href":"https:\/\/purama.lt\/lv\/wp-json\/wp\/v2\/product_cat?post=44757"},{"taxonomy":"product_tag","embeddable":true,"href":"https:\/\/purama.lt\/lv\/wp-json\/wp\/v2\/product_tag?post=44757"}],"curies":[{"name":"wp","href":"https:\/\/api.w.org\/{rel}","templated":true}]}}