{"id":44747,"date":"2026-01-08T13:58:06","date_gmt":"2026-01-08T11:58:06","guid":{"rendered":"https:\/\/purama.lt\/?post_type=product&#038;p=44747"},"modified":"2026-04-14T07:44:49","modified_gmt":"2026-04-14T05:44:49","slug":"sox-axis-sporta-zekes","status":"publish","type":"product","link":"https:\/\/purama.lt\/lv\/produktas\/sox-axis-sportines-kojines\/","title":{"rendered":"SOX AXIS Sporta ze\u0137es"},"content":{"rendered":"<p><strong>Izmanto\u0161ana<\/strong><br>Valk\u0101jiet skrie\u0161anai, sporta z\u0101l\u0113 vai citiem akt\u012bviem treni\u0146iem; izv\u0113lieties izm\u0113ru, kas ir \u0113rts.<br>Lai veiktu apkopi un mazg\u0101\u0161anu, iev\u0113rojiet uz iepakojuma nor\u0101d\u012bjumus.<\/p>\n\n\n\n<p><strong>Sast\u0101vda\u013cas<\/strong><br>coolmax\u00ae, neilons<\/p>","protected":false},"excerpt":{"rendered":"<p data-start=\"0\" data-end=\"837\"><strong data-start=\"16\" data-end=\"34\">SOX- AXIS<\/strong> Sportiskas ze\u0137es skrie\u0161anai un akt\u012bvai apm\u0101c\u012bbai, kad v\u0113laties stingru piegulumu, stabilit\u0101ti un komfortu katr\u0101 sol\u012b. Pastiprin\u0101tas atbalsta zonas pie pot\u012btes un p\u0113das pal\u012bdz lab\u0101k stabiliz\u0113t p\u0113du, savuk\u0101rt <strong data-start=\"258\" data-end=\"281\">vid\u0113ja saspie\u0161ana<\/strong> nodro\u0161ina pat\u012bkamu \u201eapskaujo\u0161u\u201c saj\u016btu un pal\u012bdz ze\u0137\u0113m notur\u0113ties sav\u0101 viet\u0101 pat intens\u012bvas kust\u012bbas laik\u0101. COOLMAX\u00ae frot\u0113 audums pap\u0113\u017ea un pirkstu zon\u0101 amortiz\u0113, absorb\u0113 triecienus un pal\u012bdz efekt\u012bvi novad\u012bt mitrumu, samazinot berzi un diskomfortu gar\u0101ku treni\u0146u laik\u0101. Elpojo\u0161s t\u012bklveida ad\u012bjums pal\u012bdz regul\u0113t temperat\u016bru un saglab\u0101t svaigumu, savuk\u0101rt mar\u0137\u0113jums LEFT\/RIGHT \u013cauj \u0101tri piemekl\u0113t pareizo izm\u0113ru. COOLMAX\u00ae \u0161\u0137iedru pla\u0161i izmanto sporta ap\u0123\u0113rb\u0101, pateicoties t\u0101s mitruma regul\u0113\u0161anas \u012bpa\u0161\u012bb\u0101m, t\u0101p\u0113c t\u0101 ir \u012bpa\u0161i piem\u0113rota akt\u012bviem sporta veidiem.<\/p>\n<p data-start=\"839\" data-end=\"1195\">K\u0101p\u0113c izv\u0113l\u0113ties<br data-start=\"862\" data-end=\"865\" \/><strong>\u2714\ufe0f Ra\u017eots Sp\u0101nij\u0101 - uzticama kvalit\u0101te<\/strong><br data-start=\"910\" data-end=\"913\" \/><strong>\u2714\ufe0f COOLMAX\u00ae un neilons - elpojo\u0161s, iztur\u012bgs audums.<\/strong><br data-start=\"973\" data-end=\"976\" \/><strong>\u2714\ufe0f Pastiprin\u0101ts pot\u012btes atbalsts un p\u0113das velve liel\u0101kai stabilit\u0101tei<\/strong><br data-start=\"1050\" data-end=\"1053\" \/><strong>\u2714\ufe0f Vid\u0113ja kompresija - cie\u0161i piegu\u013c skr\u0113jiena laik\u0101<\/strong><br data-start=\"1108\" data-end=\"1111\" \/><strong>\u2714\ufe0f Pap\u0113\u017ea un pirkstu polster\u0113jums lab\u0101kai triecienu absorbcijai un maz\u0101kai berzei.<\/strong><\/p>","protected":false},"featured_media":44743,"comment_status":"open","ping_status":"closed","template":"","meta":{"_acf_changed":false},"product_brand":[246,479],"product_cat":[98,102],"product_tag":[],"class_list":{"0":"post-44747","1":"product","2":"type-product","3":"status-publish","4":"has-post-thumbnail","6":"product_brand-sporcks","7":"product_brand-sox","8":"product_cat-sportui","9":"product_cat-kojines","11":"first","12":"instock","13":"shipping-taxable","14":"purchasable","15":"product-type-variable"},"acf":[],"tiered_pricing_type":"fixed","tiered_pricing_fixed_rules":[],"tiered_pricing_product_settings":{"layout":"default","base_unit_name":{"singular":null,"plural":null},"default_variation":null},"tiered_pricing_minimum_quantity":null,"tiered_pricing_roles_data":[],"tiered_pricing_percentage_rules":[],"_links":{"self":[{"href":"https:\/\/purama.lt\/lv\/wp-json\/wp\/v2\/product\/44747","targetHints":{"allow":["GET"]}}],"collection":[{"href":"https:\/\/purama.lt\/lv\/wp-json\/wp\/v2\/product"}],"about":[{"href":"https:\/\/purama.lt\/lv\/wp-json\/wp\/v2\/types\/product"}],"replies":[{"embeddable":true,"href":"https:\/\/purama.lt\/lv\/wp-json\/wp\/v2\/comments?post=44747"}],"wp:featuredmedia":[{"embeddable":true,"href":"https:\/\/purama.lt\/lv\/wp-json\/wp\/v2\/media\/44743"}],"wp:attachment":[{"href":"https:\/\/purama.lt\/lv\/wp-json\/wp\/v2\/media?parent=44747"}],"wp:term":[{"taxonomy":"product_brand","embeddable":true,"href":"https:\/\/purama.lt\/lv\/wp-json\/wp\/v2\/product_brand?post=44747"},{"taxonomy":"product_cat","embeddable":true,"href":"https:\/\/purama.lt\/lv\/wp-json\/wp\/v2\/product_cat?post=44747"},{"taxonomy":"product_tag","embeddable":true,"href":"https:\/\/purama.lt\/lv\/wp-json\/wp\/v2\/product_tag?post=44747"}],"curies":[{"name":"wp","href":"https:\/\/api.w.org\/{rel}","templated":true}]}}