{"id":44622,"date":"2026-01-06T15:35:16","date_gmt":"2026-01-06T13:35:16","guid":{"rendered":"https:\/\/purama.lt\/?post_type=product&#038;p=44622"},"modified":"2026-04-14T13:44:08","modified_gmt":"2026-04-14T11:44:08","slug":"equilibre-intima-mitrinosa-ella","status":"publish","type":"product","link":"https:\/\/purama.lt\/lv\/produktas\/equilibre-intymus-drekinamasis-aliejus\/","title":{"rendered":"Equilibre int\u012bm\u0101 mitrino\u0161\u0101 e\u013c\u013ca"},"content":{"rendered":"<p><strong>Izmanto\u0161ana<\/strong><br>Uzpiliniet da\u017eus pilienus un viegli iemas\u0113jiet vajadz\u012bgaj\u0101 zon\u0101.<br>Lieto p\u0113c vajadz\u012bbas ikdienas int\u012bm\u0101s zonas kop\u0161anai vai k\u0101 lubrikantu.<\/p>\n\n\n\n<p><strong>Sast\u0101vda\u013cas<\/strong><br>Kaprilkaprilkapric\/kapric triglicer\u012bdi, saldo mande\u013cu e\u013c\u013ca, apriko\u017eu kauli\u0146u e\u013c\u013ca, kokosriekstu e\u013c\u013ca, sviesta sviests, kanabidiols, tokoferoli (E vitam\u012bns), citrusu mandar\u012bnu e\u013c\u013ca, kumar\u012bns, ka\u0146epju e\u013c\u013ca, kanabidiols (E vitam\u012bns).<\/p>","protected":false},"excerpt":{"rendered":"<p data-start=\"0\" data-end=\"514\"><strong data-start=\"16\" data-end=\"42\">Equilibre - Huile Love<\/strong> Francij\u0101 izstr\u0101d\u0101ta int\u012bm\u0101 e\u013c\u013ca-lubrikants int\u012bm\u0101s \u0101das ikdienas kop\u0161anai un komfortam. Sast\u0101v\u0101 ir <strong data-start=\"163\" data-end=\"193\">100 % ar dab\u012bg\u0101m e\u013c\u013c\u0101m<\/strong> (mande\u013cu, apriko\u017eu, kokosriekstu, \u0161\u012b) mitrina, m\u012bkstina un pal\u012bdz aizsarg\u0101t \u0101du no berzes, bet sl\u012bd\u0113\u0161anas efekts nodro\u0161ina maig\u0101ku un pat\u012bkam\u0101ku saj\u016btu. Sast\u0101vs: <strong data-start=\"372\" data-end=\"387\">E vitam\u012bns<\/strong> (tokoferoli) darbojas k\u0101 antioksidants un <strong data-start=\"433\" data-end=\"449\">kanabidiols<\/strong> izv\u0113l\u0113ts nomierino\u0161am komfortam. Pat\u012bkams <strong data-start=\"491\" data-end=\"513\">Mandar\u012bnu arom\u0101ts<\/strong>.<\/p>\n<p data-start=\"516\" data-end=\"815\"><strong data-start=\"516\" data-end=\"539\">K\u0101p\u0113c izv\u0113l\u0113ties<\/strong><br data-start=\"539\" data-end=\"542\" \/><strong data-start=\"542\" data-end=\"548\">\u2714\ufe0f<\/strong> 2 in 1: ikdienas kop\u0161anai un k\u0101 lubrikants<br data-start=\"600\" data-end=\"603\" \/><strong data-start=\"603\" data-end=\"609\">\u2714\ufe0f<\/strong> 100 % Dabiskas, augstas kvalit\u0101tes augu e\u013c\u013cas<br data-start=\"661\" data-end=\"664\" \/><strong data-start=\"664\" data-end=\"670\">\u2714\ufe0f<\/strong> Mitrina, aizsarg\u0101 pret nodilumu un nodro\u0161ina sl\u012bd\u0113\u0161anas komfortu.<br data-start=\"727\" data-end=\"730\" \/><strong data-start=\"730\" data-end=\"736\">\u2714\ufe0f<\/strong> Ar kanabidiolu un E vitam\u012bnu m\u012bkst\u0101kai saj\u016btai<br data-start=\"787\" data-end=\"790\" \/><strong data-start=\"790\" data-end=\"796\">\u2714\ufe0f<\/strong> Mandar\u012bnu arom\u0101ts<\/p>","protected":false},"featured_media":44625,"comment_status":"open","ping_status":"closed","template":"","meta":{"_acf_changed":true},"product_brand":[423],"product_cat":[276,278],"product_tag":[],"class_list":{"0":"post-44622","1":"product","2":"type-product","3":"status-publish","4":"has-post-thumbnail","6":"product_brand-equilibre","7":"product_cat-seksualinei-sveikatai","8":"product_cat-moterims","10":"first","11":"instock","12":"shipping-taxable","13":"purchasable","14":"product-type-simple"},"acf":[],"tiered_pricing_type":"fixed","tiered_pricing_fixed_rules":[],"tiered_pricing_product_settings":{"layout":"default","base_unit_name":{"singular":null,"plural":null},"default_variation":null},"tiered_pricing_minimum_quantity":null,"tiered_pricing_roles_data":[],"tiered_pricing_percentage_rules":[],"_links":{"self":[{"href":"https:\/\/purama.lt\/lv\/wp-json\/wp\/v2\/product\/44622","targetHints":{"allow":["GET"]}}],"collection":[{"href":"https:\/\/purama.lt\/lv\/wp-json\/wp\/v2\/product"}],"about":[{"href":"https:\/\/purama.lt\/lv\/wp-json\/wp\/v2\/types\/product"}],"replies":[{"embeddable":true,"href":"https:\/\/purama.lt\/lv\/wp-json\/wp\/v2\/comments?post=44622"}],"wp:featuredmedia":[{"embeddable":true,"href":"https:\/\/purama.lt\/lv\/wp-json\/wp\/v2\/media\/44625"}],"wp:attachment":[{"href":"https:\/\/purama.lt\/lv\/wp-json\/wp\/v2\/media?parent=44622"}],"wp:term":[{"taxonomy":"product_brand","embeddable":true,"href":"https:\/\/purama.lt\/lv\/wp-json\/wp\/v2\/product_brand?post=44622"},{"taxonomy":"product_cat","embeddable":true,"href":"https:\/\/purama.lt\/lv\/wp-json\/wp\/v2\/product_cat?post=44622"},{"taxonomy":"product_tag","embeddable":true,"href":"https:\/\/purama.lt\/lv\/wp-json\/wp\/v2\/product_tag?post=44622"}],"curies":[{"name":"wp","href":"https:\/\/api.w.org\/{rel}","templated":true}]}}