{"id":44478,"date":"2026-01-05T09:15:39","date_gmt":"2026-01-05T07:15:39","guid":{"rendered":"https:\/\/purama.lt\/?post_type=product&#038;p=44478"},"modified":"2026-04-20T12:33:19","modified_gmt":"2026-04-20T10:33:19","slug":"donotage-blue-light-blockers-zilas-gaismas-blokesanas-brilles","status":"publish","type":"product","link":"https:\/\/purama.lt\/lv\/produktas\/donotage-melynos-sviesos-blokavimo-akiniai\/","title":{"rendered":"DoNotAge Blue Light Blockers brilles"},"content":{"rendered":"<p><strong>Izmanto\u0161ana<\/strong><br>valk\u0101jiet, kad skat\u0101ties ekr\u0101nos (datora, t\u0101lru\u0146a), \u012bpa\u0161i vakar\u0101.<br>Not\u012briet ar m\u012bkstu dr\u0101nu un uzglab\u0101jiet aizsargv\u0101ci\u0146\u0101, lai nov\u0113rstu skr\u0101p\u0113jumus.<\/p>\n\n\n\n<p><\/p>","protected":false},"excerpt":{"rendered":"<p data-start=\"0\" data-end=\"512\"><strong>DoNotAge Zila Gaisma Blo\u0137\u0113jo\u0161s Redzams acu aizsargl\u012bdzeklis:<\/strong> zil\u0101s gaismas filtr\u0113\u0161anas brilles, kas paredz\u0113tas \u0113rt\u0101kam ekr\u0101na laika pavad\u012b\u0161anai un klus\u0101kam vakaram. \u012apa\u0161i izstr\u0101d\u0101tas l\u0113cas <strong data-start=\"183\" data-end=\"221\">Filtr\u0113 l\u012bdz 99 % zil\u0101s gaismas<\/strong>, pal\u012bdz <strong data-start=\"230\" data-end=\"251\">samazin\u0101t atsp\u012bdumu<\/strong> un diskomfortu, ilgsto\u0161i skatoties datora vai t\u0101lru\u0146a ekr\u0101n\u0101, un vakar\u0101 tas var pal\u012bdz\u0113t \u201ep\u0101rsl\u0113gties\u201c uz relaks\u0101cijas re\u017e\u012bmu. Produktam ir <strong data-start=\"393\" data-end=\"408\">CE mar\u0137\u0113jums<\/strong> un komplekt\u0101 iek\u013cautajiem piederumiem, kas atvieglo uzglab\u0101\u0161anu un apkopi.<\/p>\n<p data-start=\"514\" data-end=\"957\"><strong data-start=\"514\" data-end=\"537\">K\u0101p\u0113c izv\u0113l\u0113ties<\/strong><br data-start=\"537\" data-end=\"540\" \/><strong data-start=\"540\" data-end=\"546\">\u2714\ufe0f<\/strong> filtr\u0113 l\u012bdz pat 99 % zil\u0101s gaismas no displejiem.<br data-start=\"629\" data-end=\"632\" \/><strong data-start=\"632\" data-end=\"638\" data-is-only-node=\"\">\u2714\ufe0f<\/strong> samazina atsp\u012bdumu un pal\u012bdz justies \u0113rt\u0101k, str\u0101d\u0101jot ar datoru.<br data-start=\"748\" data-end=\"751\" \/><strong data-start=\"751\" data-end=\"757\">\u2714\ufe0f<\/strong> CE mar\u0137\u0113jums - atbilst\u012bba dro\u0161\u012bbas pras\u012bb\u0101m.<br data-start=\"841\" data-end=\"844\" \/><strong data-start=\"844\" data-end=\"850\">\u2714\ufe0f<\/strong> Komplekt\u0101 ir t\u012br\u012b\u0161anas lupati\u0146a, maisi\u0146\u0161 un kaste \u0113rtai uzglab\u0101\u0161anai.<\/p>","protected":false},"featured_media":44479,"comment_status":"open","ping_status":"closed","template":"","meta":{"_acf_changed":false},"product_brand":[242],"product_cat":[283,282],"product_tag":[],"class_list":{"0":"post-44478","1":"product","2":"type-product","3":"status-publish","4":"has-post-thumbnail","6":"product_brand-donotage","7":"product_cat-sveikatingumo-prietaisai","8":"product_cat-longevity-prietaisai","10":"first","11":"instock","12":"shipping-taxable","13":"purchasable","14":"product-type-simple"},"acf":[],"tiered_pricing_type":"fixed","tiered_pricing_fixed_rules":[],"tiered_pricing_product_settings":{"layout":"default","base_unit_name":{"singular":null,"plural":null},"default_variation":null},"tiered_pricing_minimum_quantity":null,"tiered_pricing_roles_data":[],"tiered_pricing_percentage_rules":[],"_links":{"self":[{"href":"https:\/\/purama.lt\/lv\/wp-json\/wp\/v2\/product\/44478","targetHints":{"allow":["GET"]}}],"collection":[{"href":"https:\/\/purama.lt\/lv\/wp-json\/wp\/v2\/product"}],"about":[{"href":"https:\/\/purama.lt\/lv\/wp-json\/wp\/v2\/types\/product"}],"replies":[{"embeddable":true,"href":"https:\/\/purama.lt\/lv\/wp-json\/wp\/v2\/comments?post=44478"}],"wp:featuredmedia":[{"embeddable":true,"href":"https:\/\/purama.lt\/lv\/wp-json\/wp\/v2\/media\/44479"}],"wp:attachment":[{"href":"https:\/\/purama.lt\/lv\/wp-json\/wp\/v2\/media?parent=44478"}],"wp:term":[{"taxonomy":"product_brand","embeddable":true,"href":"https:\/\/purama.lt\/lv\/wp-json\/wp\/v2\/product_brand?post=44478"},{"taxonomy":"product_cat","embeddable":true,"href":"https:\/\/purama.lt\/lv\/wp-json\/wp\/v2\/product_cat?post=44478"},{"taxonomy":"product_tag","embeddable":true,"href":"https:\/\/purama.lt\/lv\/wp-json\/wp\/v2\/product_tag?post=44478"}],"curies":[{"name":"wp","href":"https:\/\/api.w.org\/{rel}","templated":true}]}}