{"id":44476,"date":"2026-01-05T09:10:25","date_gmt":"2026-01-05T07:10:25","guid":{"rendered":"https:\/\/purama.lt\/?post_type=product&#038;p=44476"},"modified":"2026-04-19T11:20:19","modified_gmt":"2026-04-19T09:20:19","slug":"medica-group-super-orgasm-stop-gels","status":"publish","type":"product","link":"https:\/\/purama.lt\/lv\/produktas\/medica-group-zele-super-orgasm-stop\/","title":{"rendered":"MEDICA GROUP Super Orgasm Stop \u017delejs"},"content":{"rendered":"<p><strong>Izmanto\u0161ana<\/strong><br>Uzkl\u0101jiet nelielu daudzumu gela uz dzimumlocek\u013ca un viegli iemas\u0113jiet, pagaidiet da\u017eas min\u016btes, lai tas ies\u016bcas.<br>Ja nepiecie\u0161ams, var uzkl\u0101t papildu k\u0101rtu<br>Tikai \u0101r\u0113jai lieto\u0161anai; izvair\u012bties no saskares ar ac\u012bm un g\u013cot\u0101d\u0101m, p\u0101rtraukt lieto\u0161anu \u0101das kairin\u0101juma gad\u012bjum\u0101.<\/p>\n\n\n\n<p><strong>Sast\u0101vda\u013cas<\/strong><br>\u016bdens, propil\u0113nglikols, hidroksietilceluloze, polisorb\u0101ts 20, denatspirts, fenoksietanols, etilheksilglicer\u012bns, piparm\u0113tru e\u013c\u013ca, limon\u0113ns, linalols, mentols, mentols, piensk\u0101be.<\/p>","protected":false},"excerpt":{"rendered":"<p data-start=\"0\" data-end=\"452\"><strong data-start=\"16\" data-end=\"56\">Super orgasma aptur\u0113\u0161anas \u017eeleja<\/strong> Int\u012bm\u0101 \u017eeleja v\u012brie\u0161iem, kas izstr\u0101d\u0101ta, lai sniegtu jums liel\u0101ku kontroli int\u012bmajos br\u012b\u017eos. <strong data-start=\"139\" data-end=\"173\">pal\u012bdz\u0113t aizkav\u0113t ejakul\u0101ciju<\/strong>. Formula ar <strong data-start=\"186\" data-end=\"221\">mentols un piparm\u0113tru e\u013c\u013ca<\/strong> rada pat\u012bkamu atv\u0113sino\u0161u saj\u016btu, kas var main\u012bt kairin\u0101jumu saj\u016btu, savuk\u0101rt pati gela tekst\u016bra \u0113rti sadal\u0101s un ir piem\u0113rota jut\u012bg\u0101m viet\u0101m. Savietojams ar prezervat\u012bviem, un to var lietot kop\u0101 ar citiem lubrikantiem.<\/p>\n<p data-start=\"454\" data-end=\"750\"><strong data-start=\"454\" data-end=\"477\">K\u0101p\u0113c izv\u0113l\u0113ties<\/strong><br data-start=\"477\" data-end=\"480\" \/><strong data-start=\"480\" data-end=\"486\">\u2714\ufe0f<\/strong> Pal\u012bdz aizkav\u0113t ejakul\u0101ciju un sniedz liel\u0101ku kontroles saj\u016btu.<br data-start=\"555\" data-end=\"558\" \/><strong data-start=\"558\" data-end=\"564\">\u2714\ufe0f<\/strong> Mentola un piparm\u0113tras atv\u0113sino\u0161a saj\u016bta<br data-start=\"606\" data-end=\"609\" \/><strong data-start=\"609\" data-end=\"615\">\u2714\ufe0f<\/strong> \u0112rta \u017eelejas konsistence vieglai izplat\u012b\u0161anai<br data-start=\"664\" data-end=\"667\" \/><strong data-start=\"667\" data-end=\"673\">\u2714\ufe0f<\/strong> Sader\u012bgs ar prezervat\u012bviem<br data-start=\"703\" data-end=\"706\" \/><strong data-start=\"706\" data-end=\"712\">\u2714\ufe0f<\/strong> Var lietot kop\u0101 ar citiem sm\u0113rviel\u0101m<\/p>","protected":false},"featured_media":44477,"comment_status":"open","ping_status":"closed","template":"","meta":{"_acf_changed":true},"product_brand":[406],"product_cat":[276,57,277],"product_tag":[],"class_list":{"0":"post-44476","1":"product","2":"type-product","3":"status-publish","4":"has-post-thumbnail","6":"product_brand-medica-group","7":"product_cat-seksualinei-sveikatai","8":"product_cat-akcijos","9":"product_cat-vyrams","11":"first","12":"instock","13":"sale","14":"shipping-taxable","15":"purchasable","16":"product-type-simple"},"acf":[],"tiered_pricing_type":"fixed","tiered_pricing_fixed_rules":[],"tiered_pricing_product_settings":{"layout":"default","base_unit_name":{"singular":null,"plural":null},"default_variation":null},"tiered_pricing_minimum_quantity":null,"tiered_pricing_roles_data":[],"tiered_pricing_percentage_rules":[],"_links":{"self":[{"href":"https:\/\/purama.lt\/lv\/wp-json\/wp\/v2\/product\/44476","targetHints":{"allow":["GET"]}}],"collection":[{"href":"https:\/\/purama.lt\/lv\/wp-json\/wp\/v2\/product"}],"about":[{"href":"https:\/\/purama.lt\/lv\/wp-json\/wp\/v2\/types\/product"}],"replies":[{"embeddable":true,"href":"https:\/\/purama.lt\/lv\/wp-json\/wp\/v2\/comments?post=44476"}],"wp:featuredmedia":[{"embeddable":true,"href":"https:\/\/purama.lt\/lv\/wp-json\/wp\/v2\/media\/44477"}],"wp:attachment":[{"href":"https:\/\/purama.lt\/lv\/wp-json\/wp\/v2\/media?parent=44476"}],"wp:term":[{"taxonomy":"product_brand","embeddable":true,"href":"https:\/\/purama.lt\/lv\/wp-json\/wp\/v2\/product_brand?post=44476"},{"taxonomy":"product_cat","embeddable":true,"href":"https:\/\/purama.lt\/lv\/wp-json\/wp\/v2\/product_cat?post=44476"},{"taxonomy":"product_tag","embeddable":true,"href":"https:\/\/purama.lt\/lv\/wp-json\/wp\/v2\/product_tag?post=44476"}],"curies":[{"name":"wp","href":"https:\/\/api.w.org\/{rel}","templated":true}]}}