{"id":43904,"date":"2025-12-18T16:12:02","date_gmt":"2025-12-18T14:12:02","guid":{"rendered":"https:\/\/purama.lt\/produktas\/donotage-milteliai-suresleep-tikras-miegas\/"},"modified":"2026-03-31T13:36:16","modified_gmt":"2026-03-31T11:36:16","slug":"donotage-pulveris-suresleep-real-sleep","status":"publish","type":"product","link":"https:\/\/purama.lt\/lv\/produktas\/donotage-milteliai-suresleep-tikras-miegas\/","title":{"rendered":"DoNotAge SureSleep pulveris"},"content":{"rendered":"<p><strong>Pat\u0113ri\u0146\u0161<\/strong><br>1 porciju samaisiet ar \u016bdeni un lietojiet 30-60 min\u016btes pirms gul\u0113tie\u0161anas.<br>Ieteicams lietot vakar\u0101, past\u0101v\u012bgi k\u0101 da\u013cu no vakara rut\u012bnas.<br>Ja lietojat recep\u0161u medikamentus, esat gr\u016btniece vai barojat b\u0113rnu ar kr\u016bti - pirms lieto\u0161anas konsult\u0113jieties ar vesel\u012bbas apr\u016bpes speci\u0101listu; nav paredz\u0113ts b\u0113rniem.<\/p>\n\n\n\n<p><strong>Sast\u0101vda\u013cas<\/strong><br>magnija glicin\u0101ts, magnija citr\u0101ts, l-triptof\u0101ns, prunus cerasus ekstrakts, l-thean\u012bns, dabiska \u0137ir\u0161u gar\u0161a.<\/p>\n\n\n\n<p><strong>P\u0101rtikas apstr\u0101des sertifik\u0101ts:&nbsp;<\/strong>69MTSPA-667<\/p>\n\n\n\n<h3 class=\"wp-block-heading\">Vair\u0101k DoNotAge produktu<\/h3>\n\n\n\n<p>Skat\u012bt pilnu <strong>DoNotAge<\/strong> Purama.lt - der\u012bgs tagad <strong>-10% atlaide<\/strong>:<\/p>\n\n\n\n<p><a href=\"https:\/\/purama.lt\/lv\/produktu-etiketes\/donotage\/\">Apskat\u012bt DoNotAge kl\u0101stu<\/a><\/p>\n\n\n\n<p><\/p>","protected":false},"excerpt":{"rendered":"<p data-start=\"0\" data-end=\"726\"><strong data-start=\"16\" data-end=\"41\">DoNotAge - SureSleep<\/strong>\u00a0ir pulverveida miega atbalsta formula, kas izstr\u0101d\u0101ta, lai pal\u012bdz\u0113tu jums lab\u0101k aizmigt un lab\u0101k atp\u016bsties, bez \u201esmaguma\u201c saj\u016btas no r\u012bta. T\u0101 apvieno divas magnija formas (glicin\u0101ts un citr\u0101ts), L-tean\u012bnu, L-triptof\u0101nu un \u0137ir\u0161u (Prunus cerasus) ekstraktu, vienlaikus... <strong data-start=\"314\" data-end=\"341\">dabisk\u0101 \u0137ir\u0161u gar\u0161a<\/strong> atvieglo ikdienas lieto\u0161anu. Formula, kas izstr\u0101d\u0101ta, lai atbalst\u012btu <strong data-start=\"399\" data-end=\"422\">miega un nomoda ritms<\/strong>, nervu sist\u0113mas atsl\u0101bin\u0101\u0161ana un atvese\u013co\u0161an\u0101s nakts laik\u0101; L-tean\u012bns ir saist\u012bts ar alfa smadze\u0146u vi\u013c\u0146u aktivit\u0101ti, bet L-triptof\u0101ns - ar dabisko seroton\u012bna un melaton\u012bna ce\u013cu. Tiek apgalvots, ka produkts ir veg\u0101nisks, bez \u0122MO, bez izplat\u012btiem alerg\u0113niem, bez m\u0101ksl\u012bg\u0101m piedev\u0101m, ar stingru kvalit\u0101tes kontroli.<\/p>\n<p data-start=\"728\" data-end=\"1064\"><strong data-start=\"728\" data-end=\"751\">K\u0101p\u0113c izv\u0113l\u0113ties<\/strong><br data-start=\"751\" data-end=\"754\" \/><strong data-start=\"754\" data-end=\"760\">\u2714\ufe0f<\/strong> vair\u0101ku akt\u012bvo sast\u0101vda\u013cu kombin\u0101cija vakara relaks\u0101cijai un miega kvalit\u0101tei.<br data-start=\"838\" data-end=\"841\" \/><strong data-start=\"841\" data-end=\"847\">\u2714\ufe0f<\/strong> magnija glicin\u0101ts un citr\u0101ts - nervu sist\u0113mas l\u012bdzsvaram un mier\u012bgai vakara rut\u012bnai.<br data-start=\"928\" data-end=\"931\" \/><strong data-start=\"931\" data-end=\"937\">\u2714\ufe0f<\/strong> Sk\u0101b\u0101 \u0137ir\u0161a ekstrakts - dabisk\u0101 miega ritma atbalstam<br data-start=\"1004\" data-end=\"1007\" \/><strong data-start=\"1007\" data-end=\"1013\">\u2714\ufe0f<\/strong> Veg\u0101nu, bez \u0122MO un bez m\u0101ksl\u012bg\u0101m piedev\u0101m<\/p>","protected":false},"featured_media":43911,"comment_status":"open","ping_status":"closed","template":"","meta":{"_acf_changed":false},"product_brand":[242],"product_cat":[123,57,271,270,269],"product_tag":[],"class_list":{"0":"post-43904","1":"product","2":"type-product","3":"status-publish","4":"has-post-thumbnail","6":"product_brand-donotage","7":"product_cat-papildai-ilgaamziskumui","8":"product_cat-akcijos","9":"product_cat-miego-kokybe","10":"product_cat-streso-mazinimas","11":"product_cat-stresui-ir-miegui","13":"first","14":"instock","15":"sale","16":"shipping-taxable","17":"purchasable","18":"product-type-simple"},"acf":[],"tiered_pricing_type":"fixed","tiered_pricing_fixed_rules":[],"tiered_pricing_product_settings":{"layout":"default","base_unit_name":{"singular":null,"plural":null},"default_variation":null},"tiered_pricing_minimum_quantity":null,"tiered_pricing_roles_data":[],"tiered_pricing_percentage_rules":[],"_links":{"self":[{"href":"https:\/\/purama.lt\/lv\/wp-json\/wp\/v2\/product\/43904","targetHints":{"allow":["GET"]}}],"collection":[{"href":"https:\/\/purama.lt\/lv\/wp-json\/wp\/v2\/product"}],"about":[{"href":"https:\/\/purama.lt\/lv\/wp-json\/wp\/v2\/types\/product"}],"replies":[{"embeddable":true,"href":"https:\/\/purama.lt\/lv\/wp-json\/wp\/v2\/comments?post=43904"}],"wp:featuredmedia":[{"embeddable":true,"href":"https:\/\/purama.lt\/lv\/wp-json\/wp\/v2\/media\/43911"}],"wp:attachment":[{"href":"https:\/\/purama.lt\/lv\/wp-json\/wp\/v2\/media?parent=43904"}],"wp:term":[{"taxonomy":"product_brand","embeddable":true,"href":"https:\/\/purama.lt\/lv\/wp-json\/wp\/v2\/product_brand?post=43904"},{"taxonomy":"product_cat","embeddable":true,"href":"https:\/\/purama.lt\/lv\/wp-json\/wp\/v2\/product_cat?post=43904"},{"taxonomy":"product_tag","embeddable":true,"href":"https:\/\/purama.lt\/lv\/wp-json\/wp\/v2\/product_tag?post=43904"}],"curies":[{"name":"wp","href":"https:\/\/api.w.org\/{rel}","templated":true}]}}