{"id":43440,"date":"2025-12-10T08:42:38","date_gmt":"2025-12-10T06:42:38","guid":{"rendered":"https:\/\/purama.lt\/produktas\/medica-group-stiprios-erekcijos-5-menesiu-kursas\/"},"modified":"2026-03-18T13:43:50","modified_gmt":"2026-03-18T11:43:50","slug":"medica-grupa-speciga-erekcija-5-menesu-kurss","status":"publish","type":"product","link":"https:\/\/purama.lt\/lv\/produktas\/medica-group-stiprios-erekcijos-5-menesiu-kursas\/","title":{"rendered":"MEDICA GROUP BigErection Stiprus erekciju 5 m\u0113ne\u0161u kurss"},"content":{"rendered":"<p><strong>Pat\u0113ri\u0146\u0161<\/strong><br>Pieaugu\u0161iem v\u012brie\u0161iem lietojiet pa 1 kapsulai 2 reizes dien\u0101, uzdzerot nedaudz \u016bdens.<br>Nep\u0101rsniedziet 2 kapsulas dien\u0101 un ieteicamo dienas devu; uztura bag\u0101tin\u0101t\u0101js neaizst\u0101j daudzveid\u012bgu un sabalans\u0113tu uzturu un vesel\u012bgu dz\u012bvesveidu.<br>Uzglab\u0101t b\u0113rniem nepieejam\u0101 viet\u0101, nelietot paaugstin\u0101tas jut\u012bbas pret k\u0101du no sast\u0101vda\u013c\u0101m gad\u012bjum\u0101.<\/p>\n\n\n\n<p><strong>Sast\u0101vda\u013cas<\/strong><br>l-argin\u012bns, \u017eelat\u012bns, \u017ee\u0146\u0161e\u0146a saknes ekstrakts 4:1, maca saknes ekstrakts 4:1, sarsaparillas saknes ekstrakts 4:1, pela\u0161\u0137a s\u0113klu ekstrakts 20:1, melno auzu ekstrakts 10:1, pildviela: mikrokrist\u0101lisk\u0101 celuloze.<\/p>\n\n\n\n<p><strong>P\u0101rtikas apstr\u0101des sertifik\u0101ts:\u00a0<\/strong>69MTSPA-667<\/p>","protected":false},"excerpt":{"rendered":"<p data-start=\"0\" data-end=\"613\"><strong data-start=\"16\" data-end=\"47\">Medica-Group - Liela erekcija<\/strong> ir uztura bag\u0101tin\u0101t\u0101js v\u012brie\u0161iem, kas paredz\u0113ts ikdienas uztur\u0101 pievienot augu ekstraktus un L-argin\u012bnu, lai pal\u012bdz\u0113tu uztur\u0113t seksu\u0101lo iztur\u012bbu un erekcijas funkciju. Satur maca, amerik\u0101\u0146u \u017ee\u0146\u0161e\u0146u, tribulusu, sarsaparilli un auzu z\u0101li, un tradicion\u0101li tiek saist\u012bts ar v\u012brie\u0161u ener\u0123ijas, fizisk\u0101s veiktsp\u0113jas un asinsrites veicin\u0101\u0161anu. L-argin\u012bns ir labi izp\u0113t\u012bta aminosk\u0101be, no kuras organism\u0101 veidojas sl\u0101pek\u013ca oks\u012bds, kas piedal\u0101s norm\u0101l\u0101 asinsrit\u0113, t\u0101p\u0113c \u0161\u012b kombin\u0101cija ir \u0113rta v\u012brie\u0161iem, kuri v\u0113las konsekventi r\u016bp\u0113ties par savu int\u012bmo vesel\u012bbu.<\/p>\n<p data-start=\"615\" data-end=\"1009\"><strong data-start=\"615\" data-end=\"638\">K\u0101p\u0113c izv\u0113l\u0113ties<\/strong><br data-start=\"638\" data-end=\"641\" \/><strong data-start=\"641\" data-end=\"647\">\u2714\ufe0f<\/strong> Papildin\u0101jums, kas \u012bpa\u0161i izstr\u0101d\u0101ts v\u012brie\u0161iem, lai atbalst\u012btu erektil\u0101s funkcijas un seksu\u0101lo iztur\u012bbu.<br data-start=\"738\" data-end=\"741\" \/><strong data-start=\"741\" data-end=\"747\">\u2714\ufe0f<\/strong> Vair\u0101ku koncentr\u0113tu augu ekstraktu kombin\u0101cija vien\u0101 kapsul\u0101<br data-start=\"812\" data-end=\"815\" \/><strong data-start=\"815\" data-end=\"821\">\u2714\ufe0f<\/strong> Papildin\u0101ts ar L-argin\u012bnu, kas ir b\u016btiska aminosk\u0101be asinsrites atbalstam.<br data-start=\"889\" data-end=\"892\" \/><strong data-start=\"892\" data-end=\"898\">\u2714\ufe0f<\/strong> Piem\u0113rots ilg\u0101kam un past\u0101v\u012bgam lieto\u0161anas laikam<br data-start=\"943\" data-end=\"946\" \/><strong data-start=\"946\" data-end=\"952\">\u2714\ufe0f<\/strong> \u0112rta kapsulu forma, viegli iek\u013caujama ikdienas rut\u012bn\u0101.<\/p>","protected":false},"featured_media":43445,"comment_status":"open","ping_status":"closed","template":"","meta":{"_acf_changed":true},"product_brand":[406],"product_cat":[276,57,277],"product_tag":[],"class_list":{"0":"post-43440","1":"product","2":"type-product","3":"status-publish","4":"has-post-thumbnail","6":"product_brand-medica-group","7":"product_cat-seksualinei-sveikatai","8":"product_cat-akcijos","9":"product_cat-vyrams","11":"first","12":"instock","13":"sale","14":"shipping-taxable","15":"purchasable","16":"product-type-simple"},"acf":[],"tiered_pricing_type":"fixed","tiered_pricing_fixed_rules":[],"tiered_pricing_product_settings":{"layout":"default","base_unit_name":{"singular":null,"plural":null},"default_variation":null},"tiered_pricing_minimum_quantity":null,"tiered_pricing_roles_data":[],"tiered_pricing_percentage_rules":[],"_links":{"self":[{"href":"https:\/\/purama.lt\/lv\/wp-json\/wp\/v2\/product\/43440","targetHints":{"allow":["GET"]}}],"collection":[{"href":"https:\/\/purama.lt\/lv\/wp-json\/wp\/v2\/product"}],"about":[{"href":"https:\/\/purama.lt\/lv\/wp-json\/wp\/v2\/types\/product"}],"replies":[{"embeddable":true,"href":"https:\/\/purama.lt\/lv\/wp-json\/wp\/v2\/comments?post=43440"}],"wp:featuredmedia":[{"embeddable":true,"href":"https:\/\/purama.lt\/lv\/wp-json\/wp\/v2\/media\/43445"}],"wp:attachment":[{"href":"https:\/\/purama.lt\/lv\/wp-json\/wp\/v2\/media?parent=43440"}],"wp:term":[{"taxonomy":"product_brand","embeddable":true,"href":"https:\/\/purama.lt\/lv\/wp-json\/wp\/v2\/product_brand?post=43440"},{"taxonomy":"product_cat","embeddable":true,"href":"https:\/\/purama.lt\/lv\/wp-json\/wp\/v2\/product_cat?post=43440"},{"taxonomy":"product_tag","embeddable":true,"href":"https:\/\/purama.lt\/lv\/wp-json\/wp\/v2\/product_tag?post=43440"}],"curies":[{"name":"wp","href":"https:\/\/api.w.org\/{rel}","templated":true}]}}