{"id":43219,"date":"2025-12-05T13:41:34","date_gmt":"2025-12-05T11:41:34","guid":{"rendered":"https:\/\/purama.lt\/produktas\/purama-dovanu-kuponas-150-eur\/"},"modified":"2026-01-05T13:07:42","modified_gmt":"2026-01-05T11:07:42","slug":"purama-davanu-kartes-e150","status":"publish","type":"product","link":"https:\/\/purama.lt\/lv\/produktas\/purama-dovanu-kuponas-150-eur\/","title":{"rendered":"Purama d\u0101vanu kupons \u20ac150 v\u0113rt\u012bb\u0101"},"content":{"rendered":"<p><strong>K\u0101 izmantot d\u0101vanu kuponu<\/strong><\/p>\n\n\n\n<ol class=\"wp-block-list\">\n<li>Izv\u0113lieties v\u0113lam\u0101s preces un&nbsp;<strong>ielieciet tos iepirkumu groz\u0101<\/strong>.<\/li>\n\n\n\n<li>Dodieties uz&nbsp;<strong>iepirkumu grozs<\/strong>&nbsp;vai&nbsp;<strong>izrakst\u012bties no<\/strong>&nbsp;lapa.<\/li>\n\n\n\n<li>Lauk\u0101&nbsp;<strong>\u201eAtlaides kods\u201c \/ \u201eKupona kods\u201c<\/strong>&nbsp;ievadiet d\u0101vanu kupon\u0101 nor\u0101d\u012bto kodu.<\/li>\n\n\n\n<li>Noklik\u0161\u0137iniet uz&nbsp;<strong>\u201ePiem\u0113rot kuponu\u201c<\/strong>&nbsp;- kupona v\u0113rt\u012bba tiks autom\u0101tiski atskait\u012bta no j\u016bsu pirkumiem.<\/li>\n\n\n\n<li>Ja kop\u0113j\u0101 groza summa&nbsp;<strong>p\u0101rsniedz kupona v\u0113rt\u012bbu<\/strong>, P\u0113c tam, kad sist\u0113ma ir piem\u0113rojusi atlaidi, varat samaks\u0101t atliku\u0161o summu, izmantojot izv\u0113l\u0113to maks\u0101jumu veidu.<\/li>\n<\/ol>\n\n\n\n<p>Kupona kods der\u012bgs tikai&nbsp;<strong>par pas\u016bt\u012bjumu<\/strong>, Lai maksim\u0101li izmantotu d\u0101vanu kupona v\u0113rt\u012bbu, iesak\u0101m pirms apmaksas pievienot visus v\u0113lamos produktus grozam.<\/p>\n\n\n\n<p><strong>D\u0101vanu kuponu izmanto\u0161anas noteikumi<\/strong><\/p>\n\n\n\n<ol class=\"wp-block-list\">\n<li><strong>D\u0101vanu kupons ir elektronisks d\u0101vanu kupons.<\/strong>, lai samaks\u0101tu par prec\u0113m m\u016bsu e-veikal\u0101.<\/li>\n\n\n\n<li><strong>Kupona nomin\u0101lv\u0113rt\u012bbu nevar sadal\u012bt.<\/strong>&nbsp;vair\u0101kos maz\u0101kas v\u0113rt\u012bbas kuponos.<\/li>\n\n\n\n<li><strong>Kupons ir vienreiz\u0113js.<\/strong>&nbsp;Tikl\u012bdz kupona kods ir izmantots pirkumu apmaksai, kupons tiek uzskat\u012bts par izmantotu un k\u013c\u016bst neder\u012bgs neatkar\u012bgi no faktiski izmantot\u0101s summas.<\/li>\n\n\n\n<li><strong>Kuponu nevar apmain\u012bt pret naudu, un tas nav atmaks\u0101jams.<\/strong>&nbsp;Starp\u012bba starp kupona v\u0113rt\u012bbu un rezerv\u0101cijas summu nav atmaks\u0101jama, un to nevar izmantot v\u0113l\u0101k.<\/li>\n\n\n\n<li><strong>\u0160o d\u0101vanu kuponu nevar izmantot citu d\u0101vanu kuponu ieg\u0101dei.<\/strong><\/li>\n\n\n\n<li><strong>Kupona der\u012bguma termi\u0146\u0161 - 3 m\u0113ne\u0161i<\/strong>&nbsp;no ieg\u0101des datuma. P\u0113c der\u012bguma termi\u0146a beig\u0101m kupons autom\u0101tiski k\u013c\u016bst neder\u012bgs.<\/li>\n\n\n\n<li><strong>Ja pirkumu summa p\u0101rsniedz d\u0101vanu kupona v\u0113rt\u012bbu,<\/strong>&nbsp;Klients var samaks\u0101t nesamaks\u0101to summu, izmantojot pa\u0161a izv\u0113l\u0113tu maks\u0101jumu veidu.<\/li>\n\n\n\n<li><strong>Ja pirkumu summa ir maz\u0101ka par kupona v\u0113rt\u012bbu,<\/strong>&nbsp;Starp\u012bba nav atmaks\u0101jama un to nevar izmantot citam pas\u016bt\u012bjumam - iesak\u0101m pievienot grozam pietiekami daudz pre\u010du, lai maksim\u0101li izmantotu kupona v\u0113rt\u012bbu.<\/li>\n<\/ol>","protected":false},"excerpt":{"rendered":"<p><strong>D\u0101viniet m\u012b\u013cotajam<\/strong> iesp\u0113ja r\u016bp\u0113ties par savu vesel\u012bbu, ener\u0123iju un ilgm\u016b\u017e\u012bbu. <strong data-start=\"91\" data-end=\"133\">Purama d\u0101vanu kartes no 20 l\u012bdz 300 \u20ac<\/strong> - T\u0101 ir elast\u012bga un p\u0101rdom\u0101ta d\u0101vana, ko sa\u0146\u0113m\u0113js var piel\u0101got sav\u0101m vajadz\u012bb\u0101m: no neliela vesel\u012bbas ritu\u0101la l\u012bdz pilnv\u0113rt\u012bgam vair\u0101ku m\u0113ne\u0161u ilgm\u016b\u017e\u012bbas kursam.<\/p>\n<p>Sa\u0146\u0113m\u0113js var\u0113s izv\u0113l\u0113ties vispiem\u0113rot\u0101kos no tiem. <strong data-start=\"664\" data-end=\"740\">ilgm\u016b\u017e\u012bbu, ener\u0123iju, miega kvalit\u0101ti, imunit\u0101ti, skaistumu vai visp\u0101r\u0113jo labsaj\u016btu.<\/strong> produkti<strong> no kop\u0113j\u0101 Purama diapazona<\/strong> - bez spekul\u0101ciju un \u201epat\u012bk\/nepat\u012bk\u201c riska.<\/p>\n<p>E-d\u0101vanu kuponu \u0113rti sa\u0146emiet sav\u0101 e-past\u0101, un to var izdruk\u0101t un pasniegt fiziski vai nos\u016bt\u012bt k\u0101 stil\u012bgu digit\u0101lu d\u0101vanu da\u017eu sekun\u017eu laik\u0101. T\u0101 ir praktiska, m\u016bsdien\u012bga un vienlaikus \u013coti personiska izv\u0113le, ja v\u0113laties par\u016bp\u0113ties ne tikai par \u0161odienu, bet ar\u012b par r\u012btdienu.<\/p>","protected":false},"featured_media":43227,"comment_status":"open","ping_status":"closed","template":"","meta":{"_acf_changed":false},"product_brand":[],"product_cat":[473],"product_tag":[],"class_list":{"0":"post-43219","1":"product","2":"type-product","3":"status-publish","4":"has-post-thumbnail","6":"product_cat-dovanu-kuponai","8":"first","9":"instock","10":"downloadable","11":"virtual","12":"purchasable","13":"product-type-simple"},"acf":[],"tiered_pricing_type":"fixed","tiered_pricing_fixed_rules":[],"tiered_pricing_product_settings":{"layout":"default","base_unit_name":{"singular":null,"plural":null},"default_variation":null},"tiered_pricing_minimum_quantity":null,"tiered_pricing_roles_data":[],"tiered_pricing_percentage_rules":[],"_links":{"self":[{"href":"https:\/\/purama.lt\/lv\/wp-json\/wp\/v2\/product\/43219","targetHints":{"allow":["GET"]}}],"collection":[{"href":"https:\/\/purama.lt\/lv\/wp-json\/wp\/v2\/product"}],"about":[{"href":"https:\/\/purama.lt\/lv\/wp-json\/wp\/v2\/types\/product"}],"replies":[{"embeddable":true,"href":"https:\/\/purama.lt\/lv\/wp-json\/wp\/v2\/comments?post=43219"}],"wp:featuredmedia":[{"embeddable":true,"href":"https:\/\/purama.lt\/lv\/wp-json\/wp\/v2\/media\/43227"}],"wp:attachment":[{"href":"https:\/\/purama.lt\/lv\/wp-json\/wp\/v2\/media?parent=43219"}],"wp:term":[{"taxonomy":"product_brand","embeddable":true,"href":"https:\/\/purama.lt\/lv\/wp-json\/wp\/v2\/product_brand?post=43219"},{"taxonomy":"product_cat","embeddable":true,"href":"https:\/\/purama.lt\/lv\/wp-json\/wp\/v2\/product_cat?post=43219"},{"taxonomy":"product_tag","embeddable":true,"href":"https:\/\/purama.lt\/lv\/wp-json\/wp\/v2\/product_tag?post=43219"}],"curies":[{"name":"wp","href":"https:\/\/api.w.org\/{rel}","templated":true}]}}