{"id":43204,"date":"2025-12-05T13:33:54","date_gmt":"2025-12-05T11:33:54","guid":{"rendered":"https:\/\/purama.lt\/produktas\/purama-mikrostimuliuojantis-veido-volelis\/"},"modified":"2026-03-21T19:01:53","modified_gmt":"2026-03-21T17:01:53","slug":"purama-mikrostimulejosais-sejas-rullitis","status":"publish","type":"product","link":"https:\/\/purama.lt\/lv\/produktas\/purama-mikrostimuliuojantis-veido-volelis\/","title":{"rendered":"PURAMA mikrostimul\u0113jo\u0161ais sejas rull\u012btis"},"content":{"rendered":"<p><strong>Izmanto\u0161ana<\/strong><br>Uz t\u012bras \u0101das uzkl\u0101jiet savu iecien\u012bt\u0101ko serumu vai kr\u0113mu, p\u0113c tam l\u0113n\u0101m ripiniet rull\u012bti no sejas centra uz \u0101ru un no apak\u0161as uz aug\u0161u (seja, kakls, \u017eok\u013ca l\u012bnija), p\u0101rvelkot 5-10 reizes p\u0101ri katrai zonai. <br>Lietojiet 3-5 reizes ned\u0113\u013c\u0101 da\u017eas min\u016btes p\u0113c vajadz\u012bbas; p\u0113c lieto\u0161anas noskalojiet rull\u012bti ar maigu t\u012br\u012b\u0161anas l\u012bdzekli un labi nosusiniet. <br>Nelietot uz iekaisu\u0161as, boj\u0101tas, akt\u012bvi iekaisu\u0161as \u0101das, ar rozaceju, lieliem dzimumz\u012bm\u0113m vai izteiktu kapil\u0101ru t\u012bklu. <\/p>\n\n\n\n<p><\/p>\n\n\n\n<p><\/p>","protected":false},"excerpt":{"rendered":"<p data-start=\"0\" data-end=\"689\"><strong data-start=\"16\" data-end=\"57\">Purama - Mikrostimul\u0113jo\u0161ais sejas veltnis<\/strong> - Mikrostimul\u0113jo\u0161s sejas rull\u012btis maigai sejas mas\u0101\u017eai un ikdienas \u0101das kop\u0161anas proced\u016br\u0101m. Regul\u0101ra lieto\u0161ana pal\u012bdz aktiviz\u0113t virsmas mikrocirkul\u0101ciju un limfas pl\u016bsmu, k\u0101 rezult\u0101t\u0101 sejas \u0101da k\u013c\u016bst gai\u0161\u0101ka, glud\u0101ka un maz\u0101k piet\u016bku\u0161a. Rull\u012btis pal\u012bdz vienm\u0113r\u012bg\u0101k sadal\u012bt serumus un kr\u0113mus, lai to akt\u012bv\u0101s sast\u0101vda\u013cas lab\u0101k saskaras ar \u0101du un veicina t\u0101s glud\u0101ku tekst\u016bru. Maiga meh\u0101nisk\u0101 stimul\u0101cija ir balst\u012bta uz labi izp\u0113t\u012btu principu, ka mas\u0101\u017ea var atbalst\u012bt \u0101das dabisko atjauno\u0161anos un uzlabot t\u0101s visp\u0101r\u0113jo st\u0101vokli, \u012bpa\u0161i, ja to izmanto kop\u0101 ar labi izv\u0113l\u0113tiem \u0101das kop\u0161anas l\u012bdzek\u013ciem.<\/p>\n<p data-start=\"691\" data-end=\"1129\"><strong data-start=\"691\" data-end=\"714\">K\u0101p\u0113c izv\u0113l\u0113ties<\/strong><br data-start=\"714\" data-end=\"717\" \/><strong data-start=\"717\" data-end=\"723\">\u2714\ufe0f<\/strong> Maigi mikrostimul\u0113 sejas \u0101du un stimul\u0113 virsmas mikrocirkul\u0101ciju.<br data-start=\"798\" data-end=\"801\" \/><strong data-start=\"801\" data-end=\"807\">\u2714\ufe0f<\/strong> Pal\u012bdz mazin\u0101t piet\u016bkumu un vizu\u0101l\u0101s noguruma paz\u012bmes uz sejas.<br data-start=\"878\" data-end=\"881\" \/><strong data-start=\"881\" data-end=\"887\">\u2714\ufe0f<\/strong> Uzlabo serumu un kr\u0113mu sadal\u012bjumu uz \u0101das virsmas.<br data-start=\"946\" data-end=\"949\" \/><strong data-start=\"949\" data-end=\"955\">\u2714\ufe0f<\/strong> Piem\u0113rots ikdienas sejas mas\u0101\u017eai un pa\u0161apr\u016bpes proced\u016br\u0101m.<br data-start=\"1017\" data-end=\"1020\" \/><strong data-start=\"1020\" data-end=\"1026\">\u2714\ufe0f<\/strong> Meh\u0101nisks l\u012bdzeklis bez akt\u012bvaj\u0101m sast\u0101vda\u013c\u0101m - viegli kombin\u0113jams ar da\u017e\u0101d\u0101m \u0101das kop\u0161anas l\u012bnij\u0101m.<\/p>","protected":false},"featured_media":43357,"comment_status":"open","ping_status":"closed","template":"","meta":{"_acf_changed":false},"product_brand":[405],"product_cat":[92,500,59],"product_tag":[],"class_list":{"0":"post-43204","1":"product","2":"type-product","3":"status-publish","4":"has-post-thumbnail","6":"product_brand-purama","7":"product_cat-groziui","8":"product_cat-outlet","9":"product_cat-veidui","11":"first","12":"instock","13":"sale","14":"shipping-taxable","15":"purchasable","16":"product-type-variable"},"acf":[],"tiered_pricing_type":"fixed","tiered_pricing_fixed_rules":[],"tiered_pricing_product_settings":{"layout":"default","base_unit_name":{"singular":null,"plural":null},"default_variation":null},"tiered_pricing_minimum_quantity":null,"tiered_pricing_roles_data":[],"tiered_pricing_percentage_rules":[],"_links":{"self":[{"href":"https:\/\/purama.lt\/lv\/wp-json\/wp\/v2\/product\/43204","targetHints":{"allow":["GET"]}}],"collection":[{"href":"https:\/\/purama.lt\/lv\/wp-json\/wp\/v2\/product"}],"about":[{"href":"https:\/\/purama.lt\/lv\/wp-json\/wp\/v2\/types\/product"}],"replies":[{"embeddable":true,"href":"https:\/\/purama.lt\/lv\/wp-json\/wp\/v2\/comments?post=43204"}],"wp:featuredmedia":[{"embeddable":true,"href":"https:\/\/purama.lt\/lv\/wp-json\/wp\/v2\/media\/43357"}],"wp:attachment":[{"href":"https:\/\/purama.lt\/lv\/wp-json\/wp\/v2\/media?parent=43204"}],"wp:term":[{"taxonomy":"product_brand","embeddable":true,"href":"https:\/\/purama.lt\/lv\/wp-json\/wp\/v2\/product_brand?post=43204"},{"taxonomy":"product_cat","embeddable":true,"href":"https:\/\/purama.lt\/lv\/wp-json\/wp\/v2\/product_cat?post=43204"},{"taxonomy":"product_tag","embeddable":true,"href":"https:\/\/purama.lt\/lv\/wp-json\/wp\/v2\/product_tag?post=43204"}],"curies":[{"name":"wp","href":"https:\/\/api.w.org\/{rel}","templated":true}]}}