{"id":42808,"date":"2025-11-24T09:02:03","date_gmt":"2025-11-24T07:02:03","guid":{"rendered":"https:\/\/purama.lt\/produktas\/more-ekologiskas-bulgarisku-roziu-tonikas-veidui-ir-plaukams\/"},"modified":"2026-04-14T09:42:00","modified_gmt":"2026-04-14T07:42:00","slug":"vairak-ekologisks-bulgaru-rozu-toniks-sejai-un-matiem","status":"publish","type":"product","link":"https:\/\/purama.lt\/lv\/produktas\/more-ekologiskas-bulgarisku-roziu-tonikas-veidui-ir-plaukams\/","title":{"rendered":"Vair\u0101k Bulg\u0101rijas organiskais ro\u017eu toniks sejai un matiem"},"content":{"rendered":"<p><strong>Izmanto\u0161ana<\/strong><br>Uzsmidziniet ro\u017eu \u016bdeni uz t\u012bras sejas vai \u0137erme\u0146a \u0101das ar aizv\u0113rt\u0101m ac\u012bm un \u013caujiet tam ies\u016bkties vai ar\u012b viegli iemas\u0113jiet ar pirkstu galiem.<br>Lietojiet no r\u012bta un\/vai vakar\u0101 k\u0101 toniku pirms seruma, kr\u0113ma vai SPF, k\u0101 ar\u012b dienas laik\u0101, lai atsvaidzin\u0101tu \u0101du.<br>Tikai \u0101r\u0113jai lieto\u0161anai.<\/p>\n\n\n\n<p><strong>Sast\u0101vda\u013cas<\/strong><br>rosa damascena ziedu \u016bdens, lactobacillus ferments, citronelols, farnesols, geraniols, ro\u017eu ziedu e\u013c\u013ca.<\/p>","protected":false},"excerpt":{"rendered":"<p data-start=\"0\" data-end=\"638\"><strong data-start=\"16\" data-end=\"47\">Vair\u0101k - Bulg\u0101rijas ro\u017eu \u016bdens<\/strong> - Maigais bulg\u0101ru ro\u017eu \u016bdens sejai un \u0137ermenim ikdienas \u0101das, matu kop\u0161anai, atsvaidzin\u0101\u0161anai un toniz\u0113\u0161anai. Izgatavots no ar rok\u0101m v\u0101ktiem ro\u017eu ziediem, tas ir videi draudz\u012bgs un maigs pat jut\u012bgai \u0101dai. Pal\u012bdz no\u0146emt p\u0113d\u0113jos net\u012brumus p\u0113c mazg\u0101\u0161anas, mitrina un sagatavo \u0101du seruma, dienas kr\u0113ma vai saules aizsargkr\u0113ma lieto\u0161anai. Viegl\u0101 migli\u0146a dienas laik\u0101 pat\u012bkami atsvaidzina un pal\u012bdz mazin\u0101t \u0101das stiep\u0161an\u0101s un diskomforta saj\u016btu, savuk\u0101rt maigais ro\u017eu arom\u0101ts pie\u0161\u0137ir svaigumu. Ro\u017eu \u016bdeni kosm\u0113tik\u0101 nov\u0113rt\u0113 par t\u0101 maigo nomierino\u0161o iedarb\u012bbu un sp\u0113ju pal\u012bdz\u0113t uztur\u0113t \u0101das mitruma l\u012bdzsvaru.<\/p>\n<p data-start=\"640\" data-end=\"1003\"><strong data-start=\"640\" data-end=\"663\">K\u0101p\u0113c izv\u0113l\u0113ties<\/strong><br data-start=\"663\" data-end=\"666\" \/>\u2714\ufe0f Bulg\u0101rijas biolo\u0123iskais ro\u017eu \u016bdens, kas ieg\u016bts no ar rok\u0101m nov\u0101ktiem ziediem.<br data-start=\"729\" data-end=\"732\" \/>\u2714\ufe0f Piem\u0113rots k\u0101 toniks visiem \u0101das tipiem, pat jut\u012bgai \u0101dai un \u0101dai ar noslieci uz pinn\u0113m.<br data-start=\"802\" data-end=\"805\" \/>\u2714\ufe0f Atsvaidzina, mitrina un sagatavo \u0101du serumiem, kr\u0113miem un SPF l\u012bdzek\u013ciem.<br data-start=\"875\" data-end=\"878\" \/>\u2714\ufe0f Viegla izsmidzin\u0101m\u0101 forma \u0113rtai lieto\u0161anai jebkur\u0101 diennakts laik\u0101.<br data-start=\"945\" data-end=\"948\" \/>\u2714\ufe0f Veg\u0101nisks, maigs, bez spirta.<\/p>","protected":false},"featured_media":42803,"comment_status":"open","ping_status":"closed","template":"","meta":{"_acf_changed":true},"product_brand":[470],"product_cat":[92,500,304,305,220,59],"product_tag":[],"class_list":{"0":"post-42808","1":"product","2":"type-product","3":"status-publish","4":"has-post-thumbnail","6":"product_brand-more","7":"product_cat-groziui","8":"product_cat-outlet","9":"product_cat-plaukams","10":"product_cat-plauku-serumai","11":"product_cat-veido-tonikai","12":"product_cat-veidui","14":"first","15":"instock","16":"sale","17":"shipping-taxable","18":"purchasable","19":"product-type-simple"},"acf":[],"tiered_pricing_type":"fixed","tiered_pricing_fixed_rules":[],"tiered_pricing_product_settings":{"layout":"default","base_unit_name":{"singular":null,"plural":null},"default_variation":null},"tiered_pricing_minimum_quantity":null,"tiered_pricing_roles_data":[],"tiered_pricing_percentage_rules":[],"_links":{"self":[{"href":"https:\/\/purama.lt\/lv\/wp-json\/wp\/v2\/product\/42808","targetHints":{"allow":["GET"]}}],"collection":[{"href":"https:\/\/purama.lt\/lv\/wp-json\/wp\/v2\/product"}],"about":[{"href":"https:\/\/purama.lt\/lv\/wp-json\/wp\/v2\/types\/product"}],"replies":[{"embeddable":true,"href":"https:\/\/purama.lt\/lv\/wp-json\/wp\/v2\/comments?post=42808"}],"wp:featuredmedia":[{"embeddable":true,"href":"https:\/\/purama.lt\/lv\/wp-json\/wp\/v2\/media\/42803"}],"wp:attachment":[{"href":"https:\/\/purama.lt\/lv\/wp-json\/wp\/v2\/media?parent=42808"}],"wp:term":[{"taxonomy":"product_brand","embeddable":true,"href":"https:\/\/purama.lt\/lv\/wp-json\/wp\/v2\/product_brand?post=42808"},{"taxonomy":"product_cat","embeddable":true,"href":"https:\/\/purama.lt\/lv\/wp-json\/wp\/v2\/product_cat?post=42808"},{"taxonomy":"product_tag","embeddable":true,"href":"https:\/\/purama.lt\/lv\/wp-json\/wp\/v2\/product_tag?post=42808"}],"curies":[{"name":"wp","href":"https:\/\/api.w.org\/{rel}","templated":true}]}}