{"id":42807,"date":"2025-11-24T09:02:02","date_gmt":"2025-11-24T07:02:02","guid":{"rendered":"https:\/\/purama.lt\/produktas\/more-naturalus-bentonito-molis-veido-odai\/"},"modified":"2026-04-10T13:03:32","modified_gmt":"2026-04-10T11:03:32","slug":"dabiskaki-bentonita-mali-sejas-adai","status":"publish","type":"product","link":"https:\/\/purama.lt\/lv\/produktas\/more-naturalus-bentonito-molis-veido-odai\/","title":{"rendered":"Vair\u0101k dabisk\u0101 benton\u012bta m\u0101la sejas \u0101dai"},"content":{"rendered":"<p><strong>Izmanto\u0161ana<\/strong><br>Nemet\u0101lisk\u0101 trauk\u0101 samaisiet 1-2 \u0113damkarotes m\u0101la pulvera ar 1-2 \u0113damkarot\u0113m \u0101bolu eti\u0137a vai remdena \u016bdens, l\u012bdz izveidojas gluda masa. <br>Uzkl\u0101jiet uz t\u012bras \u0101das v\u0113lamaj\u0101s viet\u0101s, izvairoties no acu un l\u016bpu zonas, p\u0113c tam r\u016bp\u012bgi noskalojiet ar \u016bdeni.<br>Lietojiet ne bie\u017e\u0101k k\u0101 1-2 reizes ned\u0113\u013c\u0101; tikai \u0101r\u012bgai lieto\u0161anai, viegla tirp\u0161ana lieto\u0161anas laik\u0101 ir norm\u0101la. <\/p>\n\n\n\n<p><strong>Sast\u0101vda\u013cas<\/strong><br>benton\u012bts<\/p>","protected":false},"excerpt":{"rendered":"<p data-start=\"0\" data-end=\"670\"><strong data-start=\"16\" data-end=\"57\">Vair\u0101k - Amerikas benton\u012bta m\u0101la pulveris<\/strong> - 100 % Dab\u012bgs kalcija benton\u012bta m\u0101la pulveris sejas un \u0137erme\u0146a mask\u0101m, kas pal\u012bdz maigi, bet dzi\u013ci att\u012br\u012bt \u0101du. M\u0101lam piem\u012bt <strong data-start=\"187\" data-end=\"228\">\u013coti sp\u0113c\u012bga absorb\u0113jo\u0161\u0101 iedarb\u012bba<\/strong>, Tas pal\u012bdz izvad\u012bt lieko e\u013c\u013cu, net\u012brumus un virsmas net\u012brumus, padarot \u0101du vizu\u0101li t\u012br\u0101ku un maig\u0101ku. Tas ir vienas sast\u0101vda\u013cas, bez piedev\u0101m un smar\u017eviel\u0101m, piem\u0113rots DIY mask\u0101m un cit\u0101m \u0101r\u0113j\u0101m proced\u016br\u0101m. Kalcija benton\u012bta m\u0101ls ir vulk\u0101nisks miner\u0101ls ar augstu virsmas absorbcijas sp\u0113ju, t\u0101p\u0113c to bie\u017ei izmanto taukainas un problem\u0101tiskas \u0101das kop\u0161anai.<\/p>\n<p data-start=\"672\" data-end=\"1170\"><strong data-start=\"672\" data-end=\"695\">K\u0101p\u0113c izv\u0113l\u0113ties<\/strong><br data-start=\"695\" data-end=\"698\" \/>\u2714\ufe0f 100 % Kalcija benton\u012bta m\u0101ls, bez aromatiz\u0113t\u0101jiem un cit\u0101m piedev\u0101m\u00a0<br data-start=\"796\" data-end=\"799\" \/>\u2714\ufe0f Absorb\u0113 lieko e\u013c\u013cu un net\u012brumus un pal\u012bdz dzi\u013ci att\u012br\u012bt \u0101du.<br data-start=\"916\" data-end=\"919\" \/>\u2714\ufe0f Atst\u0101j \u0101du m\u012bkstu un gludu, ar t\u012br\u012bbas un svaiguma saj\u016btu.<br data-start=\"1024\" data-end=\"1027\" \/>\u2714\ufe0f Piem\u0113rots sejas, \u0137erme\u0146a vai galvas \u0101das mask\u0101m un cit\u0101m \u0101r\u0113j\u0101m proced\u016br\u0101m (tikai \u0101r\u0113jai lieto\u0161anai).<\/p>","protected":false},"featured_media":42800,"comment_status":"open","ping_status":"closed","template":"","meta":{"_acf_changed":true},"product_brand":[470],"product_cat":[92,142,56,59],"product_tag":[],"class_list":{"0":"post-42807","1":"product","2":"type-product","3":"status-publish","4":"has-post-thumbnail","6":"product_brand-more","7":"product_cat-groziui","8":"product_cat-veido-kaukes","9":"product_cat-veido-serumai","10":"product_cat-veidui","12":"first","13":"instock","14":"shipping-taxable","15":"purchasable","16":"product-type-simple"},"acf":[],"tiered_pricing_type":"fixed","tiered_pricing_fixed_rules":[],"tiered_pricing_product_settings":{"layout":"default","base_unit_name":{"singular":null,"plural":null},"default_variation":null},"tiered_pricing_minimum_quantity":null,"tiered_pricing_roles_data":[],"tiered_pricing_percentage_rules":[],"_links":{"self":[{"href":"https:\/\/purama.lt\/lv\/wp-json\/wp\/v2\/product\/42807","targetHints":{"allow":["GET"]}}],"collection":[{"href":"https:\/\/purama.lt\/lv\/wp-json\/wp\/v2\/product"}],"about":[{"href":"https:\/\/purama.lt\/lv\/wp-json\/wp\/v2\/types\/product"}],"replies":[{"embeddable":true,"href":"https:\/\/purama.lt\/lv\/wp-json\/wp\/v2\/comments?post=42807"}],"wp:featuredmedia":[{"embeddable":true,"href":"https:\/\/purama.lt\/lv\/wp-json\/wp\/v2\/media\/42800"}],"wp:attachment":[{"href":"https:\/\/purama.lt\/lv\/wp-json\/wp\/v2\/media?parent=42807"}],"wp:term":[{"taxonomy":"product_brand","embeddable":true,"href":"https:\/\/purama.lt\/lv\/wp-json\/wp\/v2\/product_brand?post=42807"},{"taxonomy":"product_cat","embeddable":true,"href":"https:\/\/purama.lt\/lv\/wp-json\/wp\/v2\/product_cat?post=42807"},{"taxonomy":"product_tag","embeddable":true,"href":"https:\/\/purama.lt\/lv\/wp-json\/wp\/v2\/product_tag?post=42807"}],"curies":[{"name":"wp","href":"https:\/\/api.w.org\/{rel}","templated":true}]}}