{"id":42806,"date":"2025-11-24T09:02:01","date_gmt":"2025-11-24T07:02:01","guid":{"rendered":"https:\/\/purama.lt\/produktas\/more-ekologiskas-argano-aliejus-plaukams-ir-odai\/"},"modified":"2026-04-14T09:42:00","modified_gmt":"2026-04-14T07:42:00","slug":"organiska-argana-ella-matiem-un-adai","status":"publish","type":"product","link":"https:\/\/purama.lt\/lv\/produktas\/more-ekologiskas-argano-aliejus-plaukams-ir-odai\/","title":{"rendered":"Vair\u0101k Organisk\u0101 argana e\u013c\u013ca matiem un \u0101dai"},"content":{"rendered":"<p><strong>Izmanto\u0161ana<\/strong><br>Ielieciet da\u017eus pilienus e\u013c\u013cas plaukst\u0101s, berz\u0113jiet rokas kop\u0101 un maigi iemas\u0113jiet t\u012br\u0101 sejas, \u0137erme\u0146a vai matu galos.<br>Lietojiet p\u0113c vajadz\u012bbas ikdienas kop\u0161anai vai k\u0101 intens\u012bv\u0101ku masku mitruma un maiguma nodro\u0161in\u0101\u0161anai.<br>Tikai \u0101r\u0113jai lieto\u0161anai.<\/p>\n\n\n\n<p><strong>Sast\u0101vda\u013cas<\/strong><br>argania spinosa kauli\u0146u e\u013c\u013ca<\/p>","protected":false},"excerpt":{"rendered":"<p data-start=\"106\" data-end=\"749\"><strong data-start=\"122\" data-end=\"172\">Vair\u0101k - Argana e\u013c\u013ca | 100% Organiska un aukst\u0101 spieduma<\/strong> - 100 % Dab\u012bga, organiska, auksti spiesta Marokas argana e\u013c\u013ca sejai, \u0137ermenim, matiem un nagiem. T\u0101 maigi baro un m\u012bkstina \u0101du, pal\u012bdz saglab\u0101t mitrumu un padara matus sp\u012bd\u012bgus un m\u012bkstus. E\u013c\u013ca \u0101tri ies\u016bcas un neapgr\u016btina, pal\u012bdzot mazin\u0101t sausas \u0101das sasprindzin\u0101jumu un raupjumu. Tas ir vienas sast\u0101vda\u013cas produkts bez smar\u017eviel\u0101m un cit\u0101m nevajadz\u012bg\u0101m piedev\u0101m, piem\u0113rots liel\u0101kajai da\u013cai \u0101das tipu, \u012bpa\u0161i sausai un nobriedu\u0161ai \u0101dai. Argana e\u013c\u013ca, kas ir dabiski bag\u0101ta ar E vitam\u012bnu un antioksidantiem, tiek pla\u0161i izmantota \u0101das barjeras un elast\u012bbas uztur\u0113\u0161anai.<\/p>\n<p data-start=\"751\" data-end=\"1114\"><strong data-start=\"751\" data-end=\"774\">K\u0101p\u0113c izv\u0113l\u0113ties<\/strong><br data-start=\"774\" data-end=\"777\" \/>\u2714\ufe0f 100 % Organiska, auksti spiesta argana e\u013c\u013ca bez piedev\u0101m<br data-start=\"838\" data-end=\"841\" \/>\u2714\ufe0f Piem\u0113rots sejai, \u0137ermenim, matiem un nagiem - univers\u0101ls l\u012bdzeklis.<br data-start=\"905\" data-end=\"908\" \/>\u2714\ufe0f \u0100tri ies\u016bcas, m\u012bkstina un izl\u012bdzina \u0101du, padarot matus sp\u012bd\u012bgus.<br data-start=\"984\" data-end=\"987\" data-is-only-node=\"\" \/>\u2714\ufe0f Nesatur smar\u017evielas, parab\u0113nus, silikonus, sulf\u0101tus un miner\u0101le\u013c\u013cas.<br data-start=\"1053\" data-end=\"1056\" \/>\u2714\ufe0f Piem\u0113rots liel\u0101kajai da\u013cai \u0101das tipu, \u012bpa\u0161i sausai un nobriedu\u0161ai \u0101dai.<\/p>","protected":false},"featured_media":42801,"comment_status":"open","ping_status":"closed","template":"","meta":{"_acf_changed":true},"product_brand":[470],"product_cat":[92,304,59],"product_tag":[],"class_list":{"0":"post-42806","1":"product","2":"type-product","3":"status-publish","4":"has-post-thumbnail","6":"product_brand-more","7":"product_cat-groziui","8":"product_cat-plaukams","9":"product_cat-veidui","11":"first","12":"instock","13":"shipping-taxable","14":"purchasable","15":"product-type-simple"},"acf":[],"tiered_pricing_type":"fixed","tiered_pricing_fixed_rules":[],"tiered_pricing_product_settings":{"layout":"default","base_unit_name":{"singular":null,"plural":null},"default_variation":null},"tiered_pricing_minimum_quantity":null,"tiered_pricing_roles_data":[],"tiered_pricing_percentage_rules":[],"_links":{"self":[{"href":"https:\/\/purama.lt\/lv\/wp-json\/wp\/v2\/product\/42806","targetHints":{"allow":["GET"]}}],"collection":[{"href":"https:\/\/purama.lt\/lv\/wp-json\/wp\/v2\/product"}],"about":[{"href":"https:\/\/purama.lt\/lv\/wp-json\/wp\/v2\/types\/product"}],"replies":[{"embeddable":true,"href":"https:\/\/purama.lt\/lv\/wp-json\/wp\/v2\/comments?post=42806"}],"wp:featuredmedia":[{"embeddable":true,"href":"https:\/\/purama.lt\/lv\/wp-json\/wp\/v2\/media\/42801"}],"wp:attachment":[{"href":"https:\/\/purama.lt\/lv\/wp-json\/wp\/v2\/media?parent=42806"}],"wp:term":[{"taxonomy":"product_brand","embeddable":true,"href":"https:\/\/purama.lt\/lv\/wp-json\/wp\/v2\/product_brand?post=42806"},{"taxonomy":"product_cat","embeddable":true,"href":"https:\/\/purama.lt\/lv\/wp-json\/wp\/v2\/product_cat?post=42806"},{"taxonomy":"product_tag","embeddable":true,"href":"https:\/\/purama.lt\/lv\/wp-json\/wp\/v2\/product_tag?post=42806"}],"curies":[{"name":"wp","href":"https:\/\/api.w.org\/{rel}","templated":true}]}}