{"id":42805,"date":"2025-11-24T09:02:00","date_gmt":"2025-11-24T07:02:00","guid":{"rendered":"https:\/\/purama.lt\/produktas\/more-ekologiskas-saltai-spaustas-jojobos-aliejus\/"},"modified":"2026-04-14T09:42:00","modified_gmt":"2026-04-14T07:42:00","slug":"vairak-organiskas-neapstradatas-jojobas-ellas","status":"publish","type":"product","link":"https:\/\/purama.lt\/lv\/produktas\/more-ekologiskas-saltai-spaustas-jojobos-aliejus\/","title":{"rendered":"VAIR\u0100K Organisk\u0101 aukst\u0101 spieduma jojobas e\u013c\u013ca"},"content":{"rendered":"<p><strong>Izmanto\u0161ana<\/strong><br>Pievienojiet da\u017eus pilienus e\u013c\u013cas plaukst\u0101m un maigi iemas\u0113jiet to t\u012br\u0101 sejas vai \u0137erme\u0146a \u0101d\u0101, matu galos vai nagu kutikul\u0101s.<br>Lietojiet no r\u012bta un\/vai vakar\u0101 p\u0113c vajadz\u012bbas, atsevi\u0161\u0137i vai p\u0113c tonika un pirms kr\u0113ma.<br>Tikai \u0101r\u0113jai lieto\u0161anai.<\/p>\n\n\n\n<p><strong>Sast\u0101vda\u013cas<\/strong><br>simmondsia chinensis s\u0113klu e\u013c\u013ca<\/p>","protected":false},"excerpt":{"rendered":"<p><strong>Vair\u0101k - Jojoba e\u013c\u013ca<\/strong> - 100 % Dab\u012bga, organiska, aukst\u0101 spieduma jojobas e\u013c\u013ca sejai, \u0137ermenim un matiem. T\u0101 pal\u012bdz l\u012bdzsvarot \u0101das sebuma veido\u0161anos, nodro\u0161inot mitrumu un maigumu, nepadarot \u0101du smagn\u0113ju un neatst\u0101jot taukainu sl\u0101ni. \u0160\u012b daudzfunkcion\u0101l\u0101 e\u013c\u013ca ir piem\u0113rota visiem \u0101das tipiem, \u012bpa\u0161i jauktai, taukainai un uz akne tend\u0113tai \u0101dai, jo t\u0101s \u012bpa\u0161\u012bbas ir l\u012bdz\u012bgas \u0101das dabiskajam sebum. Regul\u0101ri lietojot, t\u0101 pal\u012bdz uztur\u0113t \u0101das komfortu, tvirtumu un elast\u012bbu, nomierina sausus plankumus un nov\u0113r\u0161 saspringuma saj\u016btu. Jojobas e\u013c\u013ca ir pla\u0161i nov\u0113rt\u0113ta t\u0101s nomierino\u0161o un aizsarg\u0101jo\u0161o \u012bpa\u0161\u012bbu d\u0113\u013c un t\u0101s sp\u0113jas pal\u012bdz\u0113t uztur\u0113t \u0101das barjeru. <\/p>\n<p>K\u0101p\u0113c izv\u0113l\u0113ties<br \/>\u2714\ufe0f 100 % dab\u012bga, organiska, auksti spiesta jojobas e\u013c\u013ca bez piedev\u0101m<br \/>\u2714\ufe0f Pal\u012bdz l\u012bdzsvarot sebuma veido\u0161anos un uztur mitruma l\u012bdzsvaru.<br \/>\u2714\ufe0f Piem\u0113rots visiem \u0101das tipiem, pat jut\u012bgai \u0101dai un \u0101dai ar noslieci uz pinn\u0113m.<br \/>\u2714\ufe0f \u0100tri ies\u016bcas, neatst\u0101j taukainu, smagu saj\u016btu.<br \/>\u2714\ufe0f Daudzfunkcion\u0101ls - sejai, \u0137ermenim, matiem un kutikul\u0101m<\/p>","protected":false},"featured_media":42802,"comment_status":"open","ping_status":"closed","template":"","meta":{"_acf_changed":true},"product_brand":[470],"product_cat":[92,500,304,59],"product_tag":[],"class_list":{"0":"post-42805","1":"product","2":"type-product","3":"status-publish","4":"has-post-thumbnail","6":"product_brand-more","7":"product_cat-groziui","8":"product_cat-outlet","9":"product_cat-plaukams","10":"product_cat-veidui","12":"first","13":"instock","14":"sale","15":"shipping-taxable","16":"purchasable","17":"product-type-simple"},"acf":[],"tiered_pricing_type":"fixed","tiered_pricing_fixed_rules":[],"tiered_pricing_product_settings":{"layout":"default","base_unit_name":{"singular":null,"plural":null},"default_variation":null},"tiered_pricing_minimum_quantity":null,"tiered_pricing_roles_data":[],"tiered_pricing_percentage_rules":[],"_links":{"self":[{"href":"https:\/\/purama.lt\/lv\/wp-json\/wp\/v2\/product\/42805","targetHints":{"allow":["GET"]}}],"collection":[{"href":"https:\/\/purama.lt\/lv\/wp-json\/wp\/v2\/product"}],"about":[{"href":"https:\/\/purama.lt\/lv\/wp-json\/wp\/v2\/types\/product"}],"replies":[{"embeddable":true,"href":"https:\/\/purama.lt\/lv\/wp-json\/wp\/v2\/comments?post=42805"}],"wp:featuredmedia":[{"embeddable":true,"href":"https:\/\/purama.lt\/lv\/wp-json\/wp\/v2\/media\/42802"}],"wp:attachment":[{"href":"https:\/\/purama.lt\/lv\/wp-json\/wp\/v2\/media?parent=42805"}],"wp:term":[{"taxonomy":"product_brand","embeddable":true,"href":"https:\/\/purama.lt\/lv\/wp-json\/wp\/v2\/product_brand?post=42805"},{"taxonomy":"product_cat","embeddable":true,"href":"https:\/\/purama.lt\/lv\/wp-json\/wp\/v2\/product_cat?post=42805"},{"taxonomy":"product_tag","embeddable":true,"href":"https:\/\/purama.lt\/lv\/wp-json\/wp\/v2\/product_tag?post=42805"}],"curies":[{"name":"wp","href":"https:\/\/api.w.org\/{rel}","templated":true}]}}