{"id":42350,"date":"2025-11-14T15:14:19","date_gmt":"2025-11-14T13:14:19","guid":{"rendered":"https:\/\/purama.lt\/produktas\/medica-group-krutu-didinimo-kapsules-rinkinys\/"},"modified":"2026-04-13T16:51:47","modified_gmt":"2026-04-13T14:51:47","slug":"medica-grupas-kruts-uzlabosanas-kapsulu-komplekts","status":"publish","type":"product","link":"https:\/\/purama.lt\/lv\/produktas\/medica-group-krutu-didinimo-kapsules-rinkinys\/","title":{"rendered":"MEDICA GROUP BiggerBust Kr\u016b\u0161u palielin\u0101\u0161anas kapsulu komplekts"},"content":{"rendered":"<p><strong>Pat\u0113ri\u0146\u0161<\/strong><br>Ieteicams lietot 3 kapsulas dien\u0101, uzdzerot pietiekami daudz \u016bdens.<br>Lai pan\u0101ktu maksim\u0101lu efektu, turpiniet kursu vismaz 3 m\u0113ne\u0161us bez p\u0101rtraukuma.<br>Nep\u0101rsniedziet noteikto dienas devu; uztura bag\u0101tin\u0101t\u0101js nav sabalans\u0113ta uztura un vesel\u012bga dz\u012bvesveida aizst\u0101j\u0113js. Sarg\u0101t no b\u0113rniem.<\/p>\n\n\n\n<p><strong>Sast\u0101vda\u013cas<\/strong><br>api\u0146u ekstrakts, \u017eelat\u012bns, sarkan\u0101 \u0101boli\u0146a ekstrakts (standartiz\u0113ts ar 8 % izoflavoniem), gri\u0137i, soja, kukur\u016bza, mie\u017ei, rudzi, \u0101bolu \u0161\u0137iedrvielas, mikrokrist\u0101lisk\u0101 celuloze, tauksk\u0101bju magnija s\u0101\u013ci, sil\u012bcija dioks\u012bds.<\/p>\n\n\n\n<p><strong>P\u0101rtikas apstr\u0101des sertifik\u0101ts:\u00a0<\/strong>69MTSPA-667<\/p>","protected":false},"excerpt":{"rendered":"<p data-start=\"0\" data-end=\"690\"><strong data-start=\"16\" data-end=\"54\">Medica-Group - BiggerBust kapsulas<\/strong> Komplekts ir kapsulu komplekts, kas paredz\u0113ts sieviet\u0113m, lai past\u0101v\u012bgi <strong data-start=\"117\" data-end=\"137\">Tr\u012bs m\u0113ne\u0161u kursam<\/strong> kr\u016b\u0161u l\u012bnij\u0101m un kr\u016b\u0161u zonas \u0101das tvirtumam. Komplekt\u0101 ir tr\u012bs iepakojumi, t\u0101p\u0113c j\u016bs varat ieg\u0101d\u0101ties visu kursu vien\u0101 reiz\u0113 un lietot to nep\u0101rtraukti. Augu ekstrakti, tostarp api\u0146i un sarkanais \u0101boli\u0146\u0161, pal\u012bdz atbalst\u012bt sievi\u0161\u0137\u012bbas att\u012bst\u012bbu, \u0101das elast\u012bbu un kr\u016b\u0161u tonusu. Regul\u0101ra lieto\u0161ana var veicin\u0101t piln\u012bg\u0101ku, glud\u0101ku un vizu\u0101li tvirt\u0101ku kr\u016b\u0161u zonu, savuk\u0101rt augu izcelsmes sast\u0101vda\u013cas ir maiga, neinvaz\u012bva alternat\u012bva skaistumkop\u0161anas proced\u016br\u0101m.<\/p>\n<p data-start=\"692\" data-end=\"1102\"><strong data-start=\"692\" data-end=\"715\">K\u0101p\u0113c izv\u0113l\u0113ties<\/strong><br data-start=\"715\" data-end=\"718\" \/>\u2714\ufe0f Pilns 3 m\u0113ne\u0161u kurss - 3 iepakojumi vien\u0101 komplekt\u0101 konsekventiem rezult\u0101tiem<br data-start=\"797\" data-end=\"800\" \/>\u2714\ufe0f Z\u0101\u013cu ekstrakti, tostarp fitoestrog\u0113nu avoti, sievie\u0161u fig\u016bras atbalstam.<br data-start=\"891\" data-end=\"894\" \/>\u2714\ufe0f Pal\u012bdz saglab\u0101t kr\u016b\u0161u zonas elast\u012bbu, tonusu un tvirtumu.<br data-start=\"972\" data-end=\"975\" \/>\u2714\ufe0f Dabas, kapsulu veid\u0101 - bez invaz\u012bv\u0101m vai \u0137irur\u0123isk\u0101m proced\u016br\u0101m.<br data-start=\"1042\" data-end=\"1045\" \/>\u2714\ufe0f \u0112rti iek\u013caut ikdienas skaistumkop\u0161anas un labsaj\u016btas rut\u012bn\u0101.<\/p>","protected":false},"featured_media":42355,"comment_status":"open","ping_status":"closed","template":"","meta":{"_acf_changed":true},"product_brand":[406],"product_cat":[276,57,393,278],"product_tag":[],"class_list":{"0":"post-42350","1":"product","2":"type-product","3":"status-publish","4":"has-post-thumbnail","6":"product_brand-medica-group","7":"product_cat-seksualinei-sveikatai","8":"product_cat-akcijos","9":"product_cat-dovanu-rinkiniai","10":"product_cat-moterims","12":"first","13":"instock","14":"sale","15":"shipping-taxable","16":"purchasable","17":"product-type-simple"},"acf":[],"tiered_pricing_type":"fixed","tiered_pricing_fixed_rules":[],"tiered_pricing_product_settings":{"layout":"default","base_unit_name":{"singular":null,"plural":null},"default_variation":null},"tiered_pricing_minimum_quantity":null,"tiered_pricing_roles_data":[],"tiered_pricing_percentage_rules":[],"_links":{"self":[{"href":"https:\/\/purama.lt\/lv\/wp-json\/wp\/v2\/product\/42350","targetHints":{"allow":["GET"]}}],"collection":[{"href":"https:\/\/purama.lt\/lv\/wp-json\/wp\/v2\/product"}],"about":[{"href":"https:\/\/purama.lt\/lv\/wp-json\/wp\/v2\/types\/product"}],"replies":[{"embeddable":true,"href":"https:\/\/purama.lt\/lv\/wp-json\/wp\/v2\/comments?post=42350"}],"wp:featuredmedia":[{"embeddable":true,"href":"https:\/\/purama.lt\/lv\/wp-json\/wp\/v2\/media\/42355"}],"wp:attachment":[{"href":"https:\/\/purama.lt\/lv\/wp-json\/wp\/v2\/media?parent=42350"}],"wp:term":[{"taxonomy":"product_brand","embeddable":true,"href":"https:\/\/purama.lt\/lv\/wp-json\/wp\/v2\/product_brand?post=42350"},{"taxonomy":"product_cat","embeddable":true,"href":"https:\/\/purama.lt\/lv\/wp-json\/wp\/v2\/product_cat?post=42350"},{"taxonomy":"product_tag","embeddable":true,"href":"https:\/\/purama.lt\/lv\/wp-json\/wp\/v2\/product_tag?post=42350"}],"curies":[{"name":"wp","href":"https:\/\/api.w.org\/{rel}","templated":true}]}}