{"id":42348,"date":"2025-11-14T15:14:17","date_gmt":"2025-11-14T13:14:17","guid":{"rendered":"https:\/\/purama.lt\/produktas\/medica-group-kapsules-varpos-didinimo-rinkinys\/"},"modified":"2026-04-13T16:52:25","modified_gmt":"2026-04-13T14:52:25","slug":"medica-grupas-dzimumlocekla-paplasinasanas-kapsulu-komplekts","status":"publish","type":"product","link":"https:\/\/purama.lt\/lv\/produktas\/medica-group-kapsules-varpos-didinimui-rinkinys\/","title":{"rendered":"MEDICA GROUP BiggerSize Kapsulas penim apgaveks\u0113\u0161anas komplekts"},"content":{"rendered":"<p><strong>Pat\u0113ri\u0146\u0161<\/strong><br>Lietojiet pa 1 kapsulai 2 reizes dien\u0101, uzdzerot \u016bdeni.<br>Nep\u0101rsniedziet ieteicamo dienas devu, uztura bag\u0101tin\u0101t\u0101js neaizst\u0101j daudzveid\u012bgu un sabalans\u0113tu uzturu.<br>Sarg\u0101t no b\u0113rniem; nav ieteicams b\u0113rniem, gr\u016btniec\u0113m un sieviet\u0113m lakt\u0101cijas period\u0101. Konsult\u0113jieties ar \u0101rstu, ja lietojat asins rec\u0113\u0161anu veicino\u0161us vai pretdiab\u0113ta l\u012bdzek\u013cus.<\/p>\n\n\n\n<p>&nbsp;L-argin\u012bns, \u017eelat\u012bns, amerik\u0101\u0146u \u017ee\u0146\u0161e\u0146a ekstrakts (4:1), maka saknes ekstrakts (4:1), sarsaparillas saknes ekstrakts (4:1), Tribulus Terrestris s\u0113klu ekstrakts (20:1), melno auzu ekstrakts (10:1), pildviela: mikrokrist\u0101lisk\u0101 celuloze.<\/p>\n\n\n\n<p><strong>P\u0101rtikas apstr\u0101des sertifik\u0101ts:\u00a0<\/strong>69MTSPA-667<\/p>","protected":false},"excerpt":{"rendered":"<p data-start=\"0\" data-end=\"764\"><strong data-start=\"16\" data-end=\"54\">Medica-Group - Liel\u0101ka izm\u0113ra kapsulas<\/strong> Komplekts ir tr\u012bs m\u0113ne\u0161u kapsulu kurss v\u012brie\u0161iem, kuri v\u0113las past\u0101v\u012bgi uztur\u0113t lab\u0101ku int\u012bmo asins pl\u016bsmu, erekciju un pa\u0161apzi\u0146u. Komplekt\u0101 ir tr\u012bs iepakojumi, kas \u013cauj \u0113rti ieg\u0101d\u0101ties visu kursu uzreiz bez p\u0101rtraukumiem un papildu pas\u016bt\u012bjumiem. Kapsul\u0101s ir apvienoti augstas koncentr\u0101cijas augu ekstrakti (l\u012bdz 20:1) un L-argin\u012bns, kas pal\u012bdz atbalst\u012bt dabiskos organisma procesus, kas saist\u012bti ar asins pl\u016bsmu, ener\u0123iju, iztur\u012bbu un libido. Formula var veicin\u0101t dzimumlocek\u013ca apk\u0101rtm\u0113ra un garuma palielin\u0101\u0161anos, uzlabojot saj\u016btas un int\u012bmo apmierin\u0101jumu. Produkta pamat\u0101 ir labi izp\u0113t\u012bts L-argin\u012bns, kas piedal\u0101s sl\u0101pek\u013ca oks\u012bda sint\u0113z\u0113 un pal\u012bdz uztur\u0113t norm\u0101lu asinsriti.<\/p>\n<p data-start=\"766\" data-end=\"1198\"><strong data-start=\"766\" data-end=\"789\">K\u0101p\u0113c izv\u0113l\u0113ties<\/strong><br data-start=\"789\" data-end=\"792\" \/>\u2714\ufe0f 3 m\u0113ne\u0161u kurss vien\u0101 komplekt\u0101 - 3 iepakojumi lieto\u0161anai p\u0113c k\u0101rtas<br data-start=\"868\" data-end=\"871\" data-is-only-node=\"\" \/>\u2714\ufe0f Augsti koncentr\u0113ti augu ekstrakti un L-argin\u012bns v\u012brie\u0161u int\u012bm\u0101s funkcijas atbalstam.<br data-start=\"967\" data-end=\"970\" \/>\u2714\ufe0f Var veicin\u0101t dzimumlocek\u013ca apk\u0101rtm\u0113ra un garuma izmai\u0146as un sp\u0113c\u012bg\u0101ku erekciju.<br data-start=\"1050\" data-end=\"1053\" \/>\u2714\ufe0f Pal\u012bdz justies ener\u0123isk\u0101kam, atbalsta iztur\u012bbu un libido.<br data-start=\"1110\" data-end=\"1113\" \/>\u2714\ufe0f \u0112rti kombin\u0113t ar s\u016bk\u0146iem vai citiem meh\u0101niskiem l\u012bdzek\u013ciem, ja tos izmanto.<\/p>","protected":false},"featured_media":42353,"comment_status":"open","ping_status":"closed","template":"","meta":{"_acf_changed":false},"product_brand":[406],"product_cat":[276,57,393,277],"product_tag":[],"class_list":{"0":"post-42348","1":"product","2":"type-product","3":"status-publish","4":"has-post-thumbnail","6":"product_brand-medica-group","7":"product_cat-seksualinei-sveikatai","8":"product_cat-akcijos","9":"product_cat-dovanu-rinkiniai","10":"product_cat-vyrams","12":"first","13":"instock","14":"sale","15":"shipping-taxable","16":"purchasable","17":"product-type-simple"},"acf":[],"tiered_pricing_type":"fixed","tiered_pricing_fixed_rules":[],"tiered_pricing_product_settings":{"layout":"default","base_unit_name":{"singular":null,"plural":null},"default_variation":null},"tiered_pricing_minimum_quantity":null,"tiered_pricing_roles_data":[],"tiered_pricing_percentage_rules":[],"_links":{"self":[{"href":"https:\/\/purama.lt\/lv\/wp-json\/wp\/v2\/product\/42348","targetHints":{"allow":["GET"]}}],"collection":[{"href":"https:\/\/purama.lt\/lv\/wp-json\/wp\/v2\/product"}],"about":[{"href":"https:\/\/purama.lt\/lv\/wp-json\/wp\/v2\/types\/product"}],"replies":[{"embeddable":true,"href":"https:\/\/purama.lt\/lv\/wp-json\/wp\/v2\/comments?post=42348"}],"wp:featuredmedia":[{"embeddable":true,"href":"https:\/\/purama.lt\/lv\/wp-json\/wp\/v2\/media\/42353"}],"wp:attachment":[{"href":"https:\/\/purama.lt\/lv\/wp-json\/wp\/v2\/media?parent=42348"}],"wp:term":[{"taxonomy":"product_brand","embeddable":true,"href":"https:\/\/purama.lt\/lv\/wp-json\/wp\/v2\/product_brand?post=42348"},{"taxonomy":"product_cat","embeddable":true,"href":"https:\/\/purama.lt\/lv\/wp-json\/wp\/v2\/product_cat?post=42348"},{"taxonomy":"product_tag","embeddable":true,"href":"https:\/\/purama.lt\/lv\/wp-json\/wp\/v2\/product_tag?post=42348"}],"curies":[{"name":"wp","href":"https:\/\/api.w.org\/{rel}","templated":true}]}}