{"id":42125,"date":"2025-11-11T09:03:55","date_gmt":"2025-11-11T07:03:55","guid":{"rendered":"https:\/\/purama.lt\/produktas\/purama-vasko-plauku-piestukas\/"},"modified":"2026-04-14T09:42:00","modified_gmt":"2026-04-14T07:42:00","slug":"purama-vaska-frizuras","status":"publish","type":"product","link":"https:\/\/purama.lt\/lv\/produktas\/purama-vasko-plauku-piestukas\/","title":{"rendered":"PURAMA vaska matu z\u012bmulis"},"content":{"rendered":"<p><strong>Izmanto\u0161ana<\/strong><br>&nbsp;Uzkl\u0101jiet tie\u0161i uz viet\u0101m, kuras v\u0113laties apstr\u0101d\u0101t vai pabeigt; p\u0113c vajadz\u012bbas ar pirkstiem izl\u012bdziniet, lai pie\u0161\u0137irtu tekst\u016bru un formu. Tikai \u0101r\u0113jai lieto\u0161anai; izvairieties no saskares ar ac\u012bm. P\u0101rtrauciet lieto\u0161anu, ja rodas \u0101das kairin\u0101jums; uzglab\u0101t b\u0113rniem nepieejam\u0101 viet\u0101, v\u0113s\u0101 un saus\u0101 viet\u0101.<br><strong>Sast\u0101vda\u013cas<\/strong><br>&nbsp;petrolatums, mikrokrist\u0101liskais vasks, poliizobut\u0113ns, kokosriekstu e\u013c\u013cas peg-10 esteri, diatom\u012bta zeme, zea mays (kukur\u016bzas) ciete, sil\u012bcija dioks\u012bds, sint\u0113tiskais vasks, parfum, butyrospermum parkii sviests, tokoferols, persea gratissima (avokado) e\u013c\u013ca, argania spinosa kodolu e\u013c\u013ca.<\/p>\n\n\n\n<p><\/p>\n\n\n\n<p><\/p>","protected":false},"excerpt":{"rendered":"<p data-start=\"0\" data-end=\"628\"><strong data-start=\"16\" data-end=\"43\">Purama - Matu vaska n\u016bji\u0146a<\/strong> Kompaktais vaska z\u012bmulis pal\u012bdz \u0101tri kontrol\u0113t lidojo\u0161us un b\u0113rnu mati\u0146us, izl\u012bdzin\u0101t kont\u016bras un pie\u0161\u0137irt gl\u012btu izskatu. Z\u012bmul\u012b\u0161a forma \u013cauj <strong data-start=\"214\" data-end=\"232\">prec\u012bzs pielietojums<\/strong> bez lip\u012bguma un baltiem atlikumiem, savuk\u0101rt mikrokrist\u0101liskais vasks un poliizobut\u0113ns nodro\u0161ina fiks\u0101ciju un gludumu. Sast\u0101v\u0101 eso\u0161ais \u0161\u012b sviests, avokado un argana e\u013c\u013cas m\u012bkstina un pie\u0161\u0137ir maigu sp\u012bdumu. Piem\u0113rots ikdienas lieto\u0161anai gan lok\u0101m, gan smalkiem matu pavedieniem. Uz pla\u0161i izmantoto vasku un e\u013c\u013cu kombin\u0101cijas b\u0101zes, kas pal\u012bdz izl\u012bdzin\u0101t un savald\u012bt sprogas.<\/p>\n<p data-start=\"630\" data-end=\"904\"><strong data-start=\"630\" data-end=\"653\">K\u0101p\u0113c izv\u0113l\u0113ties<\/strong><br data-start=\"653\" data-end=\"656\" \/>\u2714\ufe0f \u0112rts z\u012bmulis prec\u012bzai uzkl\u0101\u0161anai un kont\u016bru izl\u012bdzin\u0101\u0161anai<br data-start=\"717\" data-end=\"720\" \/>\u2714\ufe0f \u0100tri savalda z\u012bdai\u0146u matus un lidojo\u0161as \u0161\u0137ipsnas.<br data-start=\"777\" data-end=\"780\" \/>\u2714\ufe0f Nelip\u012bga, viegla tekst\u016bra ar dabisku sp\u012bdumu.<br data-start=\"830\" data-end=\"833\" data-is-only-node=\"\" \/>\u2714\ufe0f Kondicion\u0113\u0161anas formula ar \u0161\u012b, avokado un argana e\u013c\u013c\u0101m.<\/p>","protected":false},"featured_media":42111,"comment_status":"open","ping_status":"closed","template":"","meta":{"_acf_changed":false},"product_brand":[405],"product_cat":[304,57,92],"product_tag":[],"class_list":{"0":"post-42125","1":"product","2":"type-product","3":"status-publish","4":"has-post-thumbnail","6":"product_brand-purama","7":"product_cat-plaukams","8":"product_cat-akcijos","9":"product_cat-groziui","11":"first","12":"instock","13":"sale","14":"shipping-taxable","15":"purchasable","16":"product-type-simple"},"acf":[],"tiered_pricing_type":"fixed","tiered_pricing_fixed_rules":[],"tiered_pricing_product_settings":{"layout":"default","base_unit_name":{"singular":null,"plural":null},"default_variation":null},"tiered_pricing_minimum_quantity":null,"tiered_pricing_roles_data":[],"tiered_pricing_percentage_rules":[],"_links":{"self":[{"href":"https:\/\/purama.lt\/lv\/wp-json\/wp\/v2\/product\/42125","targetHints":{"allow":["GET"]}}],"collection":[{"href":"https:\/\/purama.lt\/lv\/wp-json\/wp\/v2\/product"}],"about":[{"href":"https:\/\/purama.lt\/lv\/wp-json\/wp\/v2\/types\/product"}],"replies":[{"embeddable":true,"href":"https:\/\/purama.lt\/lv\/wp-json\/wp\/v2\/comments?post=42125"}],"wp:featuredmedia":[{"embeddable":true,"href":"https:\/\/purama.lt\/lv\/wp-json\/wp\/v2\/media\/42111"}],"wp:attachment":[{"href":"https:\/\/purama.lt\/lv\/wp-json\/wp\/v2\/media?parent=42125"}],"wp:term":[{"taxonomy":"product_brand","embeddable":true,"href":"https:\/\/purama.lt\/lv\/wp-json\/wp\/v2\/product_brand?post=42125"},{"taxonomy":"product_cat","embeddable":true,"href":"https:\/\/purama.lt\/lv\/wp-json\/wp\/v2\/product_cat?post=42125"},{"taxonomy":"product_tag","embeddable":true,"href":"https:\/\/purama.lt\/lv\/wp-json\/wp\/v2\/product_tag?post=42125"}],"curies":[{"name":"wp","href":"https:\/\/api.w.org\/{rel}","templated":true}]}}