{"id":42124,"date":"2025-11-11T09:03:54","date_gmt":"2025-11-11T07:03:54","guid":{"rendered":"https:\/\/purama.lt\/produktas\/wally-and-whiz-vyno-guminuku-kaledinis-rinkinys-meile\/"},"modified":"2026-04-22T12:22:37","modified_gmt":"2026-04-22T10:22:37","slug":"wally-un-whiz-vina-gumijas-ziemassvetku-komplekts-milestiba","status":"publish","type":"product","link":"https:\/\/purama.lt\/lv\/produktas\/wally-and-whiz-vyno-guminuku-kaledinis-rinkinys-meile\/","title":{"rendered":"Wally un Whiz V\u012bns Gumdrop komplekts M\u012blest\u012bba"},"content":{"rendered":"<p><strong>Izmanto\u0161ana<\/strong><br>Baudiet tie\u0161i no iepakojuma, dalieties ar m\u012b\u013cajiem.<br>Uzglab\u0101t v\u0113s\u0101, saus\u0101 viet\u0101 un pasarg\u0101t no tie\u0161iem saules stariem.<\/p>\n\n\n\n<p><strong>Sast\u0101vda\u013cas<\/strong><br>glikozes s\u012brups, cukurs, modific\u0113ta ciete (kvie\u0161u, kukur\u016bzas, kartupe\u013cu bez lipek\u013ca), sk\u0101bes (piensk\u0101be, citronsk\u0101be), dab\u012bga aromatiz\u0113t\u0101ja, pulverveida cukurs (cukurs, kartupe\u013cu ciete), pulveris (li\u010di, vani\u013ca), roz\u0101 anan\u0101su pulveris, kr\u0101sviela (melno burk\u0101nu koncentr\u0101ts), glaz\u016bra (karnaubas vasks).<\/p>","protected":false},"excerpt":{"rendered":"<p data-start=\"0\" data-end=\"474\"><strong data-start=\"16\" data-end=\"49\">Wally un Whiz - M\u012blest\u012bbas kaste<\/strong> D\u0101nijas v\u012bnglieme\u0146u gum\u012b\u0161u komplekts ar diviem atbilsto\u0161iem gar\u0161u p\u0101riem: <strong data-start=\"123\" data-end=\"167\">pl\u016b\u0161koka ziedi ar li\u010d\u012b un vani\u013cu<\/strong> un <strong data-start=\"171\" data-end=\"210\">hibiskus, kas p\u0101rkl\u0101ts ar roz\u0101 anan\u0101siem<\/strong>. Tas ir rafin\u0113ts, veg\u0101nisks saldums, kas apvieno divas savstarp\u0113ji papildino\u0161as gar\u0161as, lai ieg\u016btu maigu tekst\u016bru un dabisku gar\u0161u. <strong data-start=\"353\" data-end=\"380\">Bez lipek\u013ca, bez alerg\u0113niem<\/strong>, ar dab\u012bg\u0101m kr\u0101sviel\u0101m un arom\u0101tiem. Lieliska izv\u0113le d\u0101vanai vai kop\u012bgai baud\u012b\u0161anai.<\/p>\n<p data-start=\"476\" data-end=\"734\"><strong data-start=\"476\" data-end=\"499\">K\u0101p\u0113c izv\u0113l\u0113ties<\/strong><br data-start=\"499\" data-end=\"502\" \/>\u2714\ufe0f Divi unik\u0101li saska\u0146oti gar\u0161as p\u0101ri (m\u012blest\u012bbas kolekcija)<br data-start=\"560\" data-end=\"563\" \/>\u2714\ufe0f Veg\u0101nu, bez glut\u0113na un bie\u017e\u0101k sastopamajiem alerg\u0113niem.<br data-start=\"618\" data-end=\"621\" \/>\u2714\ufe0f Dabiskas kr\u0101sas un arom\u0101ti, maiga, maiga tekst\u016bra.<br data-start=\"680\" data-end=\"683\" \/>\u2714\ufe0f \u0112rts d\u0101vanu komplekts ar individu\u0101lu iepakojumu<\/p>","protected":false},"featured_media":42115,"comment_status":"open","ping_status":"closed","template":"","meta":{"_acf_changed":false},"product_brand":[462],"product_cat":[112,60],"product_tag":[],"class_list":{"0":"post-42124","1":"product","2":"type-product","3":"status-publish","4":"has-post-thumbnail","6":"product_brand-wally-and-whiz","7":"product_cat-guminukai","8":"product_cat-mitybai","10":"first","11":"outofstock","12":"shipping-taxable","13":"purchasable","14":"product-type-simple"},"acf":[],"tiered_pricing_type":"fixed","tiered_pricing_fixed_rules":[],"tiered_pricing_product_settings":{"layout":"default","base_unit_name":{"singular":null,"plural":null},"default_variation":null},"tiered_pricing_minimum_quantity":null,"tiered_pricing_roles_data":[],"tiered_pricing_percentage_rules":[],"_links":{"self":[{"href":"https:\/\/purama.lt\/lv\/wp-json\/wp\/v2\/product\/42124","targetHints":{"allow":["GET"]}}],"collection":[{"href":"https:\/\/purama.lt\/lv\/wp-json\/wp\/v2\/product"}],"about":[{"href":"https:\/\/purama.lt\/lv\/wp-json\/wp\/v2\/types\/product"}],"replies":[{"embeddable":true,"href":"https:\/\/purama.lt\/lv\/wp-json\/wp\/v2\/comments?post=42124"}],"wp:featuredmedia":[{"embeddable":true,"href":"https:\/\/purama.lt\/lv\/wp-json\/wp\/v2\/media\/42115"}],"wp:attachment":[{"href":"https:\/\/purama.lt\/lv\/wp-json\/wp\/v2\/media?parent=42124"}],"wp:term":[{"taxonomy":"product_brand","embeddable":true,"href":"https:\/\/purama.lt\/lv\/wp-json\/wp\/v2\/product_brand?post=42124"},{"taxonomy":"product_cat","embeddable":true,"href":"https:\/\/purama.lt\/lv\/wp-json\/wp\/v2\/product_cat?post=42124"},{"taxonomy":"product_tag","embeddable":true,"href":"https:\/\/purama.lt\/lv\/wp-json\/wp\/v2\/product_tag?post=42124"}],"curies":[{"name":"wp","href":"https:\/\/api.w.org\/{rel}","templated":true}]}}