{"id":42120,"date":"2025-11-11T09:03:51","date_gmt":"2025-11-11T07:03:51","guid":{"rendered":"https:\/\/purama.lt\/produktas\/wally-and-whiz-vyno-guminuku-kaledinis-rinkinys-juodoji-dezute\/"},"modified":"2026-04-23T09:35:37","modified_gmt":"2026-04-23T07:35:37","slug":"wally-un-whiz-vina-gumijas-ziemassvetku-komplekts-melns-deserts","status":"publish","type":"product","link":"https:\/\/purama.lt\/lv\/produktas\/wally-and-whiz-vyno-guminuku-kaledinis-rinkinys-juodoji-dezute\/","title":{"rendered":"Wally and Whiz Wine Gummies Black Box"},"content":{"rendered":"<p>Izbaudiet tie\u0161i no iepakojuma vai pied\u0101v\u0101jiet viesiem.<br>Uzglab\u0101t v\u0113s\u0101, saus\u0101 viet\u0101 un pasarg\u0101t no tie\u0161iem saules stariem.<br>Ja jums ir \u012bpa\u0161as nepanes\u012bbas, pirms lieto\u0161anas p\u0101rbaudiet mar\u0137\u0113jumu.<\/p>\n\n\n\n<p><strong>Sast\u0101vda\u013cas<\/strong><br>Iev\u0113rojiet mar\u0137\u0113jumu uz iepakojuma<\/p>","protected":false},"excerpt":{"rendered":"<p data-start=\"0\" data-end=\"452\"><strong data-start=\"16\" data-end=\"50\">Wally un Whiz - Meln\u0101 kaste<\/strong> d\u0101\u0146u \u201ewinegum\u201c gumijas ar lakricas gar\u0161u. Kast\u012bt\u0113 atrad\u012bsiet tr\u012bs atbilsto\u0161us gar\u0161as p\u0101rus, tostarp <strong data-start=\"205\" data-end=\"213\">kafija<\/strong> un <strong data-start=\"217\" data-end=\"232\">smilts\u0113rk\u0161\u0137i<\/strong> - kas pie\u0161\u0137ir maigi aug\u013cu, bet dzi\u013cu gar\u0161u. M\u012bkstie kubi\u0146i ir p\u0101rkl\u0101ti ar aromatiz\u0113tu glaz\u016bru, <strong data-start=\"328\" data-end=\"355\">veg\u0101ns un bez lipek\u013ca<\/strong>, ar dab\u012bg\u0101m kr\u0101sviel\u0101m un arom\u0101tiem. Ide\u0101la d\u0101van\u0101m gatava kaste, ko var dal\u012bties sv\u0113tku laik\u0101.<\/p>\n<p data-start=\"454\" data-end=\"675\"><strong data-start=\"454\" data-end=\"477\">K\u0101p\u0113c izv\u0113l\u0113ties<\/strong><br data-start=\"477\" data-end=\"480\" \/>\u2714\ufe0f Tr\u012bs r\u016bp\u012bgi saska\u0146oti lakricas gar\u0161as dueti.<br data-start=\"534\" data-end=\"537\" \/>\u2714\ufe0f Veg\u0101ns, bez lipek\u013ca<br data-start=\"569\" data-end=\"572\" \/>\u2714\ufe0f Maiga ko\u0161\u013c\u0101jam\u0101 tekst\u016bra un sabalans\u0113ts saldums.<br data-start=\"624\" data-end=\"627\" data-is-only-node=\"\" \/>\u2714\ufe0f Stil\u012bga d\u0101vanu kaste ar atsevi\u0161\u0137\u0101m burci\u0146\u0101m<\/p>","protected":false},"featured_media":42112,"comment_status":"open","ping_status":"closed","template":"","meta":{"_acf_changed":true},"product_brand":[462],"product_cat":[393,57],"product_tag":[],"class_list":{"0":"post-42120","1":"product","2":"type-product","3":"status-publish","4":"has-post-thumbnail","6":"product_brand-wally-and-whiz","7":"product_cat-dovanu-idejos","8":"product_cat-akcijos","10":"first","11":"instock","12":"sale","13":"shipping-taxable","14":"purchasable","15":"product-type-simple"},"acf":[],"tiered_pricing_type":"fixed","tiered_pricing_fixed_rules":[],"tiered_pricing_product_settings":{"layout":"default","base_unit_name":{"singular":null,"plural":null},"default_variation":null},"tiered_pricing_minimum_quantity":null,"tiered_pricing_roles_data":[],"tiered_pricing_percentage_rules":[],"_links":{"self":[{"href":"https:\/\/purama.lt\/lv\/wp-json\/wp\/v2\/product\/42120","targetHints":{"allow":["GET"]}}],"collection":[{"href":"https:\/\/purama.lt\/lv\/wp-json\/wp\/v2\/product"}],"about":[{"href":"https:\/\/purama.lt\/lv\/wp-json\/wp\/v2\/types\/product"}],"replies":[{"embeddable":true,"href":"https:\/\/purama.lt\/lv\/wp-json\/wp\/v2\/comments?post=42120"}],"wp:featuredmedia":[{"embeddable":true,"href":"https:\/\/purama.lt\/lv\/wp-json\/wp\/v2\/media\/42112"}],"wp:attachment":[{"href":"https:\/\/purama.lt\/lv\/wp-json\/wp\/v2\/media?parent=42120"}],"wp:term":[{"taxonomy":"product_brand","embeddable":true,"href":"https:\/\/purama.lt\/lv\/wp-json\/wp\/v2\/product_brand?post=42120"},{"taxonomy":"product_cat","embeddable":true,"href":"https:\/\/purama.lt\/lv\/wp-json\/wp\/v2\/product_cat?post=42120"},{"taxonomy":"product_tag","embeddable":true,"href":"https:\/\/purama.lt\/lv\/wp-json\/wp\/v2\/product_tag?post=42120"}],"curies":[{"name":"wp","href":"https:\/\/api.w.org\/{rel}","templated":true}]}}