{"id":41686,"date":"2025-10-31T09:37:30","date_gmt":"2025-10-31T07:37:30","guid":{"rendered":"https:\/\/purama.lt\/produktas\/donotage-grynasis-apigeninas\/"},"modified":"2026-03-31T13:44:50","modified_gmt":"2026-03-31T11:44:50","slug":"donotage-pure-apigenin-apigenina-kapsula","status":"publish","type":"product","link":"https:\/\/purama.lt\/lv\/produktas\/donotage-grynasis-apigeninas\/","title":{"rendered":"DoNotAge Pure Apigenin kapsulas"},"content":{"rendered":"<p><strong>Kas ir apigen\u012bns un k\u0101p\u0113c tas ir svar\u012bgs ilgm\u016b\u017e\u012bbas kontekst\u0101?<\/strong><\/p>\n\n\n\n<p><strong>Apigen\u012b<\/strong> \u2013 ir dabisks bioflavono\u012bds, kas atrodams kumel\u012bt\u0113s, p\u0113ters\u012b\u013cos un da\u017eos citos augos. Zin\u0101tniskaj\u0101 literat\u016br\u0101 apigen\u012bns visbie\u017e\u0101k tiek apspriests t\u0101 saist\u012bbas d\u0113\u013c ar <strong>CD38 enz\u012bma inhib\u012bcija<\/strong> - process, kas var pal\u012bdz\u0113t saglab\u0101t <strong>NAD+<\/strong> l\u012bmenis organism\u0101. NAD+ ir viena no svar\u012bg\u0101kaj\u0101m molekul\u0101m \u0161\u016bnu ener\u0123ijas metabolism\u0101, un t\u0101s l\u012bmenis dabiski samazin\u0101s l\u012bdz ar vecumu.<\/p>\n\n\n\n<p><strong>DoNotAge Pure Apigenin<\/strong> katra kapsula nodro\u0161ina <strong>250 mg apigen\u012bna<\/strong>, stabiliz\u0113ti ar beta-glikoz\u012bdiem. \u0160is prepar\u0101ts tika izv\u0113l\u0113ts, jo tas ir lab\u0101k stabils istabas temperat\u016br\u0101, kas noz\u012bm\u0113, ka akt\u012bv\u0101s vielas \u012bpa\u0161\u012bbas saglab\u0101jas ilg\u0101k nek\u0101 nestabiliz\u0113tos prepar\u0101tos.<\/p>\n\n\n\n<h3 class=\"wp-block-heading\">Pat\u0113ri\u0146\u0161<\/h3>\n\n\n\n<p>Lietojiet to kop\u0101 ar treknu \u0113dienu, lai pal\u012bdz\u0113tu uzs\u016bkt taukos \u0161\u0137\u012bsto\u0161os savienojumus. Dienas laiku izv\u0113lieties atbilsto\u0161i individu\u0101laj\u0101m vajadz\u012bb\u0101m. Uzglab\u0101t v\u0113s\u0101, saus\u0101 viet\u0101, prom no tie\u0161iem saules stariem. Iev\u0113rojiet uz iepakojuma nor\u0101d\u012bjumus.<\/p>\n\n\n\n<h3 class=\"wp-block-heading\">Sast\u0101vda\u013cas<\/h3>\n\n\n\n<p>Apigen\u012bns (stabiliz\u0113ts ar beta-glikoz\u012bdiem), kapsula (celuloze).<\/p>\n\n\n\n<h3 class=\"wp-block-heading\">Kvalit\u0101tes apliecin\u0101juma dokumenti (COA)<\/h3>\n\n\n\n<p><strong>Kvalit\u0101tes dokument\u0101cija (COA):<\/strong> COA apstiprina akt\u012bvo vielu daudzumu un galvenos kvalit\u0101tes r\u0101d\u012bt\u0101jus. <a href=\"https:\/\/purama.lt\/wp-content\/uploads\/coa\/apigenin-coa.pdf\">COA (PDF)<\/a><\/p>\n\n\n\n<p><strong>P\u0101rtikas apstr\u0101des sertifik\u0101ts:<\/strong> 69MTSPA-667<\/p>\n\n\n\n<h3 class=\"wp-block-heading\">Kam ir piem\u0113rots DoNotAge Pure Apigenin<\/h3>\n\n\n\n<p>Apigen\u012bns bie\u017ei tiek izv\u0113l\u0113ts k\u0101 papildu l\u012bdzeklis ilgm\u016b\u017e\u012bbas protokolos \u2013 \u012bpa\u0161i kop\u0101 ar <strong><a href=\"https:\/\/purama.lt\/lv\/products\/donotage-pure-nmn-nmn-kapsulas\/\" data-type=\"product\" data-id=\"34697\">NMN<\/a><\/strong>, <strong><a href=\"https:\/\/purama.lt\/wp-content\/uploads\/2024\/12\/Grynas-Resveratrolis-DONOTAGE2.png\" data-type=\"attachment\" data-id=\"8781\">resveratrol<\/a><\/strong> izmantojot <strong><a href=\"https:\/\/purama.lt\/lv\/products\/donotage-pure-quercetin-kapsulas\/\" data-type=\"product\" data-id=\"8369\">kvercet\u012bns<\/a><\/strong>. Ja j\u016bs interes\u0113 NAD+ atbalsts un \u0161\u016bnu aizsardz\u012bba, apigen\u012bns var b\u016bt noz\u012bm\u012bgs j\u016bsu formulas papildin\u0101jums.<\/p>\n\n\n\n<h3 class=\"wp-block-heading\">Vair\u0101k DoNotAge produktu<\/h3>\n\n\n\n<p>Skat\u012bt pilnu <a href=\"https:\/\/purama.lt\/lv\/produktu-etiketes\/donotage\/\">DoNotAge kl\u0101sts Purama<\/a> \u2013 no NAD+ prekursoriem un senol\u012btiem l\u012bdz miega un ener\u0123ijas l\u012bme\u0146a uzlabo\u0161anas formul\u0101m. Visi produkti tiek uzglab\u0101ti Lietuv\u0101, pieg\u0101de 1\u20132 darbdienu laik\u0101.<\/p>\n\n\n\n<p>Lasiet vair\u0101k par NAD+ zin\u0101tni un NMN rakst\u0101 <a href=\"https:\/\/purama.lt\/lv\/nmn-celvedis\/\">Viss par NMN: piln\u012bgs ce\u013cvedis<\/a>.<\/p>","protected":false},"excerpt":{"rendered":"<p><strong>DoNotAge Pure Apigenin<\/strong> - 250 mg t\u012bra apigen\u012bna kapsul\u0101, stabiliz\u0113t\u0101 beta-glikoz\u012bda form\u0101, kas nodro\u0161ina ilg\u0101ku uzglab\u0101\u0161anu. Augu bioflavono\u012bds, kas literat\u016br\u0101 saist\u012bts ar NAD+ atbalstu. Veg\u0101nisks, bez piedev\u0101m, ar COA dokument\u0101ciju. Pieg\u0101de Lietuv\u0101 1-2 dienu laik\u0101.<\/p>\n<p><strong>K\u0101p\u0113c izv\u0113l\u0113ties<\/strong><br \/><strong>\u2714\ufe0f<\/strong> 250 mg apigen\u012bna kapsul\u0101<br \/><strong>\u2714\ufe0f<\/strong> stabiliz\u0113ta beta-glikoz\u012bdu forma - ilg\u0101ks glab\u0101\u0161anas laiks<br \/><strong>\u2714\ufe0f<\/strong> Veg\u0101nu celulozes kapsula, bez m\u0101ksl\u012bg\u0101m piedev\u0101m<br \/><strong>\u2714\ufe0f<\/strong> ra\u017eo\u0161ana saska\u0146\u0101 ar GMP un ISO 9001<\/p>","protected":false},"featured_media":41646,"comment_status":"open","ping_status":"closed","template":"","meta":{"_acf_changed":false},"product_brand":[242],"product_cat":[123,57,272,253,252,122,269,254],"product_tag":[],"class_list":{"0":"post-41686","1":"product","2":"type-product","3":"status-publish","4":"has-post-thumbnail","6":"product_brand-donotage","7":"product_cat-papildai-ilgaamziskumui","8":"product_cat-akcijos","9":"product_cat-emocine-pusiausvyra","10":"product_cat-imuniteto-palaikymas","11":"product_cat-imunitetui","12":"product_cat-lasteliu-jaunystei","13":"product_cat-stresui-ir-miegui","14":"product_cat-uzdegimo-mazinimas","16":"first","17":"instock","18":"sale","19":"shipping-taxable","20":"purchasable","21":"product-type-variable"},"acf":[],"tiered_pricing_type":"fixed","tiered_pricing_fixed_rules":[],"tiered_pricing_product_settings":{"layout":"default","base_unit_name":{"singular":null,"plural":null},"default_variation":null},"tiered_pricing_minimum_quantity":null,"tiered_pricing_roles_data":[],"tiered_pricing_percentage_rules":[],"_links":{"self":[{"href":"https:\/\/purama.lt\/lv\/wp-json\/wp\/v2\/product\/41686","targetHints":{"allow":["GET"]}}],"collection":[{"href":"https:\/\/purama.lt\/lv\/wp-json\/wp\/v2\/product"}],"about":[{"href":"https:\/\/purama.lt\/lv\/wp-json\/wp\/v2\/types\/product"}],"replies":[{"embeddable":true,"href":"https:\/\/purama.lt\/lv\/wp-json\/wp\/v2\/comments?post=41686"}],"wp:featuredmedia":[{"embeddable":true,"href":"https:\/\/purama.lt\/lv\/wp-json\/wp\/v2\/media\/41646"}],"wp:attachment":[{"href":"https:\/\/purama.lt\/lv\/wp-json\/wp\/v2\/media?parent=41686"}],"wp:term":[{"taxonomy":"product_brand","embeddable":true,"href":"https:\/\/purama.lt\/lv\/wp-json\/wp\/v2\/product_brand?post=41686"},{"taxonomy":"product_cat","embeddable":true,"href":"https:\/\/purama.lt\/lv\/wp-json\/wp\/v2\/product_cat?post=41686"},{"taxonomy":"product_tag","embeddable":true,"href":"https:\/\/purama.lt\/lv\/wp-json\/wp\/v2\/product_tag?post=41686"}],"curies":[{"name":"wp","href":"https:\/\/api.w.org\/{rel}","templated":true}]}}