{"id":41685,"date":"2025-10-31T09:37:30","date_gmt":"2025-10-31T07:37:30","guid":{"rendered":"https:\/\/purama.lt\/produktas\/vitalharmony-magnio-bisglicinatas\/"},"modified":"2026-04-14T07:58:51","modified_gmt":"2026-04-14T05:58:51","slug":"vitalharmony-magnija-bisglicinats","status":"publish","type":"product","link":"https:\/\/purama.lt\/lv\/produktas\/vitalharmony-magnio-bisglicinatas\/","title":{"rendered":"VitalHarmony magnija bisglicin\u0101ts"},"content":{"rendered":"<p><strong>Pat\u0113ri\u0146\u0161<\/strong><br>1 kapsula 1 l\u012bdz 3 reizes dien\u0101 ar \u016bdeni<br>Nep\u0101rsniegt ieteicamo dienas devu; nav piem\u0113rots b\u0113rniem, gr\u016btniec\u0113m un sieviet\u0113m lakt\u0101cijas period\u0101.<br>Var satur\u0113t piena (ieskaitot laktozi), sojas, zemesriekstu, citu koku riekstu, sezama s\u0113klu, glut\u0113nu saturo\u0161u graudaugu, olu, v\u0113\u017eveid\u012bgo, zivju, citu koku riekstu, sezama s\u0113klu, glut\u0113nu saturo\u0161u graudaugu, olu, v\u0113\u017eveid\u012bgo, zivju atliekas.<\/p>\n\n\n\n<p><strong>Sast\u0101vda\u013cas<\/strong><br>magnija bisglicin\u0101ts, mikrokrist\u0101lisk\u0101 celuloze, liellopu \u017eelat\u012bns, att\u012br\u012bts \u016bdens<\/p>\n\n\n\n<p><strong>P\u0101rtikas apstr\u0101des sertifik\u0101ts:\u00a0<\/strong>69MTSPA-667<\/p>","protected":false},"excerpt":{"rendered":"<p data-start=\"0\" data-end=\"430\"><strong data-start=\"16\" data-end=\"57\">VitalHarmony - magnija bisglicin\u0101ts:<\/strong>\u00a0hel\u0101tu veid\u0101, kas satur magniju. <strong data-start=\"116\" data-end=\"160\">labi uzs\u016bcas un ir viegls gremo\u0161anai<\/strong>, pal\u012bdz uztur\u0113t norm\u0101lu musku\u013cu un nervu sist\u0113mas darb\u012bbu un mazina nogurumu. \u0112rti doz\u0113ts kapsul\u0101s, bez liek\u0101m piedev\u0101m. \u012ass zin\u0101tniskais apraksts: magnija bisglicin\u0101ts ir magnija un aminosk\u0101bes glic\u012bna savienojums, kas paz\u012bstams ar labu biopieejam\u012bbu.<\/p>\n<p data-start=\"432\" data-end=\"700\"><strong data-start=\"432\" data-end=\"455\">K\u0101p\u0113c izv\u0113l\u0113ties<\/strong><br data-start=\"455\" data-end=\"458\" \/>\u2714\ufe0f Magnija hel\u0101ta forma (bisglicin\u0101ts), labi uzs\u016bcas.<br data-start=\"518\" data-end=\"521\" \/>\u2714\ufe0f Saudz\u0113 gremo\u0161anas sist\u0113mu, piem\u0113rots ikdienas lieto\u0161anai.<br data-start=\"579\" data-end=\"582\" \/>\u2714\ufe0f \u0112rtas kapsulas, viegli piel\u0101gojamas ikdienas gait\u0101m.<br data-start=\"636\" data-end=\"639\" \/>\u2714\ufe0f Pal\u012bdz uztur\u0113t norm\u0101lu musku\u013cu un nervu sist\u0113mas darb\u012bbu.<\/p>","protected":false},"featured_media":41645,"comment_status":"open","ping_status":"closed","template":"","meta":{"_acf_changed":true},"product_brand":[461],"product_cat":[123,272,253,252,271,256,258,269],"product_tag":[],"class_list":{"0":"post-41685","1":"product","2":"type-product","3":"status-publish","4":"has-post-thumbnail","6":"product_brand-vitalharmony","7":"product_cat-papildai-ilgaamziskumui","8":"product_cat-emocine-pusiausvyra","9":"product_cat-imuniteto-palaikymas","10":"product_cat-imunitetui","11":"product_cat-miego-kokybe","12":"product_cat-smegenims-ir-atminciai","13":"product_cat-smegenu-apsauga","14":"product_cat-stresui-ir-miegui","16":"first","17":"instock","18":"shipping-taxable","19":"purchasable","20":"product-type-simple"},"acf":[],"tiered_pricing_type":"fixed","tiered_pricing_fixed_rules":[],"tiered_pricing_product_settings":{"layout":"default","base_unit_name":{"singular":null,"plural":null},"default_variation":null},"tiered_pricing_minimum_quantity":null,"tiered_pricing_roles_data":[],"tiered_pricing_percentage_rules":[],"_links":{"self":[{"href":"https:\/\/purama.lt\/lv\/wp-json\/wp\/v2\/product\/41685","targetHints":{"allow":["GET"]}}],"collection":[{"href":"https:\/\/purama.lt\/lv\/wp-json\/wp\/v2\/product"}],"about":[{"href":"https:\/\/purama.lt\/lv\/wp-json\/wp\/v2\/types\/product"}],"replies":[{"embeddable":true,"href":"https:\/\/purama.lt\/lv\/wp-json\/wp\/v2\/comments?post=41685"}],"wp:featuredmedia":[{"embeddable":true,"href":"https:\/\/purama.lt\/lv\/wp-json\/wp\/v2\/media\/41645"}],"wp:attachment":[{"href":"https:\/\/purama.lt\/lv\/wp-json\/wp\/v2\/media?parent=41685"}],"wp:term":[{"taxonomy":"product_brand","embeddable":true,"href":"https:\/\/purama.lt\/lv\/wp-json\/wp\/v2\/product_brand?post=41685"},{"taxonomy":"product_cat","embeddable":true,"href":"https:\/\/purama.lt\/lv\/wp-json\/wp\/v2\/product_cat?post=41685"},{"taxonomy":"product_tag","embeddable":true,"href":"https:\/\/purama.lt\/lv\/wp-json\/wp\/v2\/product_tag?post=41685"}],"curies":[{"name":"wp","href":"https:\/\/api.w.org\/{rel}","templated":true}]}}