{"id":41679,"date":"2025-10-31T09:37:24","date_gmt":"2025-10-31T07:37:24","guid":{"rendered":"https:\/\/purama.lt\/produktas\/northern-tea-pipirmeciu-gurmaniska-arbata-ant-pagaliuko\/"},"modified":"2026-04-13T16:42:03","modified_gmt":"2026-04-13T14:42:03","slug":"ziemelu-teja-piparmetru-gardezu-teja-uz-kocina","status":"publish","type":"product","link":"https:\/\/purama.lt\/lv\/produktas\/northern-tea-pipirmeciu-gurmaniska-arbata-ant-pagaliuko\/","title":{"rendered":"Northern Tea Piparm\u0113tru gard\u0113\u017eu t\u0113ja uz koci\u0146a"},"content":{"rendered":"<p><strong>Izmanto\u0161ana<\/strong><br>Ielejiet t\u0113jkaroti karst\u0101 vai aukst\u0101 \u016bden\u012b un maisiet, l\u012bdz piln\u012bb\u0101 iz\u0161\u0137\u012bst, p\u0113c tam baudiet.<br>To var dzert bez piedev\u0101m vai ar sald\u0113jumu p\u0113c gar\u0161as.<br>Iev\u0113rojiet uz iepakojuma nor\u0101d\u012bjumus.<\/p>\n\n\n\n<p><strong>Sast\u0101vda\u013cas<\/strong><br>piparm\u0113tru, stabiliz\u0113jo\u0161a augu izcelsmes gumija<\/p>","protected":false},"excerpt":{"rendered":"<p data-start=\"0\" data-end=\"379\"><strong data-start=\"16\" data-end=\"48\">Tea-Pop - Piparm\u0113tru t\u0113ja-Pop<\/strong>: svaiga piparm\u0113tru z\u0101\u013cu t\u0113ja uz koci\u0146a, kristaliz\u0113ta un <strong data-start=\"141\" data-end=\"196\">piln\u012bgi \u0161\u0137\u012bst karst\u0101 vai aukst\u0101 \u016bden\u012b<\/strong>. Bez cukura, bez m\u0101ksl\u012bg\u0101m kr\u0101sviel\u0101m un konservantiem, veg\u0101ns - \u0113rti, t\u012bri un gar\u0161\u012bgi m\u0101j\u0101s vai ce\u013c\u0101. Piparm\u0113tra dabiski nesatur kofe\u012bnu un sniedz pat\u012bkamu atv\u0113sino\u0161u saj\u016btu.<\/p>\n<p data-start=\"381\" data-end=\"692\"><strong data-start=\"381\" data-end=\"404\">K\u0101p\u0113c izv\u0113l\u0113ties<\/strong><br data-start=\"404\" data-end=\"407\" \/>\u2714\ufe0f Iz\u0161\u0137\u012bst karst\u0101 vai aukst\u0101 \u016bden\u012b, bez cietviel\u0101m.<br data-start=\"461\" data-end=\"464\" \/>\u2714\ufe0f Bez cukura, bez m\u0101ksl\u012bg\u0101m kr\u0101sviel\u0101m, konservantiem un aromatiz\u0113t\u0101jiem.<br data-start=\"536\" data-end=\"539\" \/>\u2714\ufe0f Bezkofe\u012bna - piem\u0113rots jebkur\u0101 diennakts laik\u0101<br data-start=\"582\" data-end=\"585\" \/>\u2714\ufe0f Vienreizlietojam\u0101 n\u016bji\u0146a - \u0113rta gan ce\u013c\u0101, gan biroj\u0101<br data-start=\"632\" data-end=\"635\" \/>\u2714\ufe0f Veg\u0101ns; ra\u017eots vid\u0113, kur\u0101 nav riekstu<\/p>","protected":false},"featured_media":41713,"comment_status":"open","ping_status":"closed","template":"","meta":{"_acf_changed":false},"product_brand":[446],"product_cat":[398,57,60],"product_tag":[],"class_list":{"0":"post-41679","1":"product","2":"type-product","3":"status-publish","4":"has-post-thumbnail","6":"product_brand-northern-tea","7":"product_cat-arbata","8":"product_cat-akcijos","9":"product_cat-mitybai","11":"first","12":"instock","13":"sale","14":"shipping-taxable","15":"purchasable","16":"product-type-simple"},"acf":[],"tiered_pricing_type":"fixed","tiered_pricing_fixed_rules":[],"tiered_pricing_product_settings":{"layout":"default","base_unit_name":{"singular":null,"plural":null},"default_variation":null},"tiered_pricing_minimum_quantity":null,"tiered_pricing_roles_data":[],"tiered_pricing_percentage_rules":[],"_links":{"self":[{"href":"https:\/\/purama.lt\/lv\/wp-json\/wp\/v2\/product\/41679","targetHints":{"allow":["GET"]}}],"collection":[{"href":"https:\/\/purama.lt\/lv\/wp-json\/wp\/v2\/product"}],"about":[{"href":"https:\/\/purama.lt\/lv\/wp-json\/wp\/v2\/types\/product"}],"replies":[{"embeddable":true,"href":"https:\/\/purama.lt\/lv\/wp-json\/wp\/v2\/comments?post=41679"}],"wp:featuredmedia":[{"embeddable":true,"href":"https:\/\/purama.lt\/lv\/wp-json\/wp\/v2\/media\/41713"}],"wp:attachment":[{"href":"https:\/\/purama.lt\/lv\/wp-json\/wp\/v2\/media?parent=41679"}],"wp:term":[{"taxonomy":"product_brand","embeddable":true,"href":"https:\/\/purama.lt\/lv\/wp-json\/wp\/v2\/product_brand?post=41679"},{"taxonomy":"product_cat","embeddable":true,"href":"https:\/\/purama.lt\/lv\/wp-json\/wp\/v2\/product_cat?post=41679"},{"taxonomy":"product_tag","embeddable":true,"href":"https:\/\/purama.lt\/lv\/wp-json\/wp\/v2\/product_tag?post=41679"}],"curies":[{"name":"wp","href":"https:\/\/api.w.org\/{rel}","templated":true}]}}