{"id":41677,"date":"2025-10-31T09:37:23","date_gmt":"2025-10-31T07:37:23","guid":{"rendered":"https:\/\/purama.lt\/produktas\/northern-tea-gurmaniskos-ivairiu-skoniu-arbatos-ledinukai\/"},"modified":"2026-01-08T13:26:43","modified_gmt":"2026-01-08T11:26:43","slug":"ziemelu-tejas-gardezu-ledus-tejas-konfektes-ar-dazadiem-aromatiem","status":"publish","type":"product","link":"https:\/\/purama.lt\/lv\/produktas\/northern-tea-gurmaniskos-ivairiu-skoniu-arbatos-ledinukai\/","title":{"rendered":"Northern Tea Gourmet da\u017e\u0101du gar\u0161u ledus konfektes"},"content":{"rendered":"<p><strong>Izmanto\u0161ana<\/strong><br>Ielejiet t\u0113jkaroti karst\u0101 vai aukst\u0101 \u016bden\u012b un maisiet, l\u012bdz piln\u012bb\u0101 iz\u0161\u0137\u012bst, p\u0113c tam baudiet.<br>J\u016bs varat piel\u0101got gar\u0161u atbilsto\u0161i savam garast\u0101voklim: piparm\u0113tru bez kofe\u012bna, matcha bez kofe\u012bna, matcha ar dab\u012bgo kofe\u012bnu.<br>Iev\u0113rojiet uz iepakojuma nor\u0101d\u012bjumus.<\/p>\n\n\n\n<p><strong>Sast\u0101vda\u013cas<\/strong><br>dab\u012bgi t\u0113jas, aug\u013cu, augu un gar\u0161augu ekstrakti (atkar\u012bb\u0101 no mais\u012bjuma), stabiliz\u0113jo\u0161a augu izcelsmes sve\u0137i.<\/p>\n\n\n\n<p><\/p>","protected":false},"excerpt":{"rendered":"<p data-start=\"0\" data-end=\"554\"><strong data-start=\"16\" data-end=\"83\">Tea-Pop - JAUNUMS! Ziemas sasildo\u0161\u0101s t\u0113jas-Pop koktei\u013ci, 6 gar\u0161\u012bgi mais\u012bjumi<\/strong>: ziemas gar\u0161u kolekcija, kur\u0101 ietilpst <strong data-start=\"152\" data-end=\"233\">Citronu ingvers, me\u017ea ogu pun\u0161s, piparm\u0113tra, \u0101bolu ogas, Matcha un detoksik\u0113jo\u0161\u0101s n\u0101tres<\/strong>. Kristaliz\u0113t\u0101 t\u0113ja uz koci\u0146a piln\u012bb\u0101 iz\u0161\u0137\u012bst karst\u0101 vai aukst\u0101 \u016bden\u012b - bez vircas, bez maisi\u0146iem, t\u012bra un \u0113rta. <strong data-start=\"362\" data-end=\"436\">Bez pievienot\u0101 cukura, bez m\u0101ksl\u012bg\u0101m kr\u0101sviel\u0101m un konservantiem, veg\u0101ns.<\/strong>, lieliski piem\u0113rots d\u0101van\u0101m, birojam vai ce\u013co\u0161anai. T\u0113ju pamat\u0101 ir dab\u012bgi t\u0113ju, aug\u013cu un gar\u0161augu ekstrakti.<\/p>\n<p data-start=\"556\" data-end=\"840\"><strong data-start=\"556\" data-end=\"579\">K\u0101p\u0113c izv\u0113l\u0113ties<\/strong><br data-start=\"579\" data-end=\"582\" \/>\u2714\ufe0f Iz\u0161\u0137\u012bst karst\u0101 vai aukst\u0101 \u016bden\u012b - bez cietviel\u0101m<br data-start=\"637\" data-end=\"640\" \/>\u2714\ufe0f 6 popul\u0101ras ziemas gar\u0161as vien\u0101 iepakojum\u0101<br data-start=\"688\" data-end=\"691\" \/>\u2714\ufe0f Nesatur cukuru, m\u0101ksl\u012bg\u0101s kr\u0101svielas un konservantus.<br data-start=\"742\" data-end=\"745\" data-is-only-node=\"\" \/>\u2714\ufe0f Veg\u0101ns; piem\u0113rots d\u0101van\u0101m un degust\u0101cij\u0101m<br data-start=\"790\" data-end=\"793\" \/>\u2714\ufe0f Vienreizlietojam\u0101 n\u016bji\u0146a - \u0113rti lietojama jebkur\u0101 viet\u0101<\/p>","protected":false},"featured_media":41729,"comment_status":"open","ping_status":"closed","template":"","meta":{"_acf_changed":false},"product_brand":[446],"product_cat":[398,60],"product_tag":[],"class_list":{"0":"post-41677","1":"product","2":"type-product","3":"status-publish","4":"has-post-thumbnail","6":"product_brand-northern-tea","7":"product_cat-arbata","8":"product_cat-mitybai","10":"first","11":"outofstock","12":"shipping-taxable","13":"purchasable","14":"product-type-simple"},"acf":[],"tiered_pricing_type":"fixed","tiered_pricing_fixed_rules":[],"tiered_pricing_product_settings":{"layout":"default","base_unit_name":{"singular":null,"plural":null},"default_variation":null},"tiered_pricing_minimum_quantity":null,"tiered_pricing_roles_data":[],"tiered_pricing_percentage_rules":[],"_links":{"self":[{"href":"https:\/\/purama.lt\/lv\/wp-json\/wp\/v2\/product\/41677","targetHints":{"allow":["GET"]}}],"collection":[{"href":"https:\/\/purama.lt\/lv\/wp-json\/wp\/v2\/product"}],"about":[{"href":"https:\/\/purama.lt\/lv\/wp-json\/wp\/v2\/types\/product"}],"replies":[{"embeddable":true,"href":"https:\/\/purama.lt\/lv\/wp-json\/wp\/v2\/comments?post=41677"}],"wp:featuredmedia":[{"embeddable":true,"href":"https:\/\/purama.lt\/lv\/wp-json\/wp\/v2\/media\/41729"}],"wp:attachment":[{"href":"https:\/\/purama.lt\/lv\/wp-json\/wp\/v2\/media?parent=41677"}],"wp:term":[{"taxonomy":"product_brand","embeddable":true,"href":"https:\/\/purama.lt\/lv\/wp-json\/wp\/v2\/product_brand?post=41677"},{"taxonomy":"product_cat","embeddable":true,"href":"https:\/\/purama.lt\/lv\/wp-json\/wp\/v2\/product_cat?post=41677"},{"taxonomy":"product_tag","embeddable":true,"href":"https:\/\/purama.lt\/lv\/wp-json\/wp\/v2\/product_tag?post=41677"}],"curies":[{"name":"wp","href":"https:\/\/api.w.org\/{rel}","templated":true}]}}