{"id":41673,"date":"2025-10-31T09:37:20","date_gmt":"2025-10-31T07:37:20","guid":{"rendered":"https:\/\/purama.lt\/produktas\/northern-tea-zoleliu-ir-vaisiu-arbata-ant-pagaliuko\/"},"modified":"2026-04-13T16:43:41","modified_gmt":"2026-04-13T14:43:41","slug":"ziemelu-tejas-zalu-un-auglu-teja-uz-kocina","status":"publish","type":"product","link":"https:\/\/purama.lt\/lv\/produktas\/northern-tea-zoleliu-ir-vaisiu-arbata-ant-pagaliuko\/","title":{"rendered":"Northern Tea Z\u0101\u013cu un aug\u013cu t\u0113ja uz koci\u0146a"},"content":{"rendered":"<p><strong>Izmanto\u0161ana<\/strong><br>Ievietojiet n\u016bji\u0146u karst\u0101 vai aukst\u0101 \u016bden\u012b un maisiet, l\u012bdz t\u0101 piln\u012bb\u0101 iz\u0161\u0137\u012bst.<br>Atkar\u012bb\u0101 no \u016bdens daudzuma regul\u0113jiet gar\u0161as intensit\u0101ti.<br>Iev\u0113rojiet uz iepakojuma nor\u0101d\u012bjumus.<\/p>\n\n\n\n<p><strong>Sast\u0101vda\u013cas<\/strong><br>dab\u012bgi t\u0113jas, aug\u013cu, augu un gar\u0161augu ekstrakti (atkar\u012bb\u0101 no mais\u012bjuma), stabiliz\u0113jo\u0161a augu izcelsmes sve\u0137i.<\/p>","protected":false},"excerpt":{"rendered":"<p data-start=\"0\" data-end=\"632\"><strong data-start=\"16\" data-end=\"90\">Tea-Pop - Z\u0101\u013cu un aug\u013cu t\u0113ja uz koci\u0146a, 100% Dab\u012bga kristaliz\u0113ta t\u0113ja<\/strong> izsmalcin\u0101tu kristaliz\u0113tas t\u0113jas komplektu uz koci\u0146a d\u0101van\u0101m vai degust\u0101cij\u0101m. Piln\u012bb\u0101 iz\u0161\u0137\u012bdin\u0101ta karst\u0101 vai aukst\u0101 \u016bden\u012b - bez putek\u013ciem un maisi\u0146iem. Bez pievienot\u0101 cukura, augu izcelsmes, veg\u0101ns. Gar\u0161as virzienu izv\u0113le: <strong data-start=\"336\" data-end=\"354\">Z\u0101\u013cu un aug\u013cu<\/strong> (krauk\u0161\u0137\u012bga karamele, citrons un ingvers, pasifloru pank\u016bts), <strong data-start=\"409\" data-end=\"420\">Classic<\/strong> (ang\u013cu brokastis, Earl Grey, za\u013cais jasm\u012bns), <strong data-start=\"468\" data-end=\"485\">Ziemas silt\u0101ks<\/strong> (Me\u017ea ogu pun\u0161s, citronu ingvers, piparm\u0113tra, britu gard\u0113\u017eu t\u0113ja). T\u0113jas krist\u0101li ir izgatavoti no dab\u012bgiem t\u0113ju, aug\u013cu un gar\u0161augu ekstraktiem.<\/p>\n<p data-start=\"634\" data-end=\"901\"><strong data-start=\"634\" data-end=\"657\">K\u0101p\u0113c izv\u0113l\u0113ties<\/strong><br data-start=\"657\" data-end=\"660\" \/>\u2714\ufe0f Iz\u0161\u0137\u012bst bez cietviel\u0101m - t\u012brs un \u0113rts<br data-start=\"701\" data-end=\"704\" \/>\u2714\ufe0f 3 kolekcijas un da\u017e\u0101das gar\u0161as vienuviet<br data-start=\"754\" data-end=\"757\" \/>\u2714\ufe0f Bez pievienot\u0101 cukura, d\u0101rze\u0146u, veg\u0101ns<br data-start=\"810\" data-end=\"813\" data-is-only-node=\"\" \/>\u2714\ufe0f Nesatur lipekli un piena produktus; halal saska\u0146\u0101 ar ra\u017eot\u0101ja eti\u0137eti.<br data-start=\"866\" data-end=\"869\" \/>\u2714\ufe0f Lieliska ideja d\u0101vanai vai birojam<\/p>","protected":false},"featured_media":41728,"comment_status":"open","ping_status":"closed","template":"","meta":{"_acf_changed":true},"product_brand":[446],"product_cat":[398,57,60],"product_tag":[],"class_list":{"0":"post-41673","1":"product","2":"type-product","3":"status-publish","4":"has-post-thumbnail","6":"product_brand-northern-tea","7":"product_cat-arbata","8":"product_cat-akcijos","9":"product_cat-mitybai","11":"first","12":"instock","13":"sale","14":"shipping-taxable","15":"purchasable","16":"product-type-simple"},"acf":[],"tiered_pricing_type":"fixed","tiered_pricing_fixed_rules":[],"tiered_pricing_product_settings":{"layout":"default","base_unit_name":{"singular":null,"plural":null},"default_variation":null},"tiered_pricing_minimum_quantity":null,"tiered_pricing_roles_data":[],"tiered_pricing_percentage_rules":[],"_links":{"self":[{"href":"https:\/\/purama.lt\/lv\/wp-json\/wp\/v2\/product\/41673","targetHints":{"allow":["GET"]}}],"collection":[{"href":"https:\/\/purama.lt\/lv\/wp-json\/wp\/v2\/product"}],"about":[{"href":"https:\/\/purama.lt\/lv\/wp-json\/wp\/v2\/types\/product"}],"replies":[{"embeddable":true,"href":"https:\/\/purama.lt\/lv\/wp-json\/wp\/v2\/comments?post=41673"}],"wp:featuredmedia":[{"embeddable":true,"href":"https:\/\/purama.lt\/lv\/wp-json\/wp\/v2\/media\/41728"}],"wp:attachment":[{"href":"https:\/\/purama.lt\/lv\/wp-json\/wp\/v2\/media?parent=41673"}],"wp:term":[{"taxonomy":"product_brand","embeddable":true,"href":"https:\/\/purama.lt\/lv\/wp-json\/wp\/v2\/product_brand?post=41673"},{"taxonomy":"product_cat","embeddable":true,"href":"https:\/\/purama.lt\/lv\/wp-json\/wp\/v2\/product_cat?post=41673"},{"taxonomy":"product_tag","embeddable":true,"href":"https:\/\/purama.lt\/lv\/wp-json\/wp\/v2\/product_tag?post=41673"}],"curies":[{"name":"wp","href":"https:\/\/api.w.org\/{rel}","templated":true}]}}