{"id":41669,"date":"2025-10-31T09:37:17","date_gmt":"2025-10-31T07:37:17","guid":{"rendered":"https:\/\/purama.lt\/produktas\/northern-tea-ivairiu-misko-uogu-gurmaniska-arbata-ant-pagaliuko\/"},"modified":"2026-04-25T08:14:09","modified_gmt":"2026-04-25T06:14:09","slug":"ziemelu-tejas-gardezu-teja-uz-kocina-ar-dazadam-meza-ogam","status":"publish","type":"product","link":"https:\/\/purama.lt\/lv\/produktas\/northern-tea-ivairiu-misko-uogu-gurmaniska-arbata-ant-pagaliuko\/","title":{"rendered":"Zieme\u013cu t\u0113ja Gard\u0113\u017eu t\u0113ja uz koci\u0146a ar da\u017e\u0101d\u0101m me\u017ea og\u0101m"},"content":{"rendered":"<p><strong>Izmanto\u0161ana<\/strong><br>Iegremd\u0113jiet n\u016bji\u0146u karst\u0101 \u016bden\u012b (apm\u0113ram 200-250 ml) un maisiet, l\u012bdz t\u0101 piln\u012bb\u0101 iz\u0161\u0137\u012bst. Var pagatavot ar\u012b aukst\u0101 \u016bden\u012b, jo t\u0101 iz\u0161\u0137\u012bd\u012bs l\u0113n\u0101k. Iev\u0113rojiet iepakojuma nor\u0101d\u012bjumus. <\/p>\n\n\n\n<p><strong>Sast\u0101vda\u013cas<\/strong><br>hibiskus, \u0101bolu gabali\u0146i, me\u017eroz\u012b\u0161u aug\u013ci, liofiliz\u0113tas avenes, stabiliz\u0113jo\u0161a augu izcelsmes sve\u0137i.<\/p>\n\n\n\n<p><\/p>","protected":false},"excerpt":{"rendered":"<p data-start=\"0\" data-end=\"576\"><strong data-start=\"16\" data-end=\"85\">Tea-Pop - Wildberry Punch Gard\u0113\u017eu t\u0113ja uz koci\u0146a (20x koci\u0146u papl\u0101te)<\/strong> - Aug\u013cu, atsvaidzino\u0161a \u201et\u0113ja uz koci\u0146a\u201c, kas viegli iz\u0161\u0137\u012bst karst\u0101 \u016bden\u012b, lai ieg\u016btu t\u012bru dz\u0113rienu bez lapi\u0146\u0101m. \u0112rti lietot m\u0101j\u0101s, darb\u0101 vai ce\u013c\u0101, un katra n\u016bji\u0146a ir atsevi\u0161\u0137i iesai\u0146ota - lieliska ideja d\u0101vanai. <strong data-start=\"312\" data-end=\"383\">Izgatavots no dab\u012bg\u0101m t\u0113j\u0101m, aug\u013cu, augu un gar\u0161augu ekstraktiem.<\/strong>, \u0160\u0137\u012bst karst\u0101 un aukst\u0101 \u016bden\u012b. Aug\u013cu t\u0113ju (hibiskusu, me\u017eroz\u012b\u0161u) pamat\u0101 pla\u0161i izmanto, lai ieg\u016btu gardu, dabiski sk\u0101b\u0101ku gar\u0161u. <br data-start=\"601\" data-end=\"604\" \/>\u2714\ufe0f \u0112rti: nav t\u0113jas lapu, nav nogul\u0161\u0146u - vienk\u0101r\u0161i pievienojiet un samaisiet.<br data-start=\"784\" data-end=\"787\" data-is-only-node=\"\" \/>\u2714\ufe0f 100 % Dab\u012bgi augu un aug\u013cu ekstrakti.<br data-start=\"871\" data-end=\"874\" \/>\u2714\ufe0f Katra n\u016bji\u0146a ir iesai\u0146ota atsevi\u0161\u0137i - higi\u0113niski un \u0113rti d\u0101vin\u0101\u0161anai.<\/p>","protected":false},"featured_media":41710,"comment_status":"open","ping_status":"closed","template":"","meta":{"_acf_changed":false},"product_brand":[446],"product_cat":[398,57,60],"product_tag":[],"class_list":{"0":"post-41669","1":"product","2":"type-product","3":"status-publish","4":"has-post-thumbnail","6":"product_brand-northern-tea","7":"product_cat-arbata","8":"product_cat-akcijos","9":"product_cat-mitybai","11":"first","12":"instock","13":"sale","14":"shipping-taxable","15":"purchasable","16":"product-type-simple"},"acf":[],"tiered_pricing_type":"fixed","tiered_pricing_fixed_rules":[],"tiered_pricing_product_settings":{"layout":"default","base_unit_name":{"singular":null,"plural":null},"default_variation":null},"tiered_pricing_minimum_quantity":null,"tiered_pricing_roles_data":[],"tiered_pricing_percentage_rules":[],"_links":{"self":[{"href":"https:\/\/purama.lt\/lv\/wp-json\/wp\/v2\/product\/41669","targetHints":{"allow":["GET"]}}],"collection":[{"href":"https:\/\/purama.lt\/lv\/wp-json\/wp\/v2\/product"}],"about":[{"href":"https:\/\/purama.lt\/lv\/wp-json\/wp\/v2\/types\/product"}],"replies":[{"embeddable":true,"href":"https:\/\/purama.lt\/lv\/wp-json\/wp\/v2\/comments?post=41669"}],"wp:featuredmedia":[{"embeddable":true,"href":"https:\/\/purama.lt\/lv\/wp-json\/wp\/v2\/media\/41710"}],"wp:attachment":[{"href":"https:\/\/purama.lt\/lv\/wp-json\/wp\/v2\/media?parent=41669"}],"wp:term":[{"taxonomy":"product_brand","embeddable":true,"href":"https:\/\/purama.lt\/lv\/wp-json\/wp\/v2\/product_brand?post=41669"},{"taxonomy":"product_cat","embeddable":true,"href":"https:\/\/purama.lt\/lv\/wp-json\/wp\/v2\/product_cat?post=41669"},{"taxonomy":"product_tag","embeddable":true,"href":"https:\/\/purama.lt\/lv\/wp-json\/wp\/v2\/product_tag?post=41669"}],"curies":[{"name":"wp","href":"https:\/\/api.w.org\/{rel}","templated":true}]}}