{"id":41666,"date":"2025-10-31T09:37:15","date_gmt":"2025-10-31T07:37:15","guid":{"rendered":"https:\/\/purama.lt\/produktas\/northern-tea-obuoliu-ir-uogu-arbatos-ledinukas\/"},"modified":"2026-04-13T16:44:54","modified_gmt":"2026-04-13T14:44:54","slug":"ziemelu-tejas-abolu-un-ogu-tejas-lollipop","status":"publish","type":"product","link":"https:\/\/purama.lt\/lv\/produktas\/northern-tea-obuoliu-ir-uogu-arbatos-ledinukas\/","title":{"rendered":"Zieme\u013cu t\u0113ja \u0100bolu un ogu t\u0113jas konfekte"},"content":{"rendered":"<p><strong>Izmanto\u0161ana<\/strong><br>Ievietojiet vienu kubi\u0146u ~200-250 ml karsta \u016bdens un maisiet, l\u012bdz iz\u0161\u0137\u012bst. Var pagatavot ar\u012b aukst\u0101 \u016bden\u012b - iz\u0161\u0137\u012bd\u012bs l\u0113n\u0101k. Iev\u0113rojiet uz iepakojuma nor\u0101d\u012bjumus.<\/p>\n\n\n\n<p><strong>Sast\u0101vda\u013cas<\/strong><br>\u0101bolu ekstrakts, hibiskus, ogu ekstrakti, augu ekstrakti<\/p>","protected":false},"excerpt":{"rendered":"<p data-start=\"0\" data-end=\"450\"><strong data-start=\"16\" data-end=\"87\">Tea-Pop - \u0100bolu \u0101boli\u0146u \u0101tr\u0101 br\u016bv\u0113\u0161ana, aug\u013cu gar\u0161augu mais\u012bjums (bez kofe\u012bna)<\/strong> - aug\u013cu, svaiga, \u0101tri \u0161\u0137\u012bsto\u0161a z\u0101\u013cu t\u0113ja bez kofe\u012bna. <strong data-start=\"154\" data-end=\"176\">kubi caurul\u0113<\/strong>. Vienk\u0101r\u0161i iemetiet kubi\u0146u \u016bden\u012b un samaisiet - bez maisi\u0146iem un nogulsn\u0113m. Katra t\u016bbi\u0146a ir paredz\u0113ta \u0113rtai ikdienas lieto\u0161anai vai k\u0101 d\u0101vana. <strong data-start=\"321\" data-end=\"375\">Izgatavots no dab\u012bgiem aug\u013cu un augu ekstraktiem<\/strong>, Ar \u0101bolu, hibiska un ogu not\u012bm, piem\u0113rots karstiem vai aukstiem dz\u0113rieniem.<\/p>\n<p data-start=\"452\" data-end=\"775\"><strong data-start=\"452\" data-end=\"475\">K\u0101p\u0113c izv\u0113l\u0113ties<\/strong><br data-start=\"475\" data-end=\"478\" \/>\u2714\ufe0f Quick Brew kubi\u0146i: iz\u0161\u0137\u012bst turpat tas\u012bt\u0113, bez maisi\u0146a.<br data-start=\"543\" data-end=\"546\" \/>\u2714\ufe0f Bez kofe\u012bna, bez m\u0101ksl\u012bgiem aromatiz\u0113t\u0101jiem un saldin\u0101t\u0101jiem.<br data-start=\"596\" data-end=\"599\" \/>\u2714\ufe0f Atsvaidzino\u0161a, nedaudz salda \u0101bolu un ogu gar\u0161a ar hibiskusu.<br data-start=\"658\" data-end=\"661\" data-is-only-node=\"\" \/>\u2714\ufe0f \u0112rti lietot ce\u013c\u0101 vai biroj\u0101: atsevi\u0161\u0137i iepakoti kubi\u0146i.<br data-start=\"718\" data-end=\"721\" \/>\u2714\ufe0f Piem\u0113rots karstai, aukstai vai ledus t\u0113jai.<\/p>","protected":false},"featured_media":41719,"comment_status":"open","ping_status":"closed","template":"","meta":{"_acf_changed":true},"product_brand":[446],"product_cat":[398,57,60],"product_tag":[],"class_list":{"0":"post-41666","1":"product","2":"type-product","3":"status-publish","4":"has-post-thumbnail","6":"product_brand-northern-tea","7":"product_cat-arbata","8":"product_cat-akcijos","9":"product_cat-mitybai","11":"first","12":"instock","13":"sale","14":"shipping-taxable","15":"purchasable","16":"product-type-simple"},"acf":[],"tiered_pricing_type":"fixed","tiered_pricing_fixed_rules":[],"tiered_pricing_product_settings":{"layout":"default","base_unit_name":{"singular":null,"plural":null},"default_variation":null},"tiered_pricing_minimum_quantity":null,"tiered_pricing_roles_data":[],"tiered_pricing_percentage_rules":[],"_links":{"self":[{"href":"https:\/\/purama.lt\/lv\/wp-json\/wp\/v2\/product\/41666","targetHints":{"allow":["GET"]}}],"collection":[{"href":"https:\/\/purama.lt\/lv\/wp-json\/wp\/v2\/product"}],"about":[{"href":"https:\/\/purama.lt\/lv\/wp-json\/wp\/v2\/types\/product"}],"replies":[{"embeddable":true,"href":"https:\/\/purama.lt\/lv\/wp-json\/wp\/v2\/comments?post=41666"}],"wp:featuredmedia":[{"embeddable":true,"href":"https:\/\/purama.lt\/lv\/wp-json\/wp\/v2\/media\/41719"}],"wp:attachment":[{"href":"https:\/\/purama.lt\/lv\/wp-json\/wp\/v2\/media?parent=41666"}],"wp:term":[{"taxonomy":"product_brand","embeddable":true,"href":"https:\/\/purama.lt\/lv\/wp-json\/wp\/v2\/product_brand?post=41666"},{"taxonomy":"product_cat","embeddable":true,"href":"https:\/\/purama.lt\/lv\/wp-json\/wp\/v2\/product_cat?post=41666"},{"taxonomy":"product_tag","embeddable":true,"href":"https:\/\/purama.lt\/lv\/wp-json\/wp\/v2\/product_tag?post=41666"}],"curies":[{"name":"wp","href":"https:\/\/api.w.org\/{rel}","templated":true}]}}