{"id":41665,"date":"2025-10-31T09:37:14","date_gmt":"2025-10-31T07:37:14","guid":{"rendered":"https:\/\/purama.lt\/produktas\/northern-tea-ramuneliu-arbatos-ledinukas\/"},"modified":"2026-03-23T15:56:52","modified_gmt":"2026-03-23T13:56:52","slug":"ziemelu-tejas-ramulu-tejas-lollipop","status":"publish","type":"product","link":"https:\/\/purama.lt\/lv\/produktas\/northern-tea-ramuneliu-arbatos-ledinukas\/","title":{"rendered":"Zieme\u013cu t\u0113jas kumel\u012b\u0161u t\u0113jas konfekte"},"content":{"rendered":"<p><strong>Izmanto\u0161ana<\/strong><br>Ievietojiet vienu kubi\u0146u ~200-250 ml karsta \u016bdens un maisiet, l\u012bdz iz\u0161\u0137\u012bst. Var pagatavot ar\u012b aukst\u0101 \u016bden\u012b - iz\u0161\u0137\u012bd\u012bs l\u0113n\u0101k. Iev\u0113rojiet uz iepakojuma nor\u0101d\u012bjumus.<\/p>\n\n\n\n<p><strong>Sast\u0101vda\u013cas<\/strong><br>kumel\u012b\u0161u ziedu ekstrakts, augu ekstrakti<\/p>","protected":false},"excerpt":{"rendered":"<p data-start=\"0\" data-end=\"442\"><strong data-start=\"16\" data-end=\"87\">Tea-Pop - Kumel\u012b\u0161u t\u0113ja-Pop, 100% Dab\u012bga \u0101tri pagatavojama gard\u0113\u017eu t\u0113ja<\/strong> - Maiga, bezkofe\u012bna kumel\u012b\u0161u z\u0101\u013cu t\u0113ja <strong data-start=\"134\" data-end=\"178\">\u0101tri k\u016bsto\u0161i kubi\u0146i m\u0113\u0123en\u0113<\/strong>. Iemet kubi\u0146u \u016bden\u012b un samaisa - bez maisi\u0146iem, bez nogulsn\u0113m. Katrs kubi\u0146\u0161 ir atsevi\u0161\u0137i iesai\u0146ots, t\u0101p\u0113c tas ir paroc\u012bgs ce\u013cojum\u0101 vai k\u0101 d\u0101vana. <strong data-start=\"320\" data-end=\"364\">Izgatavots no dab\u012bg\u0101m augu izcelsmes izejviel\u0101m<\/strong>, Viegla ziedu gar\u0161a ar medus nians\u0113m, piem\u0113rots gan karstam, gan aukstam dz\u0113rienam.<\/p>\n<p data-start=\"444\" data-end=\"738\"><strong data-start=\"444\" data-end=\"467\">K\u0101p\u0113c izv\u0113l\u0113ties<\/strong><br data-start=\"467\" data-end=\"470\" \/>\u2714\ufe0f Bez kofe\u012bna - vakaram un jebkur\u0101 diennakts laik\u0101<br data-start=\"524\" data-end=\"527\" \/>\u2714\ufe0f Quick Brew: iz\u0161\u0137\u012bst tie\u0161i tas\u012bt\u0113, bez maisi\u0146a.<br data-start=\"583\" data-end=\"586\" \/>\u2714\ufe0f Maigs kumel\u012b\u0161u arom\u0101ts ar medus piegar\u0161u.<br data-start=\"632\" data-end=\"635\" data-is-only-node=\"\" \/>\u2714\ufe0f 8 atsevi\u0161\u0137i iesai\u0146oti kubi - higi\u0113niski un \u0113rti.<br data-start=\"690\" data-end=\"693\" \/>\u2714\ufe0f Var pagatavot karstu, aukstu vai \u201ece\u013c\u0101\u201c.\u201c<\/p>","protected":false},"featured_media":41709,"comment_status":"open","ping_status":"closed","template":"","meta":{"_acf_changed":true},"product_brand":[446],"product_cat":[398,60],"product_tag":[],"class_list":{"0":"post-41665","1":"product","2":"type-product","3":"status-publish","4":"has-post-thumbnail","6":"product_brand-northern-tea","7":"product_cat-arbata","8":"product_cat-mitybai","10":"first","11":"outofstock","12":"shipping-taxable","13":"purchasable","14":"product-type-simple"},"acf":[],"tiered_pricing_type":"fixed","tiered_pricing_fixed_rules":[],"tiered_pricing_product_settings":{"layout":"default","base_unit_name":{"singular":null,"plural":null},"default_variation":null},"tiered_pricing_minimum_quantity":null,"tiered_pricing_roles_data":[],"tiered_pricing_percentage_rules":[],"_links":{"self":[{"href":"https:\/\/purama.lt\/lv\/wp-json\/wp\/v2\/product\/41665","targetHints":{"allow":["GET"]}}],"collection":[{"href":"https:\/\/purama.lt\/lv\/wp-json\/wp\/v2\/product"}],"about":[{"href":"https:\/\/purama.lt\/lv\/wp-json\/wp\/v2\/types\/product"}],"replies":[{"embeddable":true,"href":"https:\/\/purama.lt\/lv\/wp-json\/wp\/v2\/comments?post=41665"}],"wp:featuredmedia":[{"embeddable":true,"href":"https:\/\/purama.lt\/lv\/wp-json\/wp\/v2\/media\/41709"}],"wp:attachment":[{"href":"https:\/\/purama.lt\/lv\/wp-json\/wp\/v2\/media?parent=41665"}],"wp:term":[{"taxonomy":"product_brand","embeddable":true,"href":"https:\/\/purama.lt\/lv\/wp-json\/wp\/v2\/product_brand?post=41665"},{"taxonomy":"product_cat","embeddable":true,"href":"https:\/\/purama.lt\/lv\/wp-json\/wp\/v2\/product_cat?post=41665"},{"taxonomy":"product_tag","embeddable":true,"href":"https:\/\/purama.lt\/lv\/wp-json\/wp\/v2\/product_tag?post=41665"}],"curies":[{"name":"wp","href":"https:\/\/api.w.org\/{rel}","templated":true}]}}