{"id":41664,"date":"2025-10-31T09:37:14","date_gmt":"2025-10-31T07:37:14","guid":{"rendered":"https:\/\/purama.lt\/produktas\/northern-tea-jazminu-arbatos-ledinukas\/"},"modified":"2026-03-29T00:10:02","modified_gmt":"2026-03-28T22:10:02","slug":"ziemelu-tejas-jasmina-tejas-lollipop","status":"publish","type":"product","link":"https:\/\/purama.lt\/lv\/produktas\/northern-tea-jazminu-arbatos-ledinukas\/","title":{"rendered":"Zieme\u013cu t\u0113jas jasm\u012bnu t\u0113jas lollipop"},"content":{"rendered":"<p><strong>Izmanto\u0161ana<\/strong><br>Ievietojiet vienu kubi\u0146u ~200-250 ml karsta \u016bdens un maisiet, l\u012bdz tas piln\u012bb\u0101 iz\u0161\u0137\u012bst. Var pagatavot ar\u012b aukst\u0101 \u016bden\u012b - iz\u0161\u0137\u012bd\u012bs l\u0113n\u0101k. Iev\u0113rojiet uz iepakojuma nor\u0101d\u012bjumus.<\/p>\n\n\n\n<p><strong>Sast\u0101vda\u013cas<\/strong><br>za\u013c\u0101s t\u0113jas ekstrakts<\/p>\n\n\n\n<p><\/p>\n\n\n\n<p><\/p>\n\n\n\n<p><\/p>","protected":false},"excerpt":{"rendered":"<p data-start=\"0\" data-end=\"401\"><strong data-start=\"16\" data-end=\"82\">Tea-Pop - Jasm\u012bnu t\u0113ja-Pop, 100% Dab\u012bga kristaliz\u0113ta za\u013c\u0101 t\u0113ja<\/strong> - viegls za\u013c\u0101s t\u0113jas dz\u0113riens ar jasm\u012bnu arom\u0101tu. <strong data-start=\"135\" data-end=\"195\">\u0101tri \u0161\u0137\u012bsto\u0161i kristaliz\u0113ti kubi\u0146i m\u0113\u0123en\u0113<\/strong>. Iemet kubi\u0146u \u016bden\u012b un samaisa - bez maisi\u0146iem, bez nogulsn\u0113m. <strong data-start=\"265\" data-end=\"308\">Augu izcelsmes, bez pievienot\u0101 cukura<\/strong>, T\u012bra za\u013c\u0101s t\u0113jas gar\u0161a ar maigu jasm\u012bna piegar\u0161u; \u0113rti lietojama m\u0101j\u0101s, biroj\u0101 vai ce\u013c\u0101.<\/p>\n<p data-start=\"403\" data-end=\"662\"><strong data-start=\"403\" data-end=\"426\">K\u0101p\u0113c izv\u0113l\u0113ties<\/strong><br data-start=\"426\" data-end=\"429\" \/>\u2714\ufe0f Quick Brew kubi\u0146i: iz\u0161\u0137\u012bst turpat tas\u012bt\u0113, bez maisi\u0146a.<br data-start=\"494\" data-end=\"497\" data-is-only-node=\"\" \/>\u2714\ufe0f Klasiska za\u013c\u0101s t\u0113jas gar\u0161a ar smalku jasm\u012bna arom\u0101tu.<br data-start=\"563\" data-end=\"566\" \/>\u2714\ufe0f Augu izcelsmes, bez pievienot\u0101 cukura<br data-start=\"608\" data-end=\"611\" \/>\u2714\ufe0f Atsevi\u0161\u0137i kubi\u0146i t\u016bbi\u0146\u0101 - higi\u0113niski un \u0113rti<\/p>","protected":false},"featured_media":41706,"comment_status":"open","ping_status":"closed","template":"","meta":{"_acf_changed":true},"product_brand":[446],"product_cat":[398,60,500],"product_tag":[],"class_list":{"0":"post-41664","1":"product","2":"type-product","3":"status-publish","4":"has-post-thumbnail","6":"product_brand-northern-tea","7":"product_cat-arbata","8":"product_cat-mitybai","9":"product_cat-outlet","11":"first","12":"instock","13":"sale","14":"shipping-taxable","15":"purchasable","16":"product-type-simple"},"acf":[],"tiered_pricing_type":"fixed","tiered_pricing_fixed_rules":[],"tiered_pricing_product_settings":{"layout":"default","base_unit_name":{"singular":null,"plural":null},"default_variation":null},"tiered_pricing_minimum_quantity":null,"tiered_pricing_roles_data":[],"tiered_pricing_percentage_rules":[],"_links":{"self":[{"href":"https:\/\/purama.lt\/lv\/wp-json\/wp\/v2\/product\/41664","targetHints":{"allow":["GET"]}}],"collection":[{"href":"https:\/\/purama.lt\/lv\/wp-json\/wp\/v2\/product"}],"about":[{"href":"https:\/\/purama.lt\/lv\/wp-json\/wp\/v2\/types\/product"}],"replies":[{"embeddable":true,"href":"https:\/\/purama.lt\/lv\/wp-json\/wp\/v2\/comments?post=41664"}],"wp:featuredmedia":[{"embeddable":true,"href":"https:\/\/purama.lt\/lv\/wp-json\/wp\/v2\/media\/41706"}],"wp:attachment":[{"href":"https:\/\/purama.lt\/lv\/wp-json\/wp\/v2\/media?parent=41664"}],"wp:term":[{"taxonomy":"product_brand","embeddable":true,"href":"https:\/\/purama.lt\/lv\/wp-json\/wp\/v2\/product_brand?post=41664"},{"taxonomy":"product_cat","embeddable":true,"href":"https:\/\/purama.lt\/lv\/wp-json\/wp\/v2\/product_cat?post=41664"},{"taxonomy":"product_tag","embeddable":true,"href":"https:\/\/purama.lt\/lv\/wp-json\/wp\/v2\/product_tag?post=41664"}],"curies":[{"name":"wp","href":"https:\/\/api.w.org\/{rel}","templated":true}]}}