{"id":41663,"date":"2025-10-31T09:37:13","date_gmt":"2025-10-31T07:37:13","guid":{"rendered":"https:\/\/purama.lt\/produktas\/northern-tea-pasifloru-arbatos-ledinukas\/"},"modified":"2026-04-16T07:26:27","modified_gmt":"2026-04-16T05:26:27","slug":"ziemelu-tejas-pasifloru-tejas-konfekte","status":"publish","type":"product","link":"https:\/\/purama.lt\/lv\/produktas\/northern-tea-pasifloru-arbatos-ledinukas\/","title":{"rendered":"Northern Tea Passionfruit t\u0113jas konfekte"},"content":{"rendered":"<p><strong>Izmanto\u0161ana<\/strong><br>Ievietojiet vienu kubi\u0146u ~200-250 ml karsta \u016bdens un maisiet, l\u012bdz iz\u0161\u0137\u012bst. Var pagatavot ar\u012b aukst\u0101 \u016bden\u012b - iz\u0161\u0137\u012bd\u012bs l\u0113n\u0101k. Iev\u0113rojiet uz iepakojuma nor\u0101d\u012bjumus.<\/p>\n\n\n\n<p><strong>Sast\u0101vda\u013cas<\/strong><br>pasifloru aug\u013ci, za\u013c\u0101 t\u0113ja, persiki, anan\u0101si, mango gabali\u0146i, apels\u012bnu ziedlapi\u0146as, ro\u017eu ziedlapi\u0146as, stabiliz\u0113jo\u0161a augu izcelsmes sve\u0137i.<\/p>","protected":false},"excerpt":{"rendered":"<p data-start=\"0\" data-end=\"477\"><strong data-start=\"16\" data-end=\"56\">TEA-POP - PassionFruit Punch Tea-Pop<\/strong> tropiski svaigi pasifloru aug\u013ci un <strong data-start=\"87\" data-end=\"108\">za\u013c\u0101 t\u0113ja<\/strong> kombin\u0101cija kristaliz\u0113t\u0101 n\u016bji\u0146\u0101, kas ir piln\u012bb\u0101 iz\u0161\u0137\u012bdin\u0101ta <strong data-start=\"168\" data-end=\"201\">karst\u0101 vai aukst\u0101 \u016bden\u012b<\/strong> - nav t\u0113jas maisi\u0146u un nek\u0101das nek\u0101rt\u012bbas. <strong data-start=\"238\" data-end=\"321\">Bez cukura, bez lipek\u013ca, bez m\u0101ksl\u012bg\u0101m kr\u0101sviel\u0101m, konservantiem un aromatiz\u0113t\u0101jiem.<\/strong>, piem\u0113rots veg\u0101niem, ra\u017eots vid\u0113, kur\u0101 nav riekstu. Za\u013c\u0101 t\u0113ja dabiski satur polifenolus, t\u0101s kofe\u012bns sniedz vieglu uzmundrin\u0101juma saj\u016btu.<\/p>\n<p data-start=\"479\" data-end=\"801\"><strong data-start=\"479\" data-end=\"502\">K\u0101p\u0113c izv\u0113l\u0113ties<\/strong><br data-start=\"502\" data-end=\"505\" \/><strong data-start=\"505\" data-end=\"511\">\u2714\ufe0f<\/strong> Tropu pasifloras aug\u013cu gar\u0161a ar svaigu za\u013co t\u0113ju<br data-start=\"563\" data-end=\"566\" \/><strong data-start=\"566\" data-end=\"572\">\u2714\ufe0f<\/strong> Piln\u012bb\u0101 \u0161\u0137\u012bst karst\u0101 vai aukst\u0101 \u016bden\u012b<br data-start=\"619\" data-end=\"622\" \/><strong data-start=\"622\" data-end=\"628\">\u2714\ufe0f<\/strong> Bez cukura un m\u0101ksl\u012bg\u0101m piedev\u0101m; bez glut\u0113na<br data-start=\"671\" data-end=\"674\" \/><strong data-start=\"674\" data-end=\"680\">\u2714\ufe0f<\/strong> Piem\u0113rots veg\u0101niem; ra\u017eots bez riekstu p\u0113d\u0101m vid\u0113<br data-start=\"735\" data-end=\"738\" \/><strong data-start=\"738\" data-end=\"744\">\u2714\ufe0f<\/strong> Atsevi\u0161\u0137as n\u016bji\u0146as - \u0113rtas darbam, ce\u013co\u0161anai un d\u0101van\u0101m<\/p>","protected":false},"featured_media":41717,"comment_status":"open","ping_status":"closed","template":"","meta":{"_acf_changed":true},"product_brand":[446],"product_cat":[398,57,60],"product_tag":[],"class_list":{"0":"post-41663","1":"product","2":"type-product","3":"status-publish","4":"has-post-thumbnail","6":"product_brand-northern-tea","7":"product_cat-arbata","8":"product_cat-akcijos","9":"product_cat-mitybai","11":"first","12":"instock","13":"sale","14":"shipping-taxable","15":"purchasable","16":"product-type-simple"},"acf":[],"tiered_pricing_type":"fixed","tiered_pricing_fixed_rules":[],"tiered_pricing_product_settings":{"layout":"default","base_unit_name":{"singular":null,"plural":null},"default_variation":null},"tiered_pricing_minimum_quantity":null,"tiered_pricing_roles_data":[],"tiered_pricing_percentage_rules":[],"_links":{"self":[{"href":"https:\/\/purama.lt\/lv\/wp-json\/wp\/v2\/product\/41663","targetHints":{"allow":["GET"]}}],"collection":[{"href":"https:\/\/purama.lt\/lv\/wp-json\/wp\/v2\/product"}],"about":[{"href":"https:\/\/purama.lt\/lv\/wp-json\/wp\/v2\/types\/product"}],"replies":[{"embeddable":true,"href":"https:\/\/purama.lt\/lv\/wp-json\/wp\/v2\/comments?post=41663"}],"wp:featuredmedia":[{"embeddable":true,"href":"https:\/\/purama.lt\/lv\/wp-json\/wp\/v2\/media\/41717"}],"wp:attachment":[{"href":"https:\/\/purama.lt\/lv\/wp-json\/wp\/v2\/media?parent=41663"}],"wp:term":[{"taxonomy":"product_brand","embeddable":true,"href":"https:\/\/purama.lt\/lv\/wp-json\/wp\/v2\/product_brand?post=41663"},{"taxonomy":"product_cat","embeddable":true,"href":"https:\/\/purama.lt\/lv\/wp-json\/wp\/v2\/product_cat?post=41663"},{"taxonomy":"product_tag","embeddable":true,"href":"https:\/\/purama.lt\/lv\/wp-json\/wp\/v2\/product_tag?post=41663"}],"curies":[{"name":"wp","href":"https:\/\/api.w.org\/{rel}","templated":true}]}}