{"id":41660,"date":"2025-10-31T09:37:11","date_gmt":"2025-10-31T07:37:11","guid":{"rendered":"https:\/\/purama.lt\/produktas\/northern-tea-karameles-arbatos-ledinukas\/"},"modified":"2026-04-13T16:44:59","modified_gmt":"2026-04-13T14:44:59","slug":"ziemelu-tejas-karamelu-tejas-lollipop","status":"publish","type":"product","link":"https:\/\/purama.lt\/lv\/produktas\/northern-tea-karameles-arbatos-ledinukas\/","title":{"rendered":"Northern Tea Karame\u013cu t\u0113jas konfekte"},"content":{"rendered":"<p><strong>Izmanto\u0161ana<\/strong><br>Ievietojiet vienu kubi\u0146u ~200-250 ml karsta \u016bdens un maisiet, l\u012bdz iz\u0161\u0137\u012bst. Var pagatavot ar\u012b aukst\u0101 \u016bden\u012b - iz\u0161\u0137\u012bd\u012bs l\u0113n\u0101k. Iev\u0113rojiet uz iepakojuma nor\u0101d\u012bjumus.<\/p>\n\n\n\n<p><strong>Sast\u0101vda\u013cas<\/strong><br>za\u013c\u0101s t\u0113jas ekstrakts, matcha pulveris, augu ekstrakti<\/p>","protected":false},"excerpt":{"rendered":"<p data-start=\"0\" data-end=\"404\"><strong data-start=\"16\" data-end=\"64\">T\u0113ja-Pop - Karame\u013cu t\u0113ja-Pop, \u0101tri pagatavojama t\u0113ja<\/strong> - meln\u0101s t\u0113jas mais\u012bjums ar <strong data-start=\"96\" data-end=\"127\">dab\u012bga karame\u013cu gar\u0161a<\/strong> \u0101tri \u0161\u0137\u012bsto\u0161s, kubi\u0146os sasmalcin\u0101ts produkts t\u016bbi\u0146\u0101 (bez maisi\u0146iem un bez atlikumiem). Vienk\u0101r\u0161i iemetiet kubi\u0146u tas\u012bt\u0113 un samaisiet - \u0113rti m\u0101j\u0101s, biroj\u0101 vai ce\u013c\u0101. L\u012bdzsvarota, nedaudz \u201esviestaina\u201c p\u0113cgar\u0161a pie\u0161\u0137ir... <strong data-start=\"341\" data-end=\"361\">kafejn\u012bcas stil\u0101<\/strong> saldsk\u0101b\u0101 un sk\u0101b\u0101 mirklis bez papildu gr\u016bt\u012bb\u0101m.<\/p>\n<p data-start=\"406\" data-end=\"690\"><strong data-start=\"406\" data-end=\"429\">K\u0101p\u0113c izv\u0113l\u0113ties<\/strong><br data-start=\"429\" data-end=\"432\" \/>\u2714\ufe0f Quick Brew kubi: iz\u0161\u0137\u012bdina tie\u0161i tas\u012bt\u0113 - bez maisi\u0146iem.<br data-start=\"498\" data-end=\"501\" \/>\u2714\ufe0f Meln\u0101s t\u0113jas b\u0101ze ar dab\u012bgu karameles gar\u0161u<br data-start=\"561\" data-end=\"564\" \/>\u2714\ufe0f Atsevi\u0161\u0137i kubi\u0146i t\u016bbi\u0146\u0101 - higi\u0113niski un \u0113rti d\u0101van\u0101m vai ce\u013co\u0161anai.<br data-start=\"635\" data-end=\"638\" data-is-only-node=\"\" \/>\u2714\ufe0f Pat\u012bkama, sabalans\u0113ta gar\u0161a ikdienas ritu\u0101lam.<\/p>","protected":false},"featured_media":41704,"comment_status":"open","ping_status":"closed","template":"","meta":{"_acf_changed":false},"product_brand":[446],"product_cat":[398,57,60],"product_tag":[],"class_list":{"0":"post-41660","1":"product","2":"type-product","3":"status-publish","4":"has-post-thumbnail","6":"product_brand-northern-tea","7":"product_cat-arbata","8":"product_cat-akcijos","9":"product_cat-mitybai","11":"first","12":"instock","13":"sale","14":"shipping-taxable","15":"purchasable","16":"product-type-simple"},"acf":[],"tiered_pricing_type":"fixed","tiered_pricing_fixed_rules":[],"tiered_pricing_product_settings":{"layout":"default","base_unit_name":{"singular":null,"plural":null},"default_variation":null},"tiered_pricing_minimum_quantity":null,"tiered_pricing_roles_data":[],"tiered_pricing_percentage_rules":[],"_links":{"self":[{"href":"https:\/\/purama.lt\/lv\/wp-json\/wp\/v2\/product\/41660","targetHints":{"allow":["GET"]}}],"collection":[{"href":"https:\/\/purama.lt\/lv\/wp-json\/wp\/v2\/product"}],"about":[{"href":"https:\/\/purama.lt\/lv\/wp-json\/wp\/v2\/types\/product"}],"replies":[{"embeddable":true,"href":"https:\/\/purama.lt\/lv\/wp-json\/wp\/v2\/comments?post=41660"}],"wp:featuredmedia":[{"embeddable":true,"href":"https:\/\/purama.lt\/lv\/wp-json\/wp\/v2\/media\/41704"}],"wp:attachment":[{"href":"https:\/\/purama.lt\/lv\/wp-json\/wp\/v2\/media?parent=41660"}],"wp:term":[{"taxonomy":"product_brand","embeddable":true,"href":"https:\/\/purama.lt\/lv\/wp-json\/wp\/v2\/product_brand?post=41660"},{"taxonomy":"product_cat","embeddable":true,"href":"https:\/\/purama.lt\/lv\/wp-json\/wp\/v2\/product_cat?post=41660"},{"taxonomy":"product_tag","embeddable":true,"href":"https:\/\/purama.lt\/lv\/wp-json\/wp\/v2\/product_tag?post=41660"}],"curies":[{"name":"wp","href":"https:\/\/api.w.org\/{rel}","templated":true}]}}